{"id":729,"date":"2023-06-03T15:55:11","date_gmt":"2023-06-03T13:55:11","guid":{"rendered":"https:\/\/new.minipolisz.hu\/?page_id=729"},"modified":"2026-03-31T15:29:37","modified_gmt":"2026-03-31T13:29:37","slug":"nyitvatartas","status":"publish","type":"page","link":"https:\/\/minipolisz.hu\/en\/nyitvatartas\/","title":{"rendered":"Opening hours"},"content":{"rendered":"<div data-elementor-type=\"wp-page\" data-elementor-id=\"729\" class=\"elementor elementor-729\" data-elementor-post-type=\"page\">\n\t\t\t\t\t\t<section class=\"elementor-section elementor-top-section elementor-element elementor-element-9be00b5 elementor-section-boxed elementor-section-height-default elementor-section-height-default\" data-id=\"9be00b5\" data-element_type=\"section\">\n\t\t\t\t\t\t<div class=\"elementor-container elementor-column-gap-default\">\n\t\t\t\t\t<div class=\"elementor-column elementor-col-100 elementor-top-column elementor-element elementor-element-59b742e\" data-id=\"59b742e\" data-element_type=\"column\">\n\t\t\t<div class=\"elementor-widget-wrap elementor-element-populated\">\n\t\t\t\t\t\t<div class=\"elementor-element elementor-element-ede32eb elementor-widget elementor-widget-image\" data-id=\"ede32eb\" data-element_type=\"widget\" data-widget_type=\"image.default\">\n\t\t\t\t<div class=\"elementor-widget-container\">\n\t\t\t\t\t\t\t\t\t\t\t\t\t\t\t<img fetchpriority=\"high\" decoding=\"async\" width=\"800\" height=\"316\" src=\"https:\/\/minipolisz.hu\/wp-content\/uploads\/2026\/02\/ANGOL-MARCH.png\" class=\"attachment-large size-large wp-image-4416\" alt=\"\" srcset=\"https:\/\/minipolisz.hu\/wp-content\/uploads\/2026\/02\/ANGOL-MARCH.png 1067w, https:\/\/minipolisz.hu\/wp-content\/uploads\/2026\/02\/ANGOL-MARCH-700x276.png 700w, https:\/\/minipolisz.hu\/wp-content\/uploads\/2026\/02\/ANGOL-MARCH-1024x403.png 1024w, https:\/\/minipolisz.hu\/wp-content\/uploads\/2026\/02\/ANGOL-MARCH-768x302.png 768w, https:\/\/minipolisz.hu\/wp-content\/uploads\/2026\/02\/ANGOL-MARCH-18x7.png 18w\" sizes=\"(max-width: 800px) 100vw, 800px\" \/>\t\t\t\t\t\t\t\t\t\t\t\t\t\t\t<\/div>\n\t\t\t\t<\/div>\n\t\t\t\t<div class=\"elementor-element elementor-element-52ebde5 elementor-widget elementor-widget-text-editor\" data-id=\"52ebde5\" data-element_type=\"widget\" data-widget_type=\"text-editor.default\">\n\t\t\t\t<div class=\"elementor-widget-container\">\n\t\t\t\t\t\t\t\t\t<p>Large school groups are expected:<\/p><p>*On the 4th, between 1 and 3 PM,<\/p><p>*On the 19th, between 10 AM and 1 PM,<\/p><p>*On the 25th, between 10 AM and 1 PM<\/p>\t\t\t\t\t\t\t\t<\/div>\n\t\t\t\t<\/div>\n\t\t\t\t<div class=\"elementor-element elementor-element-55e8870 elementor-widget elementor-widget-image\" data-id=\"55e8870\" data-element_type=\"widget\" data-widget_type=\"image.default\">\n\t\t\t\t<div class=\"elementor-widget-container\">\n\t\t\t\t\t\t\t\t\t\t\t\t\t\t\t<img decoding=\"async\" width=\"800\" height=\"315\" src=\"https:\/\/minipolisz.hu\/wp-content\/uploads\/2026\/03\/ang-apr.png\" class=\"attachment-large size-large wp-image-4480\" alt=\"\" srcset=\"https:\/\/minipolisz.hu\/wp-content\/uploads\/2026\/03\/ang-apr.png 1078w, https:\/\/minipolisz.hu\/wp-content\/uploads\/2026\/03\/ang-apr-700x273.png 700w, https:\/\/minipolisz.hu\/wp-content\/uploads\/2026\/03\/ang-apr-1024x399.png 1024w, https:\/\/minipolisz.hu\/wp-content\/uploads\/2026\/03\/ang-apr-768x299.png 768w, https:\/\/minipolisz.hu\/wp-content\/uploads\/2026\/03\/ang-apr-18x7.png 18w\" sizes=\"(max-width: 800px) 100vw, 800px\" \/>\t\t\t\t\t\t\t\t\t\t\t\t\t\t\t<\/div>\n\t\t\t\t<\/div>\n\t\t\t\t<div class=\"elementor-element elementor-element-83280c2 elementor-widget elementor-widget-text-editor\" data-id=\"83280c2\" data-element_type=\"widget\" data-widget_type=\"text-editor.default\">\n\t\t\t\t<div class=\"elementor-widget-container\">\n\t\t\t\t\t\t\t\t\t<p>We open on the 1st and 16th at 2 PM.<\/p><p>We will be closed on Easter Sunday and Monday. We will be open on Tuesday the 7th.<\/p><p>We will be open until 4 PM on the 12th<\/p><p>*Large school groups are expected until 1 PM on April 29<\/p>\t\t\t\t\t\t\t\t<\/div>\n\t\t\t\t<\/div>\n\t\t\t\t<div class=\"elementor-element elementor-element-6ef3b18 elementor-widget elementor-widget-text-editor\" data-id=\"6ef3b18\" data-element_type=\"widget\" data-widget_type=\"text-editor.default\">\n\t\t\t\t<div class=\"elementor-widget-container\">\n\t\t\t\t\t\t\t\t\t<p>School group visits require prior reservation here: <a href=\"https:\/\/minipolisz.hu\/en\/csoportfoglalasinaptar\/\">https:\/\/minipolisz.hu\/en\/csoportfoglalasinaptar\/<\/a><\/p>\t\t\t\t\t\t\t\t<\/div>\n\t\t\t\t<\/div>\n\t\t\t\t<div class=\"elementor-element elementor-element-40d2470 elementor-widget elementor-widget-heading\" data-id=\"40d2470\" data-element_type=\"widget\" data-widget_type=\"heading.default\">\n\t\t\t\t<div class=\"elementor-widget-container\">\n\t\t\t\t\t<h3 class=\"elementor-heading-title elementor-size-default\">OUR CURRENT OPENING HOURS CAN BE SEEN IN THE MONTHLY CALENDAR ABOVE.\n<\/h3>\t\t\t\t<\/div>\n\t\t\t\t<\/div>\n\t\t\t\t<div class=\"elementor-element elementor-element-dff6165 elementor-widget elementor-widget-heading\" data-id=\"dff6165\" data-element_type=\"widget\" data-widget_type=\"heading.default\">\n\t\t\t\t<div class=\"elementor-widget-container\">\n\t\t\t\t\t<h3 class=\"elementor-heading-title elementor-size-default\">General opening hours (10:00 - 19:00)<\/h3>\t\t\t\t<\/div>\n\t\t\t\t<\/div>\n\t\t\t\t<div class=\"elementor-element elementor-element-38b1382 elementor-widget elementor-widget-price-list\" data-id=\"38b1382\" data-element_type=\"widget\" data-widget_type=\"price-list.default\">\n\t\t\t\t<div class=\"elementor-widget-container\">\n\t\t\t\t\t\n\t\t<ul class=\"elementor-price-list\">\n\n\t\t\t\t\t\t\t\t\t<li><a class=\"elementor-price-list-item\" href=\"#\">\t\t\t\t\n\t\t\t\t<div class=\"elementor-price-list-text\">\n\t\t\t\t\t\t\t\t\t<div class=\"elementor-price-list-header\">\n\t\t\t\t\t\t\t\t\t\t\t<span class=\"elementor-price-list-title\">\n\t\t\t\t\t\t\tMonday\t\t\t\t\t\t<\/span>\n\t\t\t\t\t\t\t\t\t\t\t\t\t\t\t\t\t\t\t\t\t\t\t\t<span class=\"elementor-price-list-price\">Closed<\/span>\n\t\t\t\t\t\t\t\t\t\t<\/div>\n\t\t\t\t\t\t\t\t\t\t\t\t<\/div>\n\t\t\t\t<\/a><\/li>\t\t\t\t\t\t\t\t\t\t\t\t<li><a class=\"elementor-price-list-item\" href=\"#\">\t\t\t\t\n\t\t\t\t<div class=\"elementor-price-list-text\">\n\t\t\t\t\t\t\t\t\t<div class=\"elementor-price-list-header\">\n\t\t\t\t\t\t\t\t\t\t\t<span class=\"elementor-price-list-title\">\n\t\t\t\t\t\t\tTuesday\t\t\t\t\t\t<\/span>\n\t\t\t\t\t\t\t\t\t\t\t\t\t\t\t\t\t\t\t\t\t\t\t\t<span class=\"elementor-price-list-price\">Closed<\/span>\n\t\t\t\t\t\t\t\t\t\t<\/div>\n\t\t\t\t\t\t\t\t\t\t\t\t<\/div>\n\t\t\t\t<\/a><\/li>\t\t\t\t\t\t\t\t\t\t\t\t<li><a class=\"elementor-price-list-item\" href=\"#\">\t\t\t\t\n\t\t\t\t<div class=\"elementor-price-list-text\">\n\t\t\t\t\t\t\t\t\t<div class=\"elementor-price-list-header\">\n\t\t\t\t\t\t\t\t\t\t\t<span class=\"elementor-price-list-title\">\n\t\t\t\t\t\t\tWednesday\t\t\t\t\t\t<\/span>\n\t\t\t\t\t\t\t\t\t\t\t\t\t\t\t\t\t\t\t\t\t\t\t\t<span class=\"elementor-price-list-price\">Open<\/span>\n\t\t\t\t\t\t\t\t\t\t<\/div>\n\t\t\t\t\t\t\t\t\t\t\t\t<\/div>\n\t\t\t\t<\/a><\/li>\t\t\t\t\t\t\t\t\t\t\t\t<li><a class=\"elementor-price-list-item\" href=\"#\">\t\t\t\t\n\t\t\t\t<div class=\"elementor-price-list-text\">\n\t\t\t\t\t\t\t\t\t<div class=\"elementor-price-list-header\">\n\t\t\t\t\t\t\t\t\t\t\t<span class=\"elementor-price-list-title\">\n\t\t\t\t\t\t\tThursday\t\t\t\t\t\t<\/span>\n\t\t\t\t\t\t\t\t\t\t\t\t\t\t\t\t\t\t\t\t\t\t\t\t<span class=\"elementor-price-list-price\">Open<\/span>\n\t\t\t\t\t\t\t\t\t\t<\/div>\n\t\t\t\t\t\t\t\t\t\t\t\t<\/div>\n\t\t\t\t<\/a><\/li>\t\t\t\t\t\t\t\t\t\t\t\t<li><a class=\"elementor-price-list-item\" href=\"#\">\t\t\t\t\n\t\t\t\t<div class=\"elementor-price-list-text\">\n\t\t\t\t\t\t\t\t\t<div class=\"elementor-price-list-header\">\n\t\t\t\t\t\t\t\t\t\t\t<span class=\"elementor-price-list-title\">\n\t\t\t\t\t\t\tFriday\t\t\t\t\t\t<\/span>\n\t\t\t\t\t\t\t\t\t\t\t\t\t\t\t\t\t\t\t\t\t\t\t\t<span class=\"elementor-price-list-price\">Open<\/span>\n\t\t\t\t\t\t\t\t\t\t<\/div>\n\t\t\t\t\t\t\t\t\t\t\t\t<\/div>\n\t\t\t\t<\/a><\/li>\t\t\t\t\t\t\t\t\t\t\t\t<li><a class=\"elementor-price-list-item\" href=\"#\">\t\t\t\t\n\t\t\t\t<div class=\"elementor-price-list-text\">\n\t\t\t\t\t\t\t\t\t<div class=\"elementor-price-list-header\">\n\t\t\t\t\t\t\t\t\t\t\t<span class=\"elementor-price-list-title\">\n\t\t\t\t\t\t\tSaturday\t\t\t\t\t\t<\/span>\n\t\t\t\t\t\t\t\t\t\t\t\t\t\t\t\t\t\t\t\t\t\t\t\t<span class=\"elementor-price-list-price\">Open<\/span>\n\t\t\t\t\t\t\t\t\t\t<\/div>\n\t\t\t\t\t\t\t\t\t\t\t\t<\/div>\n\t\t\t\t<\/a><\/li>\t\t\t\t\t\t\t\t\t\t\t\t<li><a class=\"elementor-price-list-item\" href=\"#\">\t\t\t\t\n\t\t\t\t<div class=\"elementor-price-list-text\">\n\t\t\t\t\t\t\t\t\t<div class=\"elementor-price-list-header\">\n\t\t\t\t\t\t\t\t\t\t\t<span class=\"elementor-price-list-title\">\n\t\t\t\t\t\t\tSunday\t\t\t\t\t\t<\/span>\n\t\t\t\t\t\t\t\t\t\t\t\t\t\t\t\t\t\t\t\t\t\t\t\t<span class=\"elementor-price-list-price\">Open<\/span>\n\t\t\t\t\t\t\t\t\t\t<\/div>\n\t\t\t\t\t\t\t\t\t\t\t\t<\/div>\n\t\t\t\t<\/a><\/li>\t\t\t\t\t\n\t\t<\/ul>\n\n\t\t\t\t\t\t<\/div>\n\t\t\t\t<\/div>\n\t\t\t\t<div class=\"elementor-element elementor-element-b48f615 elementor-widget elementor-widget-heading\" data-id=\"b48f615\" data-element_type=\"widget\" data-widget_type=\"heading.default\">\n\t\t\t\t<div class=\"elementor-widget-container\">\n\t\t\t\t\t<h6 class=\"elementor-heading-title elementor-size-default\">We are CLOSED on the days marked in red in our calendar!<\/h6>\t\t\t\t<\/div>\n\t\t\t\t<\/div>\n\t\t\t\t<div class=\"elementor-element elementor-element-3ea5b74 elementor-widget elementor-widget-heading\" data-id=\"3ea5b74\" data-element_type=\"widget\" data-widget_type=\"heading.default\">\n\t\t\t\t<div class=\"elementor-widget-container\">\n\t\t\t\t\t<h6 class=\"elementor-heading-title elementor-size-default\">We are OPEN on the days marked in green in our calendar!\n<\/h6>\t\t\t\t<\/div>\n\t\t\t\t<\/div>\n\t\t\t\t<div class=\"elementor-element elementor-element-185ce7e elementor-widget__width-auto elementor-widget elementor-widget-button\" data-id=\"185ce7e\" data-element_type=\"widget\" data-widget_type=\"button.default\">\n\t\t\t\t<div class=\"elementor-widget-container\">\n\t\t\t\t\t\t\t\t\t<div class=\"elementor-button-wrapper\">\n\t\t\t\t\t<a class=\"elementor-button elementor-button-link elementor-size-sm\" href=\"https:\/\/www.facebook.com\/MiniPolisz\/\">\n\t\t\t\t\t\t<span class=\"elementor-button-content-wrapper\">\n\t\t\t\t\t\t\t\t\t<span class=\"elementor-button-text\">facebook<\/span>\n\t\t\t\t\t<\/span>\n\t\t\t\t\t<\/a>\n\t\t\t\t<\/div>\n\t\t\t\t\t\t\t\t<\/div>\n\t\t\t\t<\/div>\n\t\t\t\t<div class=\"elementor-element elementor-element-042c555 elementor-widget__width-auto elementor-widget elementor-widget-button\" data-id=\"042c555\" data-element_type=\"widget\" data-widget_type=\"button.default\">\n\t\t\t\t<div class=\"elementor-widget-container\">\n\t\t\t\t\t\t\t\t\t<div class=\"elementor-button-wrapper\">\n\t\t\t\t\t<a class=\"elementor-button elementor-button-link elementor-size-sm\" href=\"https:\/\/minipolisz.hu\/en\/jegyarak\/\">\n\t\t\t\t\t\t<span class=\"elementor-button-content-wrapper\">\n\t\t\t\t\t\t\t\t\t<span class=\"elementor-button-text\">Ticket prices<\/span>\n\t\t\t\t\t<\/span>\n\t\t\t\t\t<\/a>\n\t\t\t\t<\/div>\n\t\t\t\t\t\t\t\t<\/div>\n\t\t\t\t<\/div>\n\t\t\t\t\t<\/div>\n\t\t<\/div>\n\t\t\t\t\t<\/div>\n\t\t<\/section>\n\t\t\t\t<\/div>","protected":false},"excerpt":{"rendered":"<p>Nagy l\u00e9tsz\u00e1m\u00fa csoportok v\u00e1rhat\u00f3k: *4-\u00e9n 13-15 \u00f3ra k\u00f6z\u00f6tt, *19-\u00e9n 10-13 \u00f3ra k\u00f6z\u00f6tt, *25-\u00e9n 10-13 \u00f3ra k\u00f6z\u00f6tt 1-j\u00e9n \u00e9s 16-\u00e1n 14 \u00f3rakor nyitunk. H\u00fasv\u00e9t vas\u00e1rnap \u00e9s h\u00e9tf\u0151n z\u00e1rva lesz\u00fcnk. 7-\u00e9n kedden viszont nyitva. 12-\u00e9n 16 \u00f3r\u00e1ig lesz\u00fcnk nyitva *\u00c1prilis 29-\u00e9n 13 \u00f3r\u00e1ig nagy l\u00e9tsz\u00e1m\u00fa csoportok v\u00e1rhat\u00f3k ISKOLAI \/ \u00d3VODAI CSOPORTOKNAK EL\u0150ZETES FOGLAL\u00c1S SZ\u00dcKS\u00c9GES: ITT! AKTU\u00c1LIS NYITVATART\u00c1SUNK [&hellip;]<\/p>","protected":false},"author":123,"featured_media":0,"parent":0,"menu_order":0,"comment_status":"closed","ping_status":"closed","template":"","meta":{"footnotes":""},"class_list":["post-729","page","type-page","status-publish","hentry"],"yoast_head":"<!-- This site is optimized with the Yoast SEO Premium plugin v25.6 (Yoast SEO v25.9) - https:\/\/yoast.com\/wordpress\/plugins\/seo\/ -->\n<title>Nyitvatart\u00e1s - minipolisz<\/title>\n<meta name=\"robots\" content=\"index, follow, max-snippet:-1, max-image-preview:large, max-video-preview:-1\" \/>\n<link rel=\"canonical\" href=\"https:\/\/minipolisz.hu\/en\/nyitvatartas\/\" \/>\n<meta property=\"og:locale\" content=\"en_US\" \/>\n<meta property=\"og:type\" content=\"article\" \/>\n<meta property=\"og:title\" content=\"Nyitvatart\u00e1s\" \/>\n<meta property=\"og:description\" content=\"Nagy l\u00e9tsz\u00e1m\u00fa csoportok v\u00e1rhat\u00f3k: *4-\u00e9n 13-15 \u00f3ra k\u00f6z\u00f6tt, *19-\u00e9n 10-13 \u00f3ra k\u00f6z\u00f6tt, *25-\u00e9n 10-13 \u00f3ra k\u00f6z\u00f6tt 1-j\u00e9n \u00e9s 16-\u00e1n 14 \u00f3rakor nyitunk. H\u00fasv\u00e9t vas\u00e1rnap \u00e9s h\u00e9tf\u0151n z\u00e1rva lesz\u00fcnk. 7-\u00e9n kedden viszont nyitva. 12-\u00e9n 16 \u00f3r\u00e1ig lesz\u00fcnk nyitva *\u00c1prilis 29-\u00e9n 13 \u00f3r\u00e1ig nagy l\u00e9tsz\u00e1m\u00fa csoportok v\u00e1rhat\u00f3k ISKOLAI \/ \u00d3VODAI CSOPORTOKNAK EL\u0150ZETES FOGLAL\u00c1S SZ\u00dcKS\u00c9GES: ITT! AKTU\u00c1LIS NYITVATART\u00c1SUNK [&hellip;]\" \/>\n<meta property=\"og:url\" content=\"https:\/\/minipolisz.hu\/en\/nyitvatartas\/\" \/>\n<meta property=\"og:site_name\" content=\"minipolisz\" \/>\n<meta property=\"article:publisher\" content=\"https:\/\/www.facebook.com\/MiniPolisz\" \/>\n<meta property=\"article:modified_time\" content=\"2026-03-31T13:29:37+00:00\" \/>\n<meta property=\"og:image\" content=\"https:\/\/minipolisz.hu\/wp-content\/uploads\/2026\/02\/magyar-marc.png\" \/>\n\t<meta property=\"og:image:width\" content=\"1061\" \/>\n\t<meta property=\"og:image:height\" content=\"420\" \/>\n\t<meta property=\"og:image:type\" content=\"image\/png\" \/>\n<meta name=\"twitter:card\" content=\"summary_large_image\" \/>\n<meta name=\"twitter:label1\" content=\"Est. reading time\" \/>\n\t<meta name=\"twitter:data1\" content=\"1 minute\" \/>\n<script type=\"application\/ld+json\" class=\"yoast-schema-graph\">{\"@context\":\"https:\/\/schema.org\",\"@graph\":[{\"@type\":\"WebPage\",\"@id\":\"https:\/\/minipolisz.hu\/nyitvatartas\/\",\"url\":\"https:\/\/minipolisz.hu\/nyitvatartas\/\",\"name\":\"Nyitvatart\u00e1s - minipolisz\",\"isPartOf\":{\"@id\":\"https:\/\/minipolisz.hu\/#website\"},\"primaryImageOfPage\":{\"@id\":\"https:\/\/minipolisz.hu\/nyitvatartas\/#primaryimage\"},\"image\":{\"@id\":\"https:\/\/minipolisz.hu\/nyitvatartas\/#primaryimage\"},\"thumbnailUrl\":\"https:\/\/minipolisz.hu\/wp-content\/uploads\/2026\/02\/magyar-marc-1024x405.png\",\"datePublished\":\"2023-06-03T13:55:11+00:00\",\"dateModified\":\"2026-03-31T13:29:37+00:00\",\"breadcrumb\":{\"@id\":\"https:\/\/minipolisz.hu\/nyitvatartas\/#breadcrumb\"},\"inLanguage\":\"en-US\",\"potentialAction\":[{\"@type\":\"ReadAction\",\"target\":[\"https:\/\/minipolisz.hu\/nyitvatartas\/\"]}]},{\"@type\":\"ImageObject\",\"inLanguage\":\"en-US\",\"@id\":\"https:\/\/minipolisz.hu\/nyitvatartas\/#primaryimage\",\"url\":\"https:\/\/minipolisz.hu\/wp-content\/uploads\/2026\/02\/magyar-marc-1024x405.png\",\"contentUrl\":\"https:\/\/minipolisz.hu\/wp-content\/uploads\/2026\/02\/magyar-marc-1024x405.png\"},{\"@type\":\"BreadcrumbList\",\"@id\":\"https:\/\/minipolisz.hu\/nyitvatartas\/#breadcrumb\",\"itemListElement\":[{\"@type\":\"ListItem\",\"position\":1,\"name\":\"Kezd\u0151lap\",\"item\":\"https:\/\/minipolisz.hu\/\"},{\"@type\":\"ListItem\",\"position\":2,\"name\":\"Nyitvatart\u00e1s\"}]},{\"@type\":\"WebSite\",\"@id\":\"https:\/\/minipolisz.hu\/#website\",\"url\":\"https:\/\/minipolisz.hu\/\",\"name\":\"minipolisz\",\"description\":\"A hely, ahol Te is feln\u0151tt lehetsz\",\"publisher\":{\"@id\":\"https:\/\/minipolisz.hu\/#organization\"},\"potentialAction\":[{\"@type\":\"SearchAction\",\"target\":{\"@type\":\"EntryPoint\",\"urlTemplate\":\"https:\/\/minipolisz.hu\/?s={search_term_string}\"},\"query-input\":{\"@type\":\"PropertyValueSpecification\",\"valueRequired\":true,\"valueName\":\"search_term_string\"}}],\"inLanguage\":\"en-US\"},{\"@type\":\"Organization\",\"@id\":\"https:\/\/minipolisz.hu\/#organization\",\"name\":\"minipolisz\",\"url\":\"https:\/\/minipolisz.hu\/\",\"logo\":{\"@type\":\"ImageObject\",\"inLanguage\":\"en-US\",\"@id\":\"https:\/\/minipolisz.hu\/#\/schema\/logo\/image\/\",\"url\":\"https:\/\/minipolisz.hu\/wp-content\/uploads\/2023\/06\/logo_minipolisz-3.png\",\"contentUrl\":\"https:\/\/minipolisz.hu\/wp-content\/uploads\/2023\/06\/logo_minipolisz-3.png\",\"width\":324,\"height\":90,\"caption\":\"minipolisz\"},\"image\":{\"@id\":\"https:\/\/minipolisz.hu\/#\/schema\/logo\/image\/\"},\"sameAs\":[\"https:\/\/www.facebook.com\/MiniPolisz\"]}]}<\/script>\n<!-- \/ Yoast SEO Premium plugin. -->","yoast_head_json":{"title":"Nyitvatart\u00e1s - minipolisz","robots":{"index":"index","follow":"follow","max-snippet":"max-snippet:-1","max-image-preview":"max-image-preview:large","max-video-preview":"max-video-preview:-1"},"canonical":"https:\/\/minipolisz.hu\/en\/nyitvatartas\/","og_locale":"en_US","og_type":"article","og_title":"Nyitvatart\u00e1s","og_description":"Nagy l\u00e9tsz\u00e1m\u00fa csoportok v\u00e1rhat\u00f3k: *4-\u00e9n 13-15 \u00f3ra k\u00f6z\u00f6tt, *19-\u00e9n 10-13 \u00f3ra k\u00f6z\u00f6tt, *25-\u00e9n 10-13 \u00f3ra k\u00f6z\u00f6tt 1-j\u00e9n \u00e9s 16-\u00e1n 14 \u00f3rakor nyitunk. H\u00fasv\u00e9t vas\u00e1rnap \u00e9s h\u00e9tf\u0151n z\u00e1rva lesz\u00fcnk. 7-\u00e9n kedden viszont nyitva. 12-\u00e9n 16 \u00f3r\u00e1ig lesz\u00fcnk nyitva *\u00c1prilis 29-\u00e9n 13 \u00f3r\u00e1ig nagy l\u00e9tsz\u00e1m\u00fa csoportok v\u00e1rhat\u00f3k ISKOLAI \/ \u00d3VODAI CSOPORTOKNAK EL\u0150ZETES FOGLAL\u00c1S SZ\u00dcKS\u00c9GES: ITT! AKTU\u00c1LIS NYITVATART\u00c1SUNK [&hellip;]","og_url":"https:\/\/minipolisz.hu\/en\/nyitvatartas\/","og_site_name":"minipolisz","article_publisher":"https:\/\/www.facebook.com\/MiniPolisz","article_modified_time":"2026-03-31T13:29:37+00:00","og_image":[{"width":1061,"height":420,"url":"https:\/\/minipolisz.hu\/wp-content\/uploads\/2026\/02\/magyar-marc.png","type":"image\/png"}],"twitter_card":"summary_large_image","twitter_misc":{"Est. reading time":"1 minute"},"schema":{"@context":"https:\/\/schema.org","@graph":[{"@type":"WebPage","@id":"https:\/\/minipolisz.hu\/nyitvatartas\/","url":"https:\/\/minipolisz.hu\/nyitvatartas\/","name":"Nyitvatart\u00e1s - minipolisz","isPartOf":{"@id":"https:\/\/minipolisz.hu\/#website"},"primaryImageOfPage":{"@id":"https:\/\/minipolisz.hu\/nyitvatartas\/#primaryimage"},"image":{"@id":"https:\/\/minipolisz.hu\/nyitvatartas\/#primaryimage"},"thumbnailUrl":"https:\/\/minipolisz.hu\/wp-content\/uploads\/2026\/02\/magyar-marc-1024x405.png","datePublished":"2023-06-03T13:55:11+00:00","dateModified":"2026-03-31T13:29:37+00:00","breadcrumb":{"@id":"https:\/\/minipolisz.hu\/nyitvatartas\/#breadcrumb"},"inLanguage":"en-US","potentialAction":[{"@type":"ReadAction","target":["https:\/\/minipolisz.hu\/nyitvatartas\/"]}]},{"@type":"ImageObject","inLanguage":"en-US","@id":"https:\/\/minipolisz.hu\/nyitvatartas\/#primaryimage","url":"https:\/\/minipolisz.hu\/wp-content\/uploads\/2026\/02\/magyar-marc-1024x405.png","contentUrl":"https:\/\/minipolisz.hu\/wp-content\/uploads\/2026\/02\/magyar-marc-1024x405.png"},{"@type":"BreadcrumbList","@id":"https:\/\/minipolisz.hu\/nyitvatartas\/#breadcrumb","itemListElement":[{"@type":"ListItem","position":1,"name":"Kezd\u0151lap","item":"https:\/\/minipolisz.hu\/"},{"@type":"ListItem","position":2,"name":"Nyitvatart\u00e1s"}]},{"@type":"WebSite","@id":"https:\/\/minipolisz.hu\/#website","url":"https:\/\/minipolisz.hu\/","name":"minipolisz","description":"The place where you can be a grown up","publisher":{"@id":"https:\/\/minipolisz.hu\/#organization"},"potentialAction":[{"@type":"SearchAction","target":{"@type":"EntryPoint","urlTemplate":"https:\/\/minipolisz.hu\/?s={search_term_string}"},"query-input":{"@type":"PropertyValueSpecification","valueRequired":true,"valueName":"search_term_string"}}],"inLanguage":"en-US"},{"@type":"Organization","@id":"https:\/\/minipolisz.hu\/#organization","name":"minipolisz","url":"https:\/\/minipolisz.hu\/","logo":{"@type":"ImageObject","inLanguage":"en-US","@id":"https:\/\/minipolisz.hu\/#\/schema\/logo\/image\/","url":"https:\/\/minipolisz.hu\/wp-content\/uploads\/2023\/06\/logo_minipolisz-3.png","contentUrl":"https:\/\/minipolisz.hu\/wp-content\/uploads\/2023\/06\/logo_minipolisz-3.png","width":324,"height":90,"caption":"minipolisz"},"image":{"@id":"https:\/\/minipolisz.hu\/#\/schema\/logo\/image\/"},"sameAs":["https:\/\/www.facebook.com\/MiniPolisz"]}]}},"_links":{"self":[{"href":"https:\/\/minipolisz.hu\/en\/wp-json\/wp\/v2\/pages\/729","targetHints":{"allow":["GET"]}}],"collection":[{"href":"https:\/\/minipolisz.hu\/en\/wp-json\/wp\/v2\/pages"}],"about":[{"href":"https:\/\/minipolisz.hu\/en\/wp-json\/wp\/v2\/types\/page"}],"author":[{"embeddable":true,"href":"https:\/\/minipolisz.hu\/en\/wp-json\/wp\/v2\/users\/123"}],"replies":[{"embeddable":true,"href":"https:\/\/minipolisz.hu\/en\/wp-json\/wp\/v2\/comments?post=729"}],"version-history":[{"count":78,"href":"https:\/\/minipolisz.hu\/en\/wp-json\/wp\/v2\/pages\/729\/revisions"}],"predecessor-version":[{"id":4484,"href":"https:\/\/minipolisz.hu\/en\/wp-json\/wp\/v2\/pages\/729\/revisions\/4484"}],"wp:attachment":[{"href":"https:\/\/minipolisz.hu\/en\/wp-json\/wp\/v2\/media?parent=729"}],"curies":[{"name":"wp","href":"https:\/\/api.w.org\/{rel}","templated":true}]}}