{"id":296,"date":"2023-06-03T14:25:04","date_gmt":"2023-06-03T12:25:04","guid":{"rendered":"https:\/\/new.minipolisz.hu\/ovodai-es-iskolai-csoportszervezes\/"},"modified":"2026-03-02T19:14:11","modified_gmt":"2026-03-02T18:14:11","slug":"ovodai-es-iskolai-csoportszervezes","status":"publish","type":"page","link":"https:\/\/minipolisz.hu\/en\/ovodai-es-iskolai-csoportszervezes\/","title":{"rendered":"Kindergarten and school group organization"},"content":{"rendered":"<div data-elementor-type=\"wp-page\" data-elementor-id=\"296\" class=\"elementor elementor-296\" data-elementor-post-type=\"page\">\n\t\t\t\t\t\t<section class=\"elementor-section elementor-top-section elementor-element elementor-element-428b651a elementor-section-boxed elementor-section-height-default elementor-section-height-default\" data-id=\"428b651a\" data-element_type=\"section\">\n\t\t\t\t\t\t<div class=\"elementor-container elementor-column-gap-default\">\n\t\t\t\t\t<div class=\"elementor-column elementor-col-100 elementor-top-column elementor-element elementor-element-6c091f0\" data-id=\"6c091f0\" data-element_type=\"column\">\n\t\t\t<div class=\"elementor-widget-wrap elementor-element-populated\">\n\t\t\t\t\t\t<div class=\"elementor-element elementor-element-ed6cdcb elementor-widget elementor-widget-spacer\" data-id=\"ed6cdcb\" data-element_type=\"widget\" data-widget_type=\"spacer.default\">\n\t\t\t\t<div class=\"elementor-widget-container\">\n\t\t\t\t\t\t\t<div class=\"elementor-spacer\">\n\t\t\t<div class=\"elementor-spacer-inner\"><\/div>\n\t\t<\/div>\n\t\t\t\t\t\t<\/div>\n\t\t\t\t<\/div>\n\t\t\t\t<div class=\"elementor-element elementor-element-1eb9abf5 elementor-widget elementor-widget-heading\" data-id=\"1eb9abf5\" data-element_type=\"widget\" data-widget_type=\"heading.default\">\n\t\t\t\t<div class=\"elementor-widget-container\">\n\t\t\t\t\t<h3 class=\"elementor-heading-title elementor-size-default\">GROUP ACTIVITIES FOR ELEMENTARY SCHOOL AND KINDERGARTEN GROUPS<\/h3>\t\t\t\t<\/div>\n\t\t\t\t<\/div>\n\t\t\t\t<div class=\"elementor-element elementor-element-415322b1 elementor-widget elementor-widget-text-editor\" data-id=\"415322b1\" data-element_type=\"widget\" data-widget_type=\"text-editor.default\">\n\t\t\t\t<div class=\"elementor-widget-container\">\n\t\t\t\t\t\t\t\t\t<p>We cannot accept groups on holidays and school holidays (except summer holidays) or on weekends. We are closed on Mondays and Tuesdays.<br \/>Group visits require prior booking. For free dates click on the online, real-time Group Booking Calendar.<\/p>\t\t\t\t\t\t\t\t<\/div>\n\t\t\t\t<\/div>\n\t\t\t\t<div class=\"elementor-element elementor-element-1512f77 elementor-align-center elementor-widget elementor-widget-button\" data-id=\"1512f77\" data-element_type=\"widget\" data-widget_type=\"button.default\">\n\t\t\t\t<div class=\"elementor-widget-container\">\n\t\t\t\t\t\t\t\t\t<div class=\"elementor-button-wrapper\">\n\t\t\t\t\t<a class=\"elementor-button elementor-button-link elementor-size-sm\" href=\"https:\/\/minipolisz.hu\/en\/csoportfoglalasinaptar\/\">\n\t\t\t\t\t\t<span class=\"elementor-button-content-wrapper\">\n\t\t\t\t\t\t\t\t\t<span class=\"elementor-button-text\">GROUP BOOKING CALENDAR<\/span>\n\t\t\t\t\t<\/span>\n\t\t\t\t\t<\/a>\n\t\t\t\t<\/div>\n\t\t\t\t\t\t\t\t<\/div>\n\t\t\t\t<\/div>\n\t\t\t\t<div class=\"elementor-element elementor-element-52f4ce4d elementor-widget__width-initial elementor-widget elementor-widget-heading\" data-id=\"52f4ce4d\" data-element_type=\"widget\" data-widget_type=\"heading.default\">\n\t\t\t\t<div class=\"elementor-widget-container\">\n\t\t\t\t\t<h2 class=\"elementor-heading-title elementor-size-default\">Why is it worth coming to MiniPolisz with a group?\n\n<\/h2>\t\t\t\t<\/div>\n\t\t\t\t<\/div>\n\t\t\t\t<section class=\"elementor-section elementor-inner-section elementor-element elementor-element-49f38316 elementor-section-boxed elementor-section-height-default elementor-section-height-default\" data-id=\"49f38316\" data-element_type=\"section\">\n\t\t\t\t\t\t<div class=\"elementor-container elementor-column-gap-default\">\n\t\t\t\t\t<div class=\"elementor-column elementor-col-100 elementor-inner-column elementor-element elementor-element-7426b43\" data-id=\"7426b43\" data-element_type=\"column\">\n\t\t\t<div class=\"elementor-widget-wrap elementor-element-populated\">\n\t\t\t\t\t\t<div class=\"elementor-element elementor-element-75abb26a elementor-widget elementor-widget-text-editor\" data-id=\"75abb26a\" data-element_type=\"widget\" data-widget_type=\"text-editor.default\">\n\t\t\t\t<div class=\"elementor-widget-container\">\n\t\t\t\t\t\t\t\t\t<ul><li>3 hours of playful learning<\/li><li>Minimum group size: 10 children<\/li><li>Playing is guided by professional animators using our \u201cWorkPapers\u201d<\/li><li>Groups are allowed to bring in simple food (sandwiches) and beverages<\/li><li>Free adult tickets: After every 10th child, one adult is free to enter MiniPolisz<br \/>Additional accompanying ticket prices: 2.000 HUF\/person, during summer holidays 2.500 HUF\/person<\/li><li class=\"translation-block\"><strong>Group ticket: 3.800 HUF\/ child (includes 1 token), 3.500 HUF\/ child (without token). <\/strong>The token can be used at our newest station, the game room built on movement development. Additional tokens can be purchased from the on-site vending machine with CASH only (500 HUF\/piece).<\/li><\/ul>\t\t\t\t\t\t\t\t<\/div>\n\t\t\t\t<\/div>\n\t\t\t\t\t<\/div>\n\t\t<\/div>\n\t\t\t\t\t<\/div>\n\t\t<\/section>\n\t\t\t\t\t<\/div>\n\t\t<\/div>\n\t\t\t\t\t<\/div>\n\t\t<\/section>\n\t\t\t\t<\/div>","protected":false},"excerpt":{"rendered":"<p>J\u00c1T\u00c9KOS TANUL\u00c1S \u00c9S SZ\u00d3RAKOZ\u00c1S A 3-10 \u00c9VES KOROSZT\u00c1LY (OVISOK \u00c9S ALS\u00d3SOK) SZ\u00c1M\u00c1RA Csoportokat \u00fcnnepnapokon \u00e9s iskolai sz\u00fcnetekben (kiv\u00e9ve a ny\u00e1ri sz\u00fcnet), illetve h\u00e9tv\u00e9g\u00e9n nem tudunk fogadni. A j\u00e1tsz\u00f3h\u00e1z h\u00e9tf\u0151n \u00e9s kedden z\u00e1rva tart.A csoportl\u00e1togat\u00e1s el\u0151zetes foglal\u00e1shoz k\u00f6t\u00f6tt. Szabad id\u0151pontok\u00e9rt kattintson az online, val\u00f3s idej\u0171 Csoportfoglal\u00e1si napt\u00e1rhoz! CSOPORTFOGLAL\u00c1SI NAPT\u00c1R Mi\u00e9rt \u00e9rdemes csoporttal \u00e9rkezni a MiniPoliszba? 3 [&hellip;]<\/p>","protected":false},"author":123,"featured_media":0,"parent":0,"menu_order":0,"comment_status":"closed","ping_status":"closed","template":"","meta":{"footnotes":""},"class_list":["post-296","page","type-page","status-publish","hentry"],"yoast_head":"<!-- This site is optimized with the Yoast SEO Premium plugin v25.6 (Yoast SEO v25.9) - https:\/\/yoast.com\/wordpress\/plugins\/seo\/ -->\n<title>\u00d3vodai \u00e9s iskolai csoportszervez\u00e9s - minipolisz<\/title>\n<meta name=\"robots\" content=\"index, follow, max-snippet:-1, max-image-preview:large, max-video-preview:-1\" \/>\n<link rel=\"canonical\" href=\"https:\/\/minipolisz.hu\/en\/ovodai-es-iskolai-csoportszervezes\/\" \/>\n<meta property=\"og:locale\" content=\"en_US\" \/>\n<meta property=\"og:type\" content=\"article\" \/>\n<meta property=\"og:title\" content=\"\u00d3vodai \u00e9s iskolai csoportszervez\u00e9s\" \/>\n<meta property=\"og:description\" content=\"J\u00c1T\u00c9KOS TANUL\u00c1S \u00c9S SZ\u00d3RAKOZ\u00c1S A 3-10 \u00c9VES KOROSZT\u00c1LY (OVISOK \u00c9S ALS\u00d3SOK) SZ\u00c1M\u00c1RA Csoportokat \u00fcnnepnapokon \u00e9s iskolai sz\u00fcnetekben (kiv\u00e9ve a ny\u00e1ri sz\u00fcnet), illetve h\u00e9tv\u00e9g\u00e9n nem tudunk fogadni. A j\u00e1tsz\u00f3h\u00e1z h\u00e9tf\u0151n \u00e9s kedden z\u00e1rva tart.A csoportl\u00e1togat\u00e1s el\u0151zetes foglal\u00e1shoz k\u00f6t\u00f6tt. Szabad id\u0151pontok\u00e9rt kattintson az online, val\u00f3s idej\u0171 Csoportfoglal\u00e1si napt\u00e1rhoz! CSOPORTFOGLAL\u00c1SI NAPT\u00c1R Mi\u00e9rt \u00e9rdemes csoporttal \u00e9rkezni a MiniPoliszba? 3 [&hellip;]\" \/>\n<meta property=\"og:url\" content=\"https:\/\/minipolisz.hu\/en\/ovodai-es-iskolai-csoportszervezes\/\" \/>\n<meta property=\"og:site_name\" content=\"minipolisz\" \/>\n<meta property=\"article:publisher\" content=\"https:\/\/www.facebook.com\/MiniPolisz\" \/>\n<meta property=\"article:modified_time\" content=\"2026-03-02T18:14:11+00:00\" \/>\n<meta name=\"twitter:card\" content=\"summary_large_image\" \/>\n<meta name=\"twitter:label1\" content=\"Est. reading time\" \/>\n\t<meta name=\"twitter:data1\" content=\"1 minute\" \/>\n<script type=\"application\/ld+json\" class=\"yoast-schema-graph\">{\"@context\":\"https:\/\/schema.org\",\"@graph\":[{\"@type\":\"WebPage\",\"@id\":\"https:\/\/minipolisz.hu\/ovodai-es-iskolai-csoportszervezes\/\",\"url\":\"https:\/\/minipolisz.hu\/ovodai-es-iskolai-csoportszervezes\/\",\"name\":\"\u00d3vodai \u00e9s iskolai csoportszervez\u00e9s - minipolisz\",\"isPartOf\":{\"@id\":\"https:\/\/minipolisz.hu\/#website\"},\"datePublished\":\"2023-06-03T12:25:04+00:00\",\"dateModified\":\"2026-03-02T18:14:11+00:00\",\"breadcrumb\":{\"@id\":\"https:\/\/minipolisz.hu\/ovodai-es-iskolai-csoportszervezes\/#breadcrumb\"},\"inLanguage\":\"en-US\",\"potentialAction\":[{\"@type\":\"ReadAction\",\"target\":[\"https:\/\/minipolisz.hu\/ovodai-es-iskolai-csoportszervezes\/\"]}]},{\"@type\":\"BreadcrumbList\",\"@id\":\"https:\/\/minipolisz.hu\/ovodai-es-iskolai-csoportszervezes\/#breadcrumb\",\"itemListElement\":[{\"@type\":\"ListItem\",\"position\":1,\"name\":\"Kezd\u0151lap\",\"item\":\"https:\/\/minipolisz.hu\/\"},{\"@type\":\"ListItem\",\"position\":2,\"name\":\"\u00d3vodai \u00e9s iskolai csoportszervez\u00e9s\"}]},{\"@type\":\"WebSite\",\"@id\":\"https:\/\/minipolisz.hu\/#website\",\"url\":\"https:\/\/minipolisz.hu\/\",\"name\":\"minipolisz\",\"description\":\"A hely, ahol Te is feln\u0151tt lehetsz\",\"publisher\":{\"@id\":\"https:\/\/minipolisz.hu\/#organization\"},\"potentialAction\":[{\"@type\":\"SearchAction\",\"target\":{\"@type\":\"EntryPoint\",\"urlTemplate\":\"https:\/\/minipolisz.hu\/?s={search_term_string}\"},\"query-input\":{\"@type\":\"PropertyValueSpecification\",\"valueRequired\":true,\"valueName\":\"search_term_string\"}}],\"inLanguage\":\"en-US\"},{\"@type\":\"Organization\",\"@id\":\"https:\/\/minipolisz.hu\/#organization\",\"name\":\"minipolisz\",\"url\":\"https:\/\/minipolisz.hu\/\",\"logo\":{\"@type\":\"ImageObject\",\"inLanguage\":\"en-US\",\"@id\":\"https:\/\/minipolisz.hu\/#\/schema\/logo\/image\/\",\"url\":\"https:\/\/minipolisz.hu\/wp-content\/uploads\/2023\/06\/logo_minipolisz-3.png\",\"contentUrl\":\"https:\/\/minipolisz.hu\/wp-content\/uploads\/2023\/06\/logo_minipolisz-3.png\",\"width\":324,\"height\":90,\"caption\":\"minipolisz\"},\"image\":{\"@id\":\"https:\/\/minipolisz.hu\/#\/schema\/logo\/image\/\"},\"sameAs\":[\"https:\/\/www.facebook.com\/MiniPolisz\"]}]}<\/script>\n<!-- \/ Yoast SEO Premium plugin. -->","yoast_head_json":{"title":"\u00d3vodai \u00e9s iskolai csoportszervez\u00e9s - minipolisz","robots":{"index":"index","follow":"follow","max-snippet":"max-snippet:-1","max-image-preview":"max-image-preview:large","max-video-preview":"max-video-preview:-1"},"canonical":"https:\/\/minipolisz.hu\/en\/ovodai-es-iskolai-csoportszervezes\/","og_locale":"en_US","og_type":"article","og_title":"\u00d3vodai \u00e9s iskolai csoportszervez\u00e9s","og_description":"J\u00c1T\u00c9KOS TANUL\u00c1S \u00c9S SZ\u00d3RAKOZ\u00c1S A 3-10 \u00c9VES KOROSZT\u00c1LY (OVISOK \u00c9S ALS\u00d3SOK) SZ\u00c1M\u00c1RA Csoportokat \u00fcnnepnapokon \u00e9s iskolai sz\u00fcnetekben (kiv\u00e9ve a ny\u00e1ri sz\u00fcnet), illetve h\u00e9tv\u00e9g\u00e9n nem tudunk fogadni. A j\u00e1tsz\u00f3h\u00e1z h\u00e9tf\u0151n \u00e9s kedden z\u00e1rva tart.A csoportl\u00e1togat\u00e1s el\u0151zetes foglal\u00e1shoz k\u00f6t\u00f6tt. Szabad id\u0151pontok\u00e9rt kattintson az online, val\u00f3s idej\u0171 Csoportfoglal\u00e1si napt\u00e1rhoz! CSOPORTFOGLAL\u00c1SI NAPT\u00c1R Mi\u00e9rt \u00e9rdemes csoporttal \u00e9rkezni a MiniPoliszba? 3 [&hellip;]","og_url":"https:\/\/minipolisz.hu\/en\/ovodai-es-iskolai-csoportszervezes\/","og_site_name":"minipolisz","article_publisher":"https:\/\/www.facebook.com\/MiniPolisz","article_modified_time":"2026-03-02T18:14:11+00:00","twitter_card":"summary_large_image","twitter_misc":{"Est. reading time":"1 minute"},"schema":{"@context":"https:\/\/schema.org","@graph":[{"@type":"WebPage","@id":"https:\/\/minipolisz.hu\/ovodai-es-iskolai-csoportszervezes\/","url":"https:\/\/minipolisz.hu\/ovodai-es-iskolai-csoportszervezes\/","name":"\u00d3vodai \u00e9s iskolai csoportszervez\u00e9s - minipolisz","isPartOf":{"@id":"https:\/\/minipolisz.hu\/#website"},"datePublished":"2023-06-03T12:25:04+00:00","dateModified":"2026-03-02T18:14:11+00:00","breadcrumb":{"@id":"https:\/\/minipolisz.hu\/ovodai-es-iskolai-csoportszervezes\/#breadcrumb"},"inLanguage":"en-US","potentialAction":[{"@type":"ReadAction","target":["https:\/\/minipolisz.hu\/ovodai-es-iskolai-csoportszervezes\/"]}]},{"@type":"BreadcrumbList","@id":"https:\/\/minipolisz.hu\/ovodai-es-iskolai-csoportszervezes\/#breadcrumb","itemListElement":[{"@type":"ListItem","position":1,"name":"Kezd\u0151lap","item":"https:\/\/minipolisz.hu\/"},{"@type":"ListItem","position":2,"name":"\u00d3vodai \u00e9s iskolai csoportszervez\u00e9s"}]},{"@type":"WebSite","@id":"https:\/\/minipolisz.hu\/#website","url":"https:\/\/minipolisz.hu\/","name":"minipolisz","description":"The place where you can be a grown up","publisher":{"@id":"https:\/\/minipolisz.hu\/#organization"},"potentialAction":[{"@type":"SearchAction","target":{"@type":"EntryPoint","urlTemplate":"https:\/\/minipolisz.hu\/?s={search_term_string}"},"query-input":{"@type":"PropertyValueSpecification","valueRequired":true,"valueName":"search_term_string"}}],"inLanguage":"en-US"},{"@type":"Organization","@id":"https:\/\/minipolisz.hu\/#organization","name":"minipolisz","url":"https:\/\/minipolisz.hu\/","logo":{"@type":"ImageObject","inLanguage":"en-US","@id":"https:\/\/minipolisz.hu\/#\/schema\/logo\/image\/","url":"https:\/\/minipolisz.hu\/wp-content\/uploads\/2023\/06\/logo_minipolisz-3.png","contentUrl":"https:\/\/minipolisz.hu\/wp-content\/uploads\/2023\/06\/logo_minipolisz-3.png","width":324,"height":90,"caption":"minipolisz"},"image":{"@id":"https:\/\/minipolisz.hu\/#\/schema\/logo\/image\/"},"sameAs":["https:\/\/www.facebook.com\/MiniPolisz"]}]}},"_links":{"self":[{"href":"https:\/\/minipolisz.hu\/en\/wp-json\/wp\/v2\/pages\/296","targetHints":{"allow":["GET"]}}],"collection":[{"href":"https:\/\/minipolisz.hu\/en\/wp-json\/wp\/v2\/pages"}],"about":[{"href":"https:\/\/minipolisz.hu\/en\/wp-json\/wp\/v2\/types\/page"}],"author":[{"embeddable":true,"href":"https:\/\/minipolisz.hu\/en\/wp-json\/wp\/v2\/users\/123"}],"replies":[{"embeddable":true,"href":"https:\/\/minipolisz.hu\/en\/wp-json\/wp\/v2\/comments?post=296"}],"version-history":[{"count":3,"href":"https:\/\/minipolisz.hu\/en\/wp-json\/wp\/v2\/pages\/296\/revisions"}],"predecessor-version":[{"id":4444,"href":"https:\/\/minipolisz.hu\/en\/wp-json\/wp\/v2\/pages\/296\/revisions\/4444"}],"wp:attachment":[{"href":"https:\/\/minipolisz.hu\/en\/wp-json\/wp\/v2\/media?parent=296"}],"curies":[{"name":"wp","href":"https:\/\/api.w.org\/{rel}","templated":true}]}}