{"id":293,"date":"2023-06-03T14:25:04","date_gmt":"2023-06-03T12:25:04","guid":{"rendered":"https:\/\/new.minipolisz.hu\/csoportfoglalasinaptar\/"},"modified":"2026-03-02T19:13:07","modified_gmt":"2026-03-02T18:13:07","slug":"csoportfoglalasinaptar","status":"publish","type":"page","link":"https:\/\/minipolisz.hu\/en\/csoportfoglalasinaptar\/","title":{"rendered":"Group Booking calendar"},"content":{"rendered":"<div data-elementor-type=\"wp-page\" data-elementor-id=\"293\" class=\"elementor elementor-293\" data-elementor-post-type=\"page\">\n\t\t\t\t\t\t<section class=\"elementor-section elementor-top-section elementor-element elementor-element-7b9f4792 elementor-section-content-middle elementor-section-boxed elementor-section-height-default elementor-section-height-default\" data-id=\"7b9f4792\" data-element_type=\"section\">\n\t\t\t\t\t\t<div class=\"elementor-container elementor-column-gap-default\">\n\t\t\t\t\t<div class=\"elementor-column elementor-col-50 elementor-top-column elementor-element elementor-element-79e2699f\" data-id=\"79e2699f\" data-element_type=\"column\">\n\t\t\t<div class=\"elementor-widget-wrap elementor-element-populated\">\n\t\t\t\t\t\t<div class=\"elementor-element elementor-element-758e629 elementor-widget elementor-widget-heading\" data-id=\"758e629\" data-element_type=\"widget\" data-widget_type=\"heading.default\">\n\t\t\t\t<div class=\"elementor-widget-container\">\n\t\t\t\t\t<h2 class=\"elementor-heading-title elementor-size-default\">GROUP BOOKING<\/h2>\t\t\t\t<\/div>\n\t\t\t\t<\/div>\n\t\t\t\t<div class=\"elementor-element elementor-element-71c42d1c elementor-widget elementor-widget-text-editor\" data-id=\"71c42d1c\" data-element_type=\"widget\" data-widget_type=\"text-editor.default\">\n\t\t\t\t<div class=\"elementor-widget-container\">\n\t\t\t\t\t\t\t\t\t<p>The group visit is subject to prior booking, which you can do in the calendar. After pressing the send reservation button, you will receive a confirmation by e-mail immediately.<\/p><p><strong>Booking is possible min. 4 days and max. 3 months before the appointment.<\/strong><\/p><p class=\"translation-block\"><strong>Group ticket: 3.800 HUF\/ child (includes 1 token), 3.500 HUF\/ child (without token). <\/strong>The token can be used at our newest station, the game room built on movement development. Additional tokens can be purchased from the on-site vending machine with CASH only (500 HUF\/piece).<\/p><p>The number of children shown in the calendar indicates the number of available spots for children.<\/p>\t\t\t\t\t\t\t\t<\/div>\n\t\t\t\t<\/div>\n\t\t\t\t<section class=\"elementor-section elementor-inner-section elementor-element elementor-element-fae479b elementor-section-boxed elementor-section-height-default elementor-section-height-default\" data-id=\"fae479b\" data-element_type=\"section\">\n\t\t\t\t\t\t<div class=\"elementor-container elementor-column-gap-default\">\n\t\t\t\t\t<div class=\"elementor-column elementor-col-50 elementor-inner-column elementor-element elementor-element-bc29c7e\" data-id=\"bc29c7e\" data-element_type=\"column\">\n\t\t\t<div class=\"elementor-widget-wrap elementor-element-populated\">\n\t\t\t\t\t\t<div class=\"elementor-element elementor-element-44620f60 elementor-widget elementor-widget-text-editor\" data-id=\"44620f60\" data-element_type=\"widget\" data-widget_type=\"text-editor.default\">\n\t\t\t\t<div class=\"elementor-widget-container\">\n\t\t\t\t\t\t\t\t\t<p><strong>Group visit details:<\/strong><\/p>\t\t\t\t\t\t\t\t<\/div>\n\t\t\t\t<\/div>\n\t\t\t\t\t<\/div>\n\t\t<\/div>\n\t\t\t\t<div class=\"elementor-column elementor-col-50 elementor-inner-column elementor-element elementor-element-8f21338\" data-id=\"8f21338\" data-element_type=\"column\">\n\t\t\t<div class=\"elementor-widget-wrap elementor-element-populated\">\n\t\t\t\t\t\t<div class=\"elementor-element elementor-element-46f9bffc elementor-widget__width-auto elementor-align-center elementor-widget elementor-widget-button\" data-id=\"46f9bffc\" data-element_type=\"widget\" data-widget_type=\"button.default\">\n\t\t\t\t<div class=\"elementor-widget-container\">\n\t\t\t\t\t\t\t\t\t<div class=\"elementor-button-wrapper\">\n\t\t\t\t\t<a class=\"elementor-button elementor-button-link elementor-size-sm\" href=\"https:\/\/minipolisz.hu\/en\/ovodai-es-iskolai-csoportszervezes\/\">\n\t\t\t\t\t\t<span class=\"elementor-button-content-wrapper\">\n\t\t\t\t\t\t\t\t\t<span class=\"elementor-button-text\">Details<\/span>\n\t\t\t\t\t<\/span>\n\t\t\t\t\t<\/a>\n\t\t\t\t<\/div>\n\t\t\t\t\t\t\t\t<\/div>\n\t\t\t\t<\/div>\n\t\t\t\t\t<\/div>\n\t\t<\/div>\n\t\t\t\t\t<\/div>\n\t\t<\/section>\n\t\t\t\t<div class=\"elementor-element elementor-element-530263 elementor-widget elementor-widget-text-editor\" data-id=\"530263\" data-element_type=\"widget\" data-widget_type=\"text-editor.default\">\n\t\t\t\t<div class=\"elementor-widget-container\">\n\t\t\t\t\t\t\t\t\t<p><strong>Group organization information and inquiries:<\/strong><\/p><p>Monday - Friday: 9:00 - 17:00<br \/>Phone: <a href=\"http:\/\/+36 30 584 6626\" data-wplink-url-error=\"true\"><strong>+36 30 584 6626<\/strong><\/a><br \/>Online: <a href=\"mailto:info@minipolisz.hu\">info@minipolisz.hu<\/a><\/p>\t\t\t\t\t\t\t\t<\/div>\n\t\t\t\t<\/div>\n\t\t\t\t\t<\/div>\n\t\t<\/div>\n\t\t\t\t<div class=\"elementor-column elementor-col-50 elementor-top-column elementor-element elementor-element-37178adb\" data-id=\"37178adb\" data-element_type=\"column\">\n\t\t\t<div class=\"elementor-widget-wrap elementor-element-populated\">\n\t\t\t\t\t\t<div class=\"elementor-element elementor-element-1b08f6b elementor-widget elementor-widget-text-editor\" data-id=\"1b08f6b\" data-element_type=\"widget\" data-widget_type=\"text-editor.default\">\n\t\t\t\t<div class=\"elementor-widget-container\">\n\t\t\t\t\t\t\t\t\t<div class=\"main-block-w\">\r\n    <div class=\"appointment-box-wbk\">\r\n                    <div class=\"appointment-status-wrapper-w\">\r\n                <ul class=\"appointment-status-list-w\">\r\n                <\/ul>\r\n                <div class=\"circle-chart-wbk\" data-circle-color=\"#c9c208\" data-percent=\"25\"><span class=\"circle-chart-text-wbk\"><\/span><\/div>\r\n\r\n                <div class=\"appointment-status-text-mobile-wbk\">\r\n                    <p class=\"current-step-wbk\"><\/p>\r\n                    <p class=\"next-step-wbk\"><\/p>\r\n                <\/div>\r\n            <\/div>\r\n                <div class=\"appointment-content-wbk\">\r\n                            <form action=\"\">\r\n                    <div class=\"appointment-content-scroll-wbk\" data-scrollbar=\"true\" tabindex=\"-1\"\r\n                        style=\"overflow: hidden; outline: none;\">\r\n                                                    <div class=\"appointment-content-screen-w appointment-content-screen-active-w\"  data-slug=\"date_time\" data-title=\"D\u00e1tum\" data-request=\"wbk_prepare_service_data\">\r\n                                        <select data-pricing-rules=\"[]\"\r\n            class=\"wbk-select wbk-input wbk_services wbk_services_hidden wbk_hidden\" name=\"service\">\r\n                                                            <option value=\"1\"\r\n                                    data-payable=\"false\"\r\n                                    data-multi-low-limit=\"\"\r\n                                    data-multi-limit=\"\"\r\n                                    data-consecutive=\"\">\r\n                                    MiniPolisz Group Booking                                <\/option>\r\n                                            <\/select>\r\n\r\n            \r\n<div class=\"field-row-w wbk_date_picked_row  wbk_hidden\">\r\n    <label>Select a date<\/label>\r\n    <div class=\"styled-as-select-w\">\r\n        <input type=\"text\" class=\"input-text-w wbk_date wbk-input\" name=\"date_formated\"\r\n            placeholder=\"Date\">\r\n    <\/div>\r\n    <\/div>\r\n<label class=\"checkbox-row-w one-row-w mb-30-w mt-30-w wbk_hidden wbk_local_time_switcher wbl_local_time_switcher\">\r\n    <span class=\"checkbox-custom-w\">\r\n        <input type=\"checkbox\" class=\"wbk_local_time_checkbox\" value=\"true\" name=\"local_time_switcher\">\r\n        <span class=\"checkmark-w\"><\/span>\r\n    <\/span>\r\n    <span class=\"checkbox-text-w\">\r\n        <span\r\n            class=\"checkbox-title-w\">Your local time<\/span>\r\n    <\/span>\r\n<\/label>\r\n\r\n<div class=\"wbk_limit_info\">\r\n\r\n<\/div>\r\n<ul class=\"details-list-w\">\r\n<\/ul>\r\n<select multiple class=\"wbk-input wbk_times wbk_hidden\" data-validation=\"must_have_items\"\r\n    data-validationmsg=\"Please, select timeslot(s)\"\r\n    style=\"display:block\" name=\"time\">\r\n<\/select>\r\n\r\n<select multiple class=\"wbk-input wbk_services_final wbk_hidden\" data-validation=\"must_have_items\"\r\n    data-validationmsg=\"Please, select timeslot(s)\"\r\n    style=\"display:block\" name=\"services[]\">\r\n<\/select>                            <\/div>\r\n                                                        <div class=\"appointment-content-screen-w\"  data-slug=\"form\" data-title=\"R\u00e9szletek\" data-request=\"wbk_render_booking_form\">\r\n                                                            <\/div>\r\n                                                        <div class=\"appointment-content-screen-w\"  data-slug=\"final_screen\" data-title=\"\" data-request=\"wbk_book\">\r\n                                                            <\/div>\r\n                            \r\n                        <div class=\"scrollbar-track scrollbar-track-x show\" style=\"display: none;\">\r\n                            <div class=\"scrollbar-thumb scrollbar-thumb-x\"\r\n                                style=\"width: 480px; transform: translate3d(0px, 0px, 0px);\"><\/div>\r\n                        <\/div>\r\n                        <div class=\"scrollbar-track scrollbar-track-y show\" style=\"display: none;\">\r\n                            <div class=\"scrollbar-thumb scrollbar-thumb-y\"\r\n                                style=\"height: 500px; transform: translate3d(0px, 0px, 0px);\"><\/div>\r\n                        <\/div>\r\n                    <\/div><!-- \/.appointent-content-scroll-w -->\r\n\r\n                    <div class=\"button-block-wbk two-buttons-wbk\">\r\n                        <button type=\"button\" class=\"button-wbk button-prev-wbk\">Previous<\/button>\r\n                        <button type=\"button\" class=\"button-wbk button-next-wbk\">Next<span class=\"btn-ring-wbk\"><\/span><\/button>\r\n                    <\/div><!-- \/.button-block-wbk -->\r\n                    <div class=\"form-error-w\" style=\"display: none;\">\r\n                        <img decoding=\"async\" class=\"warning-img-w\" src=\"https:\/\/minipolisz.hu\/wp-content\/plugins\/webba-booking\/public\/images\/error-icon.png\" alt=\"error\">\r\n                        <span class=\"form-error-message-w\"><\/span>\r\n                    <\/div>\r\n                <input type=\"hidden\" name=\"trp-form-language\" value=\"en\"\/><\/form>\r\n                    <\/div><!-- \/.appointment-content-wbk -->\r\n\r\n    <\/div>\r\n<\/div>\t\t\t\t\t\t\t\t<\/div>\n\t\t\t\t<\/div>\n\t\t\t\t\t<\/div>\n\t\t<\/div>\n\t\t\t\t\t<\/div>\n\t\t<\/section>\n\t\t\t\t<\/div>","protected":false},"excerpt":{"rendered":"<p>CSOPORTOS FOGLAL\u00c1S A csoportl\u00e1togat\u00e1s el\u0151zetes foglal\u00e1shoz k\u00f6t\u00f6tt, amit a napt\u00e1rban v\u00e9gezhet el. A foglal\u00e1s gomb megnyom\u00e1sa ut\u00e1n azonnal fog kapni e-mailben egy visszaigazol\u00e1st. Foglalni az id\u0151pont el\u0151tt min. 4 nappal \u00e9s max. 3 h\u00f3nappal kor\u00e1bban lehet. Kedvez\u0151 csoportos bel\u00e9p\u0151jegy: 3.800 Ft\/ gyermek (1 db j\u00e1t\u00e9ktermi zsetont tartalmaz), 3.500 Ft\/ gyermek (zseton n\u00e9lk\u00fcl). A zseton leg\u00fajabb [&hellip;]<\/p>","protected":false},"author":123,"featured_media":0,"parent":0,"menu_order":0,"comment_status":"closed","ping_status":"closed","template":"","meta":{"footnotes":""},"class_list":["post-293","page","type-page","status-publish","hentry"],"yoast_head":"<!-- This site is optimized with the Yoast SEO Premium plugin v25.6 (Yoast SEO v25.9) - https:\/\/yoast.com\/wordpress\/plugins\/seo\/ -->\n<title>Csoportfoglal\u00e1si napt\u00e1r - minipolisz<\/title>\n<meta name=\"robots\" content=\"index, follow, max-snippet:-1, max-image-preview:large, max-video-preview:-1\" \/>\n<link rel=\"canonical\" href=\"https:\/\/minipolisz.hu\/en\/csoportfoglalasinaptar\/\" \/>\n<meta property=\"og:locale\" content=\"en_US\" \/>\n<meta property=\"og:type\" content=\"article\" \/>\n<meta property=\"og:title\" content=\"Csoportfoglal\u00e1si napt\u00e1r\" \/>\n<meta property=\"og:description\" content=\"CSOPORTOS FOGLAL\u00c1S A csoportl\u00e1togat\u00e1s el\u0151zetes foglal\u00e1shoz k\u00f6t\u00f6tt, amit a napt\u00e1rban v\u00e9gezhet el. A foglal\u00e1s gomb megnyom\u00e1sa ut\u00e1n azonnal fog kapni e-mailben egy visszaigazol\u00e1st. Foglalni az id\u0151pont el\u0151tt min. 4 nappal \u00e9s max. 3 h\u00f3nappal kor\u00e1bban lehet. Kedvez\u0151 csoportos bel\u00e9p\u0151jegy: 3.800 Ft\/ gyermek (1 db j\u00e1t\u00e9ktermi zsetont tartalmaz), 3.500 Ft\/ gyermek (zseton n\u00e9lk\u00fcl). A zseton leg\u00fajabb [&hellip;]\" \/>\n<meta property=\"og:url\" content=\"https:\/\/minipolisz.hu\/en\/csoportfoglalasinaptar\/\" \/>\n<meta property=\"og:site_name\" content=\"minipolisz\" \/>\n<meta property=\"article:publisher\" content=\"https:\/\/www.facebook.com\/MiniPolisz\" \/>\n<meta property=\"article:modified_time\" content=\"2026-03-02T18:13:07+00:00\" \/>\n<meta name=\"twitter:card\" content=\"summary_large_image\" \/>\n<meta name=\"twitter:label1\" content=\"Est. reading time\" \/>\n\t<meta name=\"twitter:data1\" content=\"1 minute\" \/>\n<script type=\"application\/ld+json\" class=\"yoast-schema-graph\">{\"@context\":\"https:\/\/schema.org\",\"@graph\":[{\"@type\":\"WebPage\",\"@id\":\"https:\/\/minipolisz.hu\/csoportfoglalasinaptar\/\",\"url\":\"https:\/\/minipolisz.hu\/csoportfoglalasinaptar\/\",\"name\":\"Csoportfoglal\u00e1si napt\u00e1r - minipolisz\",\"isPartOf\":{\"@id\":\"https:\/\/minipolisz.hu\/#website\"},\"datePublished\":\"2023-06-03T12:25:04+00:00\",\"dateModified\":\"2026-03-02T18:13:07+00:00\",\"breadcrumb\":{\"@id\":\"https:\/\/minipolisz.hu\/csoportfoglalasinaptar\/#breadcrumb\"},\"inLanguage\":\"en-US\",\"potentialAction\":[{\"@type\":\"ReadAction\",\"target\":[\"https:\/\/minipolisz.hu\/csoportfoglalasinaptar\/\"]}]},{\"@type\":\"BreadcrumbList\",\"@id\":\"https:\/\/minipolisz.hu\/csoportfoglalasinaptar\/#breadcrumb\",\"itemListElement\":[{\"@type\":\"ListItem\",\"position\":1,\"name\":\"Kezd\u0151lap\",\"item\":\"https:\/\/minipolisz.hu\/\"},{\"@type\":\"ListItem\",\"position\":2,\"name\":\"Csoportfoglal\u00e1si napt\u00e1r\"}]},{\"@type\":\"WebSite\",\"@id\":\"https:\/\/minipolisz.hu\/#website\",\"url\":\"https:\/\/minipolisz.hu\/\",\"name\":\"minipolisz\",\"description\":\"A hely, ahol Te is feln\u0151tt lehetsz\",\"publisher\":{\"@id\":\"https:\/\/minipolisz.hu\/#organization\"},\"potentialAction\":[{\"@type\":\"SearchAction\",\"target\":{\"@type\":\"EntryPoint\",\"urlTemplate\":\"https:\/\/minipolisz.hu\/?s={search_term_string}\"},\"query-input\":{\"@type\":\"PropertyValueSpecification\",\"valueRequired\":true,\"valueName\":\"search_term_string\"}}],\"inLanguage\":\"en-US\"},{\"@type\":\"Organization\",\"@id\":\"https:\/\/minipolisz.hu\/#organization\",\"name\":\"minipolisz\",\"url\":\"https:\/\/minipolisz.hu\/\",\"logo\":{\"@type\":\"ImageObject\",\"inLanguage\":\"en-US\",\"@id\":\"https:\/\/minipolisz.hu\/#\/schema\/logo\/image\/\",\"url\":\"https:\/\/minipolisz.hu\/wp-content\/uploads\/2023\/06\/logo_minipolisz-3.png\",\"contentUrl\":\"https:\/\/minipolisz.hu\/wp-content\/uploads\/2023\/06\/logo_minipolisz-3.png\",\"width\":324,\"height\":90,\"caption\":\"minipolisz\"},\"image\":{\"@id\":\"https:\/\/minipolisz.hu\/#\/schema\/logo\/image\/\"},\"sameAs\":[\"https:\/\/www.facebook.com\/MiniPolisz\"]}]}<\/script>\n<!-- \/ Yoast SEO Premium plugin. -->","yoast_head_json":{"title":"Csoportfoglal\u00e1si napt\u00e1r - minipolisz","robots":{"index":"index","follow":"follow","max-snippet":"max-snippet:-1","max-image-preview":"max-image-preview:large","max-video-preview":"max-video-preview:-1"},"canonical":"https:\/\/minipolisz.hu\/en\/csoportfoglalasinaptar\/","og_locale":"en_US","og_type":"article","og_title":"Csoportfoglal\u00e1si napt\u00e1r","og_description":"CSOPORTOS FOGLAL\u00c1S A csoportl\u00e1togat\u00e1s el\u0151zetes foglal\u00e1shoz k\u00f6t\u00f6tt, amit a napt\u00e1rban v\u00e9gezhet el. A foglal\u00e1s gomb megnyom\u00e1sa ut\u00e1n azonnal fog kapni e-mailben egy visszaigazol\u00e1st. Foglalni az id\u0151pont el\u0151tt min. 4 nappal \u00e9s max. 3 h\u00f3nappal kor\u00e1bban lehet. Kedvez\u0151 csoportos bel\u00e9p\u0151jegy: 3.800 Ft\/ gyermek (1 db j\u00e1t\u00e9ktermi zsetont tartalmaz), 3.500 Ft\/ gyermek (zseton n\u00e9lk\u00fcl). A zseton leg\u00fajabb [&hellip;]","og_url":"https:\/\/minipolisz.hu\/en\/csoportfoglalasinaptar\/","og_site_name":"minipolisz","article_publisher":"https:\/\/www.facebook.com\/MiniPolisz","article_modified_time":"2026-03-02T18:13:07+00:00","twitter_card":"summary_large_image","twitter_misc":{"Est. reading time":"1 minute"},"schema":{"@context":"https:\/\/schema.org","@graph":[{"@type":"WebPage","@id":"https:\/\/minipolisz.hu\/csoportfoglalasinaptar\/","url":"https:\/\/minipolisz.hu\/csoportfoglalasinaptar\/","name":"Csoportfoglal\u00e1si napt\u00e1r - minipolisz","isPartOf":{"@id":"https:\/\/minipolisz.hu\/#website"},"datePublished":"2023-06-03T12:25:04+00:00","dateModified":"2026-03-02T18:13:07+00:00","breadcrumb":{"@id":"https:\/\/minipolisz.hu\/csoportfoglalasinaptar\/#breadcrumb"},"inLanguage":"en-US","potentialAction":[{"@type":"ReadAction","target":["https:\/\/minipolisz.hu\/csoportfoglalasinaptar\/"]}]},{"@type":"BreadcrumbList","@id":"https:\/\/minipolisz.hu\/csoportfoglalasinaptar\/#breadcrumb","itemListElement":[{"@type":"ListItem","position":1,"name":"Kezd\u0151lap","item":"https:\/\/minipolisz.hu\/"},{"@type":"ListItem","position":2,"name":"Csoportfoglal\u00e1si napt\u00e1r"}]},{"@type":"WebSite","@id":"https:\/\/minipolisz.hu\/#website","url":"https:\/\/minipolisz.hu\/","name":"minipolisz","description":"The place where you can be a grown up","publisher":{"@id":"https:\/\/minipolisz.hu\/#organization"},"potentialAction":[{"@type":"SearchAction","target":{"@type":"EntryPoint","urlTemplate":"https:\/\/minipolisz.hu\/?s={search_term_string}"},"query-input":{"@type":"PropertyValueSpecification","valueRequired":true,"valueName":"search_term_string"}}],"inLanguage":"en-US"},{"@type":"Organization","@id":"https:\/\/minipolisz.hu\/#organization","name":"minipolisz","url":"https:\/\/minipolisz.hu\/","logo":{"@type":"ImageObject","inLanguage":"en-US","@id":"https:\/\/minipolisz.hu\/#\/schema\/logo\/image\/","url":"https:\/\/minipolisz.hu\/wp-content\/uploads\/2023\/06\/logo_minipolisz-3.png","contentUrl":"https:\/\/minipolisz.hu\/wp-content\/uploads\/2023\/06\/logo_minipolisz-3.png","width":324,"height":90,"caption":"minipolisz"},"image":{"@id":"https:\/\/minipolisz.hu\/#\/schema\/logo\/image\/"},"sameAs":["https:\/\/www.facebook.com\/MiniPolisz"]}]}},"_links":{"self":[{"href":"https:\/\/minipolisz.hu\/en\/wp-json\/wp\/v2\/pages\/293","targetHints":{"allow":["GET"]}}],"collection":[{"href":"https:\/\/minipolisz.hu\/en\/wp-json\/wp\/v2\/pages"}],"about":[{"href":"https:\/\/minipolisz.hu\/en\/wp-json\/wp\/v2\/types\/page"}],"author":[{"embeddable":true,"href":"https:\/\/minipolisz.hu\/en\/wp-json\/wp\/v2\/users\/123"}],"replies":[{"embeddable":true,"href":"https:\/\/minipolisz.hu\/en\/wp-json\/wp\/v2\/comments?post=293"}],"version-history":[{"count":9,"href":"https:\/\/minipolisz.hu\/en\/wp-json\/wp\/v2\/pages\/293\/revisions"}],"predecessor-version":[{"id":4441,"href":"https:\/\/minipolisz.hu\/en\/wp-json\/wp\/v2\/pages\/293\/revisions\/4441"}],"wp:attachment":[{"href":"https:\/\/minipolisz.hu\/en\/wp-json\/wp\/v2\/media?parent=293"}],"curies":[{"name":"wp","href":"https:\/\/api.w.org\/{rel}","templated":true}]}}