{"id":287,"date":"2023-06-03T14:25:04","date_gmt":"2023-06-03T12:25:04","guid":{"rendered":"https:\/\/new.minipolisz.hu\/mi-a-minipolisz\/"},"modified":"2024-09-02T14:21:17","modified_gmt":"2024-09-02T12:21:17","slug":"mi-a-minipolisz","status":"publish","type":"page","link":"https:\/\/minipolisz.hu\/en\/mi-a-minipolisz\/","title":{"rendered":"What is Minipolisz?"},"content":{"rendered":"<div data-elementor-type=\"wp-page\" data-elementor-id=\"287\" class=\"elementor elementor-287\" data-elementor-post-type=\"page\">\n\t\t\t\t\t\t<section class=\"elementor-section elementor-top-section elementor-element elementor-element-7b467f42 elementor-section-content-middle elementor-reverse-mobile elementor-section-boxed elementor-section-height-default elementor-section-height-default\" data-id=\"7b467f42\" data-element_type=\"section\">\n\t\t\t\t\t\t<div class=\"elementor-container elementor-column-gap-default\">\n\t\t\t\t\t<div class=\"elementor-column elementor-col-50 elementor-top-column elementor-element elementor-element-6fca7055\" data-id=\"6fca7055\" data-element_type=\"column\">\n\t\t\t<div class=\"elementor-widget-wrap elementor-element-populated\">\n\t\t\t\t\t\t<div class=\"elementor-element elementor-element-4ac63c75 elementor-widget elementor-widget-heading\" data-id=\"4ac63c75\" data-element_type=\"widget\" data-widget_type=\"heading.default\">\n\t\t\t\t<div class=\"elementor-widget-container\">\n\t\t\t\t\t<h2 class=\"elementor-heading-title elementor-size-default\">What is Minipolisz?<\/h2>\t\t\t\t<\/div>\n\t\t\t\t<\/div>\n\t\t\t\t<div class=\"elementor-element elementor-element-c58ada5 elementor-widget elementor-widget-text-editor\" data-id=\"c58ada5\" data-element_type=\"widget\" data-widget_type=\"text-editor.default\">\n\t\t\t\t<div class=\"elementor-widget-container\">\n\t\t\t\t\t\t\t\t\t<p><strong>FUN, INTERACTIVE, CREATIVE AND EDUCATIONAL ACTIVITY CENTER FOR CHILDREN AND THEIR FAMILIES IN THE BEATING HEART OF BUDAPEST.<\/strong><\/p><p>MiniPolisz is a family fun center in Budapest designed to offer children between 3 and 12 years the ultimate \u201cgrownup experience\u201d. On over 30 stations kids can become little vets, firefighters, policemen, shopkeepers, bank tellers, car mechanics and even rock stars for a few hours. This activity complex is built as a kid-sized city with all the necessary infrastructure so that youngsters can learn about how the world works while playing with other children or their parents. A day at MiniPolisz can turn into an unforgettable family experience as grownups explain how things work to the little ones and discover the wonderful life of a city together.<\/p><p>Aside from being an awesome attraction for families with children, MiniPolisz is a favorite kids\u2019 birthday venue and party place among locals. Offering separate areas for private groups, party organization services such as custom decorations, animation services and arts &amp; craft activities, there is hardly a better place for a birthday party in Budapest.<\/p>\t\t\t\t\t\t\t\t<\/div>\n\t\t\t\t<\/div>\n\t\t\t\t\t<\/div>\n\t\t<\/div>\n\t\t\t\t<div class=\"elementor-column elementor-col-50 elementor-top-column elementor-element elementor-element-46dd88c\" data-id=\"46dd88c\" data-element_type=\"column\">\n\t\t\t<div class=\"elementor-widget-wrap elementor-element-populated\">\n\t\t\t\t\t\t<div class=\"elementor-element elementor-element-1bf0cbc5 elementor-widget elementor-widget-image\" data-id=\"1bf0cbc5\" data-element_type=\"widget\" data-widget_type=\"image.default\">\n\t\t\t\t<div class=\"elementor-widget-container\">\n\t\t\t\t\t\t\t\t\t\t\t\t\t\t\t<img fetchpriority=\"high\" decoding=\"async\" width=\"1200\" height=\"1324\" src=\"https:\/\/minipolisz.hu\/wp-content\/uploads\/2023\/06\/mi_a_minipolisz_conv-4.png\" class=\"attachment-full size-full wp-image-68\" alt=\"\" srcset=\"https:\/\/minipolisz.hu\/wp-content\/uploads\/2023\/06\/mi_a_minipolisz_conv-4.png 1200w, https:\/\/minipolisz.hu\/wp-content\/uploads\/2023\/06\/mi_a_minipolisz_conv-4-634x700.png 634w, https:\/\/minipolisz.hu\/wp-content\/uploads\/2023\/06\/mi_a_minipolisz_conv-4-928x1024.png 928w, https:\/\/minipolisz.hu\/wp-content\/uploads\/2023\/06\/mi_a_minipolisz_conv-4-768x847.png 768w, https:\/\/minipolisz.hu\/wp-content\/uploads\/2023\/06\/mi_a_minipolisz_conv-4-11x12.png 11w\" sizes=\"(max-width: 1200px) 100vw, 1200px\" \/>\t\t\t\t\t\t\t\t\t\t\t\t\t\t\t<\/div>\n\t\t\t\t<\/div>\n\t\t\t\t\t<\/div>\n\t\t<\/div>\n\t\t\t\t\t<\/div>\n\t\t<\/section>\n\t\t\t\t<\/div>","protected":false},"excerpt":{"rendered":"<p>Mi a Minipolisz? Interakt\u00edv csal\u00e1di j\u00e1tsz\u00f3h\u00e1z gyermekeknek, sz\u00fcl\u0151knek \u00e9s nagysz\u00fcl\u0151knek \u2013 Budapest sz\u00edv\u00e9ben, a Kir\u00e1ly utc\u00e1ban. A MiniPolisz egy olyan k\u00fcl\u00f6nleges vil\u00e1g, ahol a 3-12 \u00e9ves koroszt\u00e1ly j\u00e1tszva ismerkedhet meg a sz\u00e1mukra el\u00e9rhetetlen \u201efeln\u0151ttes\u201d dolgokkal. A folyamatosan meg\u00fajul\u00f3 helysz\u00edneken a kicsik egy teljes m\u00e9rt\u00e9kben a m\u00e9reteikre szabott, fel\u00e9p\u00edtett v\u00e1rosban egy id\u0151re beleb\u00fajhatnak a feln\u0151ttek b\u0151r\u00e9be. [&hellip;]<\/p>","protected":false},"author":123,"featured_media":0,"parent":0,"menu_order":0,"comment_status":"closed","ping_status":"closed","template":"","meta":{"footnotes":""},"class_list":["post-287","page","type-page","status-publish","hentry"],"yoast_head":"<!-- This site is optimized with the Yoast SEO Premium plugin v25.6 (Yoast SEO v25.9) - https:\/\/yoast.com\/wordpress\/plugins\/seo\/ -->\n<title>Mi a Minipolisz? - minipolisz<\/title>\n<meta name=\"robots\" content=\"index, follow, max-snippet:-1, max-image-preview:large, max-video-preview:-1\" \/>\n<link rel=\"canonical\" href=\"https:\/\/minipolisz.hu\/en\/mi-a-minipolisz\/\" \/>\n<meta property=\"og:locale\" content=\"en_US\" \/>\n<meta property=\"og:type\" content=\"article\" \/>\n<meta property=\"og:title\" content=\"Mi a Minipolisz?\" \/>\n<meta property=\"og:description\" content=\"Mi a Minipolisz? Interakt\u00edv csal\u00e1di j\u00e1tsz\u00f3h\u00e1z gyermekeknek, sz\u00fcl\u0151knek \u00e9s nagysz\u00fcl\u0151knek \u2013 Budapest sz\u00edv\u00e9ben, a Kir\u00e1ly utc\u00e1ban. A MiniPolisz egy olyan k\u00fcl\u00f6nleges vil\u00e1g, ahol a 3-12 \u00e9ves koroszt\u00e1ly j\u00e1tszva ismerkedhet meg a sz\u00e1mukra el\u00e9rhetetlen \u201efeln\u0151ttes\u201d dolgokkal. A folyamatosan meg\u00fajul\u00f3 helysz\u00edneken a kicsik egy teljes m\u00e9rt\u00e9kben a m\u00e9reteikre szabott, fel\u00e9p\u00edtett v\u00e1rosban egy id\u0151re beleb\u00fajhatnak a feln\u0151ttek b\u0151r\u00e9be. [&hellip;]\" \/>\n<meta property=\"og:url\" content=\"https:\/\/minipolisz.hu\/en\/mi-a-minipolisz\/\" \/>\n<meta property=\"og:site_name\" content=\"minipolisz\" \/>\n<meta property=\"article:publisher\" content=\"https:\/\/www.facebook.com\/MiniPolisz\" \/>\n<meta property=\"article:modified_time\" content=\"2024-09-02T12:21:17+00:00\" \/>\n<meta property=\"og:image\" content=\"https:\/\/minipolisz.hu\/wp-content\/uploads\/2023\/06\/mi_a_minipolisz_conv-4.png\" \/>\n<meta name=\"twitter:card\" content=\"summary_large_image\" \/>\n<meta name=\"twitter:label1\" content=\"Est. reading time\" \/>\n\t<meta name=\"twitter:data1\" content=\"1 minute\" \/>\n<script type=\"application\/ld+json\" class=\"yoast-schema-graph\">{\"@context\":\"https:\/\/schema.org\",\"@graph\":[{\"@type\":\"WebPage\",\"@id\":\"https:\/\/minipolisz.hu\/mi-a-minipolisz\/\",\"url\":\"https:\/\/minipolisz.hu\/mi-a-minipolisz\/\",\"name\":\"Mi a Minipolisz? - minipolisz\",\"isPartOf\":{\"@id\":\"https:\/\/minipolisz.hu\/#website\"},\"primaryImageOfPage\":{\"@id\":\"https:\/\/minipolisz.hu\/mi-a-minipolisz\/#primaryimage\"},\"image\":{\"@id\":\"https:\/\/minipolisz.hu\/mi-a-minipolisz\/#primaryimage\"},\"thumbnailUrl\":\"https:\/\/minipolisz.hu\/wp-content\/uploads\/2023\/06\/mi_a_minipolisz_conv-4.png\",\"datePublished\":\"2023-06-03T12:25:04+00:00\",\"dateModified\":\"2024-09-02T12:21:17+00:00\",\"breadcrumb\":{\"@id\":\"https:\/\/minipolisz.hu\/mi-a-minipolisz\/#breadcrumb\"},\"inLanguage\":\"en-US\",\"potentialAction\":[{\"@type\":\"ReadAction\",\"target\":[\"https:\/\/minipolisz.hu\/mi-a-minipolisz\/\"]}]},{\"@type\":\"ImageObject\",\"inLanguage\":\"en-US\",\"@id\":\"https:\/\/minipolisz.hu\/mi-a-minipolisz\/#primaryimage\",\"url\":\"https:\/\/minipolisz.hu\/wp-content\/uploads\/2023\/06\/mi_a_minipolisz_conv-4.png\",\"contentUrl\":\"https:\/\/minipolisz.hu\/wp-content\/uploads\/2023\/06\/mi_a_minipolisz_conv-4.png\"},{\"@type\":\"BreadcrumbList\",\"@id\":\"https:\/\/minipolisz.hu\/mi-a-minipolisz\/#breadcrumb\",\"itemListElement\":[{\"@type\":\"ListItem\",\"position\":1,\"name\":\"Kezd\u0151lap\",\"item\":\"https:\/\/minipolisz.hu\/\"},{\"@type\":\"ListItem\",\"position\":2,\"name\":\"Mi a Minipolisz?\"}]},{\"@type\":\"WebSite\",\"@id\":\"https:\/\/minipolisz.hu\/#website\",\"url\":\"https:\/\/minipolisz.hu\/\",\"name\":\"minipolisz\",\"description\":\"A hely, ahol Te is feln\u0151tt lehetsz\",\"publisher\":{\"@id\":\"https:\/\/minipolisz.hu\/#organization\"},\"potentialAction\":[{\"@type\":\"SearchAction\",\"target\":{\"@type\":\"EntryPoint\",\"urlTemplate\":\"https:\/\/minipolisz.hu\/?s={search_term_string}\"},\"query-input\":{\"@type\":\"PropertyValueSpecification\",\"valueRequired\":true,\"valueName\":\"search_term_string\"}}],\"inLanguage\":\"en-US\"},{\"@type\":\"Organization\",\"@id\":\"https:\/\/minipolisz.hu\/#organization\",\"name\":\"minipolisz\",\"url\":\"https:\/\/minipolisz.hu\/\",\"logo\":{\"@type\":\"ImageObject\",\"inLanguage\":\"en-US\",\"@id\":\"https:\/\/minipolisz.hu\/#\/schema\/logo\/image\/\",\"url\":\"https:\/\/minipolisz.hu\/wp-content\/uploads\/2023\/06\/logo_minipolisz-3.png\",\"contentUrl\":\"https:\/\/minipolisz.hu\/wp-content\/uploads\/2023\/06\/logo_minipolisz-3.png\",\"width\":324,\"height\":90,\"caption\":\"minipolisz\"},\"image\":{\"@id\":\"https:\/\/minipolisz.hu\/#\/schema\/logo\/image\/\"},\"sameAs\":[\"https:\/\/www.facebook.com\/MiniPolisz\"]}]}<\/script>\n<!-- \/ Yoast SEO Premium plugin. -->","yoast_head_json":{"title":"Mi a Minipolisz? - minipolisz","robots":{"index":"index","follow":"follow","max-snippet":"max-snippet:-1","max-image-preview":"max-image-preview:large","max-video-preview":"max-video-preview:-1"},"canonical":"https:\/\/minipolisz.hu\/en\/mi-a-minipolisz\/","og_locale":"en_US","og_type":"article","og_title":"Mi a Minipolisz?","og_description":"Mi a Minipolisz? Interakt\u00edv csal\u00e1di j\u00e1tsz\u00f3h\u00e1z gyermekeknek, sz\u00fcl\u0151knek \u00e9s nagysz\u00fcl\u0151knek \u2013 Budapest sz\u00edv\u00e9ben, a Kir\u00e1ly utc\u00e1ban. A MiniPolisz egy olyan k\u00fcl\u00f6nleges vil\u00e1g, ahol a 3-12 \u00e9ves koroszt\u00e1ly j\u00e1tszva ismerkedhet meg a sz\u00e1mukra el\u00e9rhetetlen \u201efeln\u0151ttes\u201d dolgokkal. A folyamatosan meg\u00fajul\u00f3 helysz\u00edneken a kicsik egy teljes m\u00e9rt\u00e9kben a m\u00e9reteikre szabott, fel\u00e9p\u00edtett v\u00e1rosban egy id\u0151re beleb\u00fajhatnak a feln\u0151ttek b\u0151r\u00e9be. [&hellip;]","og_url":"https:\/\/minipolisz.hu\/en\/mi-a-minipolisz\/","og_site_name":"minipolisz","article_publisher":"https:\/\/www.facebook.com\/MiniPolisz","article_modified_time":"2024-09-02T12:21:17+00:00","og_image":[{"url":"https:\/\/minipolisz.hu\/wp-content\/uploads\/2023\/06\/mi_a_minipolisz_conv-4.png","type":"","width":"","height":""}],"twitter_card":"summary_large_image","twitter_misc":{"Est. reading time":"1 minute"},"schema":{"@context":"https:\/\/schema.org","@graph":[{"@type":"WebPage","@id":"https:\/\/minipolisz.hu\/mi-a-minipolisz\/","url":"https:\/\/minipolisz.hu\/mi-a-minipolisz\/","name":"Mi a Minipolisz? - minipolisz","isPartOf":{"@id":"https:\/\/minipolisz.hu\/#website"},"primaryImageOfPage":{"@id":"https:\/\/minipolisz.hu\/mi-a-minipolisz\/#primaryimage"},"image":{"@id":"https:\/\/minipolisz.hu\/mi-a-minipolisz\/#primaryimage"},"thumbnailUrl":"https:\/\/minipolisz.hu\/wp-content\/uploads\/2023\/06\/mi_a_minipolisz_conv-4.png","datePublished":"2023-06-03T12:25:04+00:00","dateModified":"2024-09-02T12:21:17+00:00","breadcrumb":{"@id":"https:\/\/minipolisz.hu\/mi-a-minipolisz\/#breadcrumb"},"inLanguage":"en-US","potentialAction":[{"@type":"ReadAction","target":["https:\/\/minipolisz.hu\/mi-a-minipolisz\/"]}]},{"@type":"ImageObject","inLanguage":"en-US","@id":"https:\/\/minipolisz.hu\/mi-a-minipolisz\/#primaryimage","url":"https:\/\/minipolisz.hu\/wp-content\/uploads\/2023\/06\/mi_a_minipolisz_conv-4.png","contentUrl":"https:\/\/minipolisz.hu\/wp-content\/uploads\/2023\/06\/mi_a_minipolisz_conv-4.png"},{"@type":"BreadcrumbList","@id":"https:\/\/minipolisz.hu\/mi-a-minipolisz\/#breadcrumb","itemListElement":[{"@type":"ListItem","position":1,"name":"Kezd\u0151lap","item":"https:\/\/minipolisz.hu\/"},{"@type":"ListItem","position":2,"name":"Mi a Minipolisz?"}]},{"@type":"WebSite","@id":"https:\/\/minipolisz.hu\/#website","url":"https:\/\/minipolisz.hu\/","name":"minipolisz","description":"The place where you can be a grown up","publisher":{"@id":"https:\/\/minipolisz.hu\/#organization"},"potentialAction":[{"@type":"SearchAction","target":{"@type":"EntryPoint","urlTemplate":"https:\/\/minipolisz.hu\/?s={search_term_string}"},"query-input":{"@type":"PropertyValueSpecification","valueRequired":true,"valueName":"search_term_string"}}],"inLanguage":"en-US"},{"@type":"Organization","@id":"https:\/\/minipolisz.hu\/#organization","name":"minipolisz","url":"https:\/\/minipolisz.hu\/","logo":{"@type":"ImageObject","inLanguage":"en-US","@id":"https:\/\/minipolisz.hu\/#\/schema\/logo\/image\/","url":"https:\/\/minipolisz.hu\/wp-content\/uploads\/2023\/06\/logo_minipolisz-3.png","contentUrl":"https:\/\/minipolisz.hu\/wp-content\/uploads\/2023\/06\/logo_minipolisz-3.png","width":324,"height":90,"caption":"minipolisz"},"image":{"@id":"https:\/\/minipolisz.hu\/#\/schema\/logo\/image\/"},"sameAs":["https:\/\/www.facebook.com\/MiniPolisz"]}]}},"_links":{"self":[{"href":"https:\/\/minipolisz.hu\/en\/wp-json\/wp\/v2\/pages\/287","targetHints":{"allow":["GET"]}}],"collection":[{"href":"https:\/\/minipolisz.hu\/en\/wp-json\/wp\/v2\/pages"}],"about":[{"href":"https:\/\/minipolisz.hu\/en\/wp-json\/wp\/v2\/types\/page"}],"author":[{"embeddable":true,"href":"https:\/\/minipolisz.hu\/en\/wp-json\/wp\/v2\/users\/123"}],"replies":[{"embeddable":true,"href":"https:\/\/minipolisz.hu\/en\/wp-json\/wp\/v2\/comments?post=287"}],"version-history":[{"count":0,"href":"https:\/\/minipolisz.hu\/en\/wp-json\/wp\/v2\/pages\/287\/revisions"}],"wp:attachment":[{"href":"https:\/\/minipolisz.hu\/en\/wp-json\/wp\/v2\/media?parent=287"}],"curies":[{"name":"wp","href":"https:\/\/api.w.org\/{rel}","templated":true}]}}