{"id":281,"date":"2023-06-03T14:25:04","date_gmt":"2023-06-03T12:25:04","guid":{"rendered":"https:\/\/new.minipolisz.hu\/karrier\/"},"modified":"2024-10-25T17:37:02","modified_gmt":"2024-10-25T15:37:02","slug":"karrier","status":"publish","type":"page","link":"https:\/\/minipolisz.hu\/en\/karrier\/","title":{"rendered":"Career"},"content":{"rendered":"<div data-elementor-type=\"wp-page\" data-elementor-id=\"281\" class=\"elementor elementor-281\" data-elementor-post-type=\"page\">\n\t\t\t\t\t\t<section class=\"elementor-section elementor-top-section elementor-element elementor-element-2515d30d elementor-section-boxed elementor-section-height-default elementor-section-height-default\" data-id=\"2515d30d\" data-element_type=\"section\" data-settings=\"{&quot;background_background&quot;:&quot;classic&quot;}\">\n\t\t\t\t\t\t<div class=\"elementor-container elementor-column-gap-default\">\n\t\t\t\t\t<div class=\"elementor-column elementor-col-100 elementor-top-column elementor-element elementor-element-418df1e0\" data-id=\"418df1e0\" data-element_type=\"column\">\n\t\t\t<div class=\"elementor-widget-wrap elementor-element-populated\">\n\t\t\t\t\t\t<div class=\"elementor-element elementor-element-5695a1e0 elementor-widget__width-initial elementor-widget elementor-widget-heading\" data-id=\"5695a1e0\" data-element_type=\"widget\" data-widget_type=\"heading.default\">\n\t\t\t\t<div class=\"elementor-widget-container\">\n\t\t\t\t\t<h2 class=\"elementor-heading-title elementor-size-default\">Career<\/h2>\t\t\t\t<\/div>\n\t\t\t\t<\/div>\n\t\t\t\t<section class=\"elementor-section elementor-inner-section elementor-element elementor-element-2cc4cf68 elementor-section-boxed elementor-section-height-default elementor-section-height-default\" data-id=\"2cc4cf68\" data-element_type=\"section\">\n\t\t\t\t\t\t<div class=\"elementor-container elementor-column-gap-default\">\n\t\t\t\t\t<div class=\"elementor-column elementor-col-25 elementor-inner-column elementor-element elementor-element-16f6a8e0\" data-id=\"16f6a8e0\" data-element_type=\"column\">\n\t\t\t<div class=\"elementor-widget-wrap elementor-element-populated\">\n\t\t\t\t\t\t<div class=\"elementor-element elementor-element-60e6926d elementor-widget elementor-widget-image\" data-id=\"60e6926d\" data-element_type=\"widget\" data-widget_type=\"image.default\">\n\t\t\t\t<div class=\"elementor-widget-container\">\n\t\t\t\t\t\t\t\t\t\t\t\t\t\t\t\t<a href=\"https:\/\/minipolisz.hu\/en\/muszakis-kollega\/\">\n\t\t\t\t\t\t\t<img fetchpriority=\"high\" decoding=\"async\" width=\"586\" height=\"566\" src=\"https:\/\/minipolisz.hu\/wp-content\/uploads\/2024\/10\/MUSZAKI.png\" class=\"attachment-large size-large wp-image-3601\" alt=\"\" srcset=\"https:\/\/minipolisz.hu\/wp-content\/uploads\/2024\/10\/MUSZAKI.png 586w, https:\/\/minipolisz.hu\/wp-content\/uploads\/2024\/10\/MUSZAKI-12x12.png 12w\" sizes=\"(max-width: 586px) 100vw, 586px\" \/>\t\t\t\t\t\t\t\t<\/a>\n\t\t\t\t\t\t\t\t\t\t\t\t\t\t\t<\/div>\n\t\t\t\t<\/div>\n\t\t\t\t<div class=\"elementor-element elementor-element-3fcd4cce elementor-align-center elementor-widget elementor-widget-button\" data-id=\"3fcd4cce\" data-element_type=\"widget\" data-widget_type=\"button.default\">\n\t\t\t\t<div class=\"elementor-widget-container\">\n\t\t\t\t\t\t\t\t\t<div class=\"elementor-button-wrapper\">\n\t\t\t\t\t<a class=\"elementor-button elementor-button-link elementor-size-sm\" href=\"https:\/\/minipolisz.hu\/en\/muszakis-kollega\/\">\n\t\t\t\t\t\t<span class=\"elementor-button-content-wrapper\">\n\t\t\t\t\t\t\t\t\t<span class=\"elementor-button-text\">On to the job<\/span>\n\t\t\t\t\t<\/span>\n\t\t\t\t\t<\/a>\n\t\t\t\t<\/div>\n\t\t\t\t\t\t\t\t<\/div>\n\t\t\t\t<\/div>\n\t\t\t\t\t<\/div>\n\t\t<\/div>\n\t\t\t\t<div class=\"elementor-column elementor-col-25 elementor-inner-column elementor-element elementor-element-bfcf2c8\" data-id=\"bfcf2c8\" data-element_type=\"column\">\n\t\t\t<div class=\"elementor-widget-wrap elementor-element-populated\">\n\t\t\t\t\t\t<div class=\"elementor-element elementor-element-2230a09 elementor-widget elementor-widget-image\" data-id=\"2230a09\" data-element_type=\"widget\" data-widget_type=\"image.default\">\n\t\t\t\t<div class=\"elementor-widget-container\">\n\t\t\t\t\t\t\t\t\t\t\t\t\t\t\t\t<a href=\"https:\/\/minipolisz.hu\/en\/animator-allas\/\">\n\t\t\t\t\t\t\t<img decoding=\"async\" width=\"714\" height=\"710\" src=\"https:\/\/minipolisz.hu\/wp-content\/uploads\/2023\/07\/animator.png\" class=\"attachment-large size-large wp-image-2425\" alt=\"\" srcset=\"https:\/\/minipolisz.hu\/wp-content\/uploads\/2023\/07\/animator.png 714w, https:\/\/minipolisz.hu\/wp-content\/uploads\/2023\/07\/animator-700x696.png 700w, https:\/\/minipolisz.hu\/wp-content\/uploads\/2023\/07\/animator-150x150.png 150w, https:\/\/minipolisz.hu\/wp-content\/uploads\/2023\/07\/animator-12x12.png 12w\" sizes=\"(max-width: 714px) 100vw, 714px\" \/>\t\t\t\t\t\t\t\t<\/a>\n\t\t\t\t\t\t\t\t\t\t\t\t\t\t\t<\/div>\n\t\t\t\t<\/div>\n\t\t\t\t<div class=\"elementor-element elementor-element-b576065 elementor-align-center elementor-widget elementor-widget-button\" data-id=\"b576065\" data-element_type=\"widget\" data-widget_type=\"button.default\">\n\t\t\t\t<div class=\"elementor-widget-container\">\n\t\t\t\t\t\t\t\t\t<div class=\"elementor-button-wrapper\">\n\t\t\t\t\t<a class=\"elementor-button elementor-button-link elementor-size-sm\" href=\"https:\/\/minipolisz.hu\/en\/animator-allas\/\">\n\t\t\t\t\t\t<span class=\"elementor-button-content-wrapper\">\n\t\t\t\t\t\t\t\t\t<span class=\"elementor-button-text\">On to the job<\/span>\n\t\t\t\t\t<\/span>\n\t\t\t\t\t<\/a>\n\t\t\t\t<\/div>\n\t\t\t\t\t\t\t\t<\/div>\n\t\t\t\t<\/div>\n\t\t\t\t\t<\/div>\n\t\t<\/div>\n\t\t\t\t<div class=\"elementor-column elementor-col-25 elementor-inner-column elementor-element elementor-element-1a07708\" data-id=\"1a07708\" data-element_type=\"column\">\n\t\t\t<div class=\"elementor-widget-wrap elementor-element-populated\">\n\t\t\t\t\t\t<div class=\"elementor-element elementor-element-6c6ea72a elementor-widget elementor-widget-image\" data-id=\"6c6ea72a\" data-element_type=\"widget\" data-widget_type=\"image.default\">\n\t\t\t\t<div class=\"elementor-widget-container\">\n\t\t\t\t\t\t\t\t\t\t\t\t\t\t\t\t<a href=\"https:\/\/minipolisz.hu\/en\/recepcios-allas\/\">\n\t\t\t\t\t\t\t<img decoding=\"async\" width=\"712\" height=\"710\" src=\"https:\/\/minipolisz.hu\/wp-content\/uploads\/2023\/07\/RECIS.png\" class=\"attachment-large size-large wp-image-2426\" alt=\"\" srcset=\"https:\/\/minipolisz.hu\/wp-content\/uploads\/2023\/07\/RECIS.png 712w, https:\/\/minipolisz.hu\/wp-content\/uploads\/2023\/07\/RECIS-700x698.png 700w, https:\/\/minipolisz.hu\/wp-content\/uploads\/2023\/07\/RECIS-150x150.png 150w, https:\/\/minipolisz.hu\/wp-content\/uploads\/2023\/07\/RECIS-12x12.png 12w\" sizes=\"(max-width: 712px) 100vw, 712px\" \/>\t\t\t\t\t\t\t\t<\/a>\n\t\t\t\t\t\t\t\t\t\t\t\t\t\t\t<\/div>\n\t\t\t\t<\/div>\n\t\t\t\t<div class=\"elementor-element elementor-element-1ea5849c elementor-align-center elementor-widget elementor-widget-button\" data-id=\"1ea5849c\" data-element_type=\"widget\" data-widget_type=\"button.default\">\n\t\t\t\t<div class=\"elementor-widget-container\">\n\t\t\t\t\t\t\t\t\t<div class=\"elementor-button-wrapper\">\n\t\t\t\t\t<a class=\"elementor-button elementor-button-link elementor-size-sm\" href=\"https:\/\/minipolisz.hu\/en\/recepcios-allas\/\">\n\t\t\t\t\t\t<span class=\"elementor-button-content-wrapper\">\n\t\t\t\t\t\t\t\t\t<span class=\"elementor-button-text\">On to the job<\/span>\n\t\t\t\t\t<\/span>\n\t\t\t\t\t<\/a>\n\t\t\t\t<\/div>\n\t\t\t\t\t\t\t\t<\/div>\n\t\t\t\t<\/div>\n\t\t\t\t\t<\/div>\n\t\t<\/div>\n\t\t\t\t<div class=\"elementor-column elementor-col-25 elementor-inner-column elementor-element elementor-element-725eede9\" data-id=\"725eede9\" data-element_type=\"column\">\n\t\t\t<div class=\"elementor-widget-wrap elementor-element-populated\">\n\t\t\t\t\t\t<div class=\"elementor-element elementor-element-7334c2fa elementor-widget elementor-widget-image\" data-id=\"7334c2fa\" data-element_type=\"widget\" data-widget_type=\"image.default\">\n\t\t\t\t<div class=\"elementor-widget-container\">\n\t\t\t\t\t\t\t\t\t\t\t\t\t\t\t\t<a href=\"https:\/\/minipolisz.hu\/en\/bufes-allas\/\">\n\t\t\t\t\t\t\t<img loading=\"lazy\" decoding=\"async\" width=\"708\" height=\"710\" src=\"https:\/\/minipolisz.hu\/wp-content\/uploads\/2023\/07\/BUFES.png\" class=\"attachment-large size-large wp-image-2427\" alt=\"\" srcset=\"https:\/\/minipolisz.hu\/wp-content\/uploads\/2023\/07\/BUFES.png 708w, https:\/\/minipolisz.hu\/wp-content\/uploads\/2023\/07\/BUFES-698x700.png 698w, https:\/\/minipolisz.hu\/wp-content\/uploads\/2023\/07\/BUFES-150x150.png 150w, https:\/\/minipolisz.hu\/wp-content\/uploads\/2023\/07\/BUFES-12x12.png 12w\" sizes=\"(max-width: 708px) 100vw, 708px\" \/>\t\t\t\t\t\t\t\t<\/a>\n\t\t\t\t\t\t\t\t\t\t\t\t\t\t\t<\/div>\n\t\t\t\t<\/div>\n\t\t\t\t<div class=\"elementor-element elementor-element-42cb2e4c elementor-align-center elementor-widget elementor-widget-button\" data-id=\"42cb2e4c\" data-element_type=\"widget\" data-widget_type=\"button.default\">\n\t\t\t\t<div class=\"elementor-widget-container\">\n\t\t\t\t\t\t\t\t\t<div class=\"elementor-button-wrapper\">\n\t\t\t\t\t<a class=\"elementor-button elementor-button-link elementor-size-sm\" href=\"https:\/\/minipolisz.hu\/en\/bufes-allas\/\">\n\t\t\t\t\t\t<span class=\"elementor-button-content-wrapper\">\n\t\t\t\t\t\t\t\t\t<span class=\"elementor-button-text\">On to the job<\/span>\n\t\t\t\t\t<\/span>\n\t\t\t\t\t<\/a>\n\t\t\t\t<\/div>\n\t\t\t\t\t\t\t\t<\/div>\n\t\t\t\t<\/div>\n\t\t\t\t\t<\/div>\n\t\t<\/div>\n\t\t\t\t\t<\/div>\n\t\t<\/section>\n\t\t\t\t\t<\/div>\n\t\t<\/div>\n\t\t\t\t\t<\/div>\n\t\t<\/section>\n\t\t\t\t<\/div>","protected":false},"excerpt":{"rendered":"<p>Karrier tov\u00e1bb az \u00e1ll\u00e1sra tov\u00e1bb az \u00e1ll\u00e1sra tov\u00e1bb az \u00e1ll\u00e1sra tov\u00e1bb az \u00e1ll\u00e1sra<\/p>","protected":false},"author":123,"featured_media":0,"parent":0,"menu_order":0,"comment_status":"closed","ping_status":"closed","template":"","meta":{"footnotes":""},"class_list":["post-281","page","type-page","status-publish","hentry"],"yoast_head":"<!-- This site is optimized with the Yoast SEO Premium plugin v25.6 (Yoast SEO v25.9) - https:\/\/yoast.com\/wordpress\/plugins\/seo\/ -->\n<title>Karrier - minipolisz<\/title>\n<meta name=\"robots\" content=\"index, follow, max-snippet:-1, max-image-preview:large, max-video-preview:-1\" \/>\n<link rel=\"canonical\" href=\"https:\/\/minipolisz.hu\/en\/karrier\/\" \/>\n<meta property=\"og:locale\" content=\"en_US\" \/>\n<meta property=\"og:type\" content=\"article\" \/>\n<meta property=\"og:title\" content=\"Karrier\" \/>\n<meta property=\"og:description\" content=\"Karrier tov\u00e1bb az \u00e1ll\u00e1sra tov\u00e1bb az \u00e1ll\u00e1sra tov\u00e1bb az \u00e1ll\u00e1sra tov\u00e1bb az \u00e1ll\u00e1sra\" \/>\n<meta property=\"og:url\" content=\"https:\/\/minipolisz.hu\/en\/karrier\/\" \/>\n<meta property=\"og:site_name\" content=\"minipolisz\" \/>\n<meta property=\"article:publisher\" content=\"https:\/\/www.facebook.com\/MiniPolisz\" \/>\n<meta property=\"article:modified_time\" content=\"2024-10-25T15:37:02+00:00\" \/>\n<meta property=\"og:image\" content=\"https:\/\/minipolisz.hu\/wp-content\/uploads\/2024\/10\/MUSZAKI.png\" \/>\n\t<meta property=\"og:image:width\" content=\"586\" \/>\n\t<meta property=\"og:image:height\" content=\"566\" \/>\n\t<meta property=\"og:image:type\" content=\"image\/png\" \/>\n<meta name=\"twitter:card\" content=\"summary_large_image\" \/>\n<meta name=\"twitter:label1\" content=\"Est. reading time\" \/>\n\t<meta name=\"twitter:data1\" content=\"1 minute\" \/>\n<script type=\"application\/ld+json\" class=\"yoast-schema-graph\">{\"@context\":\"https:\/\/schema.org\",\"@graph\":[{\"@type\":\"WebPage\",\"@id\":\"https:\/\/minipolisz.hu\/karrier\/\",\"url\":\"https:\/\/minipolisz.hu\/karrier\/\",\"name\":\"Karrier - minipolisz\",\"isPartOf\":{\"@id\":\"https:\/\/minipolisz.hu\/#website\"},\"primaryImageOfPage\":{\"@id\":\"https:\/\/minipolisz.hu\/karrier\/#primaryimage\"},\"image\":{\"@id\":\"https:\/\/minipolisz.hu\/karrier\/#primaryimage\"},\"thumbnailUrl\":\"https:\/\/minipolisz.hu\/wp-content\/uploads\/2024\/10\/MUSZAKI.png\",\"datePublished\":\"2023-06-03T12:25:04+00:00\",\"dateModified\":\"2024-10-25T15:37:02+00:00\",\"breadcrumb\":{\"@id\":\"https:\/\/minipolisz.hu\/karrier\/#breadcrumb\"},\"inLanguage\":\"en-US\",\"potentialAction\":[{\"@type\":\"ReadAction\",\"target\":[\"https:\/\/minipolisz.hu\/karrier\/\"]}]},{\"@type\":\"ImageObject\",\"inLanguage\":\"en-US\",\"@id\":\"https:\/\/minipolisz.hu\/karrier\/#primaryimage\",\"url\":\"https:\/\/minipolisz.hu\/wp-content\/uploads\/2024\/10\/MUSZAKI.png\",\"contentUrl\":\"https:\/\/minipolisz.hu\/wp-content\/uploads\/2024\/10\/MUSZAKI.png\"},{\"@type\":\"BreadcrumbList\",\"@id\":\"https:\/\/minipolisz.hu\/karrier\/#breadcrumb\",\"itemListElement\":[{\"@type\":\"ListItem\",\"position\":1,\"name\":\"Kezd\u0151lap\",\"item\":\"https:\/\/minipolisz.hu\/\"},{\"@type\":\"ListItem\",\"position\":2,\"name\":\"Karrier\"}]},{\"@type\":\"WebSite\",\"@id\":\"https:\/\/minipolisz.hu\/#website\",\"url\":\"https:\/\/minipolisz.hu\/\",\"name\":\"minipolisz\",\"description\":\"A hely, ahol Te is feln\u0151tt lehetsz\",\"publisher\":{\"@id\":\"https:\/\/minipolisz.hu\/#organization\"},\"potentialAction\":[{\"@type\":\"SearchAction\",\"target\":{\"@type\":\"EntryPoint\",\"urlTemplate\":\"https:\/\/minipolisz.hu\/?s={search_term_string}\"},\"query-input\":{\"@type\":\"PropertyValueSpecification\",\"valueRequired\":true,\"valueName\":\"search_term_string\"}}],\"inLanguage\":\"en-US\"},{\"@type\":\"Organization\",\"@id\":\"https:\/\/minipolisz.hu\/#organization\",\"name\":\"minipolisz\",\"url\":\"https:\/\/minipolisz.hu\/\",\"logo\":{\"@type\":\"ImageObject\",\"inLanguage\":\"en-US\",\"@id\":\"https:\/\/minipolisz.hu\/#\/schema\/logo\/image\/\",\"url\":\"https:\/\/minipolisz.hu\/wp-content\/uploads\/2023\/06\/logo_minipolisz-3.png\",\"contentUrl\":\"https:\/\/minipolisz.hu\/wp-content\/uploads\/2023\/06\/logo_minipolisz-3.png\",\"width\":324,\"height\":90,\"caption\":\"minipolisz\"},\"image\":{\"@id\":\"https:\/\/minipolisz.hu\/#\/schema\/logo\/image\/\"},\"sameAs\":[\"https:\/\/www.facebook.com\/MiniPolisz\"]}]}<\/script>\n<!-- \/ Yoast SEO Premium plugin. -->","yoast_head_json":{"title":"Karrier - minipolisz","robots":{"index":"index","follow":"follow","max-snippet":"max-snippet:-1","max-image-preview":"max-image-preview:large","max-video-preview":"max-video-preview:-1"},"canonical":"https:\/\/minipolisz.hu\/en\/karrier\/","og_locale":"en_US","og_type":"article","og_title":"Karrier","og_description":"Karrier tov\u00e1bb az \u00e1ll\u00e1sra tov\u00e1bb az \u00e1ll\u00e1sra tov\u00e1bb az \u00e1ll\u00e1sra tov\u00e1bb az \u00e1ll\u00e1sra","og_url":"https:\/\/minipolisz.hu\/en\/karrier\/","og_site_name":"minipolisz","article_publisher":"https:\/\/www.facebook.com\/MiniPolisz","article_modified_time":"2024-10-25T15:37:02+00:00","og_image":[{"width":586,"height":566,"url":"https:\/\/minipolisz.hu\/wp-content\/uploads\/2024\/10\/MUSZAKI.png","type":"image\/png"}],"twitter_card":"summary_large_image","twitter_misc":{"Est. reading time":"1 minute"},"schema":{"@context":"https:\/\/schema.org","@graph":[{"@type":"WebPage","@id":"https:\/\/minipolisz.hu\/karrier\/","url":"https:\/\/minipolisz.hu\/karrier\/","name":"Karrier - minipolisz","isPartOf":{"@id":"https:\/\/minipolisz.hu\/#website"},"primaryImageOfPage":{"@id":"https:\/\/minipolisz.hu\/karrier\/#primaryimage"},"image":{"@id":"https:\/\/minipolisz.hu\/karrier\/#primaryimage"},"thumbnailUrl":"https:\/\/minipolisz.hu\/wp-content\/uploads\/2024\/10\/MUSZAKI.png","datePublished":"2023-06-03T12:25:04+00:00","dateModified":"2024-10-25T15:37:02+00:00","breadcrumb":{"@id":"https:\/\/minipolisz.hu\/karrier\/#breadcrumb"},"inLanguage":"en-US","potentialAction":[{"@type":"ReadAction","target":["https:\/\/minipolisz.hu\/karrier\/"]}]},{"@type":"ImageObject","inLanguage":"en-US","@id":"https:\/\/minipolisz.hu\/karrier\/#primaryimage","url":"https:\/\/minipolisz.hu\/wp-content\/uploads\/2024\/10\/MUSZAKI.png","contentUrl":"https:\/\/minipolisz.hu\/wp-content\/uploads\/2024\/10\/MUSZAKI.png"},{"@type":"BreadcrumbList","@id":"https:\/\/minipolisz.hu\/karrier\/#breadcrumb","itemListElement":[{"@type":"ListItem","position":1,"name":"Kezd\u0151lap","item":"https:\/\/minipolisz.hu\/"},{"@type":"ListItem","position":2,"name":"Karrier"}]},{"@type":"WebSite","@id":"https:\/\/minipolisz.hu\/#website","url":"https:\/\/minipolisz.hu\/","name":"minipolisz","description":"The place where you can be a grown up","publisher":{"@id":"https:\/\/minipolisz.hu\/#organization"},"potentialAction":[{"@type":"SearchAction","target":{"@type":"EntryPoint","urlTemplate":"https:\/\/minipolisz.hu\/?s={search_term_string}"},"query-input":{"@type":"PropertyValueSpecification","valueRequired":true,"valueName":"search_term_string"}}],"inLanguage":"en-US"},{"@type":"Organization","@id":"https:\/\/minipolisz.hu\/#organization","name":"minipolisz","url":"https:\/\/minipolisz.hu\/","logo":{"@type":"ImageObject","inLanguage":"en-US","@id":"https:\/\/minipolisz.hu\/#\/schema\/logo\/image\/","url":"https:\/\/minipolisz.hu\/wp-content\/uploads\/2023\/06\/logo_minipolisz-3.png","contentUrl":"https:\/\/minipolisz.hu\/wp-content\/uploads\/2023\/06\/logo_minipolisz-3.png","width":324,"height":90,"caption":"minipolisz"},"image":{"@id":"https:\/\/minipolisz.hu\/#\/schema\/logo\/image\/"},"sameAs":["https:\/\/www.facebook.com\/MiniPolisz"]}]}},"_links":{"self":[{"href":"https:\/\/minipolisz.hu\/en\/wp-json\/wp\/v2\/pages\/281","targetHints":{"allow":["GET"]}}],"collection":[{"href":"https:\/\/minipolisz.hu\/en\/wp-json\/wp\/v2\/pages"}],"about":[{"href":"https:\/\/minipolisz.hu\/en\/wp-json\/wp\/v2\/types\/page"}],"author":[{"embeddable":true,"href":"https:\/\/minipolisz.hu\/en\/wp-json\/wp\/v2\/users\/123"}],"replies":[{"embeddable":true,"href":"https:\/\/minipolisz.hu\/en\/wp-json\/wp\/v2\/comments?post=281"}],"version-history":[{"count":0,"href":"https:\/\/minipolisz.hu\/en\/wp-json\/wp\/v2\/pages\/281\/revisions"}],"wp:attachment":[{"href":"https:\/\/minipolisz.hu\/en\/wp-json\/wp\/v2\/media?parent=281"}],"curies":[{"name":"wp","href":"https:\/\/api.w.org\/{rel}","templated":true}]}}