{"id":275,"date":"2023-06-03T14:25:04","date_gmt":"2023-06-03T12:25:04","guid":{"rendered":"https:\/\/new.minipolisz.hu\/hazirend\/"},"modified":"2025-01-02T11:31:59","modified_gmt":"2025-01-02T10:31:59","slug":"aszf","status":"publish","type":"page","link":"https:\/\/minipolisz.hu\/en\/aszf\/","title":{"rendered":"Terms and conditions"},"content":{"rendered":"<div data-elementor-type=\"wp-page\" data-elementor-id=\"275\" class=\"elementor elementor-275\" data-elementor-post-type=\"page\">\n\t\t\t\t\t\t<section class=\"elementor-section elementor-top-section elementor-element elementor-element-174bbe5a elementor-section-boxed elementor-section-height-default elementor-section-height-default\" data-id=\"174bbe5a\" data-element_type=\"section\">\n\t\t\t\t\t\t<div class=\"elementor-container elementor-column-gap-default\">\n\t\t\t\t\t<div class=\"elementor-column elementor-col-100 elementor-top-column elementor-element elementor-element-1a4fcb2f\" data-id=\"1a4fcb2f\" data-element_type=\"column\">\n\t\t\t<div class=\"elementor-widget-wrap elementor-element-populated\">\n\t\t\t\t\t\t<div class=\"elementor-element elementor-element-5dc177e elementor-widget elementor-widget-heading\" data-id=\"5dc177e\" data-element_type=\"widget\" data-widget_type=\"heading.default\">\n\t\t\t\t<div class=\"elementor-widget-container\">\n\t\t\t\t\t<h2 class=\"elementor-heading-title elementor-size-default\">Terms and conditions<\/h2>\t\t\t\t<\/div>\n\t\t\t\t<\/div>\n\t\t\t\t\t<\/div>\n\t\t<\/div>\n\t\t\t\t\t<\/div>\n\t\t<\/section>\n\t\t\t\t<section class=\"elementor-section elementor-top-section elementor-element elementor-element-63034ee5 elementor-section-boxed elementor-section-height-default elementor-section-height-default\" data-id=\"63034ee5\" data-element_type=\"section\">\n\t\t\t\t\t\t<div class=\"elementor-container elementor-column-gap-default\">\n\t\t\t\t\t<div class=\"elementor-column elementor-col-100 elementor-top-column elementor-element elementor-element-6b1560a0\" data-id=\"6b1560a0\" data-element_type=\"column\">\n\t\t\t<div class=\"elementor-widget-wrap elementor-element-populated\">\n\t\t\t\t\t\t<div class=\"elementor-element elementor-element-569ea184 elementor-widget elementor-widget-text-editor\" data-id=\"569ea184\" data-element_type=\"widget\" data-widget_type=\"text-editor.default\">\n\t\t\t\t<div class=\"elementor-widget-container\">\n\t\t\t\t\t\t\t\t\t<p><strong>Keeping cleanliness and order is our common goal!<\/strong><br \/><strong>Visiting the exhibition can only be done in compliance with the House Rules!<\/strong><br \/><b>The exhibition is open from Wednesday to Sunday from 10:00 to 19:00, which may vary depending on seasonality and private events.<\/b><br \/><strong>By purchasing a ticket or staying in the area, visitors to the Minipolisz Creative Children's City declare that they accept these House Rules.<\/strong><\/p><p>Children between the ages of 3 and 12 can visit Minipolisz accompanied by an adult. Children under the age of 3 can participate in the exhibition with increased parental supervision. A maximum of 250 people can be present at the exhibition at the same time.<\/p><p>Smoking is strictly FORBIDDEN in the whole area of Minipolisz!<\/p><p>It is strictly FORBIDDEN to bring animals into the territory of Minipolisz!<\/p><p>It is strictly FORBIDDEN to bring alcohol into the territory of Minipolisz!<\/p><p>It is FORBIDDEN to bring sharp, metal and glass objects and other objects causing injury into the area!<\/p><p>It is FORBIDDEN to bring in food and drinks in the area of Minipolisz! Food and drinks can be purchased and consumed at our buffet only. It is strictly FORBIDDEN to eat and drink in the exhibition space!<\/p><p>Please consume food \/ drinks only in the buffet area!<\/p><p>Visitors can only use the items placed in the boxes according to their intended purpose, at their own risk.<\/p><p>The attendant is fully liable for damages resulting from improper use.<\/p><p>The attendant is responsible for the accident resulting from improper use and its consequences!<\/p><p>It is strictly FORBIDDEN to disassemble or damage the objects placed in the boxes!<\/p><p>Stealing the objects of the exhibition will be subject to criminal prosecution.<\/p><p>Please do not bring children who are infected (fever, diarrhoea, vomiting, etc.) to Minipolisz.<\/p><p>We kindly ask older children to always pay special attention to the younger ones!<\/p><p>Failure to comply with the rules and unacceptable behaviour \u2013 rudeness, fighting, intentional endangerment \u2013 as well as children who disturb or endanger others, or improper use will result in exclusion from the exhibition.<\/p><p>Pay attention to your values gradually in the area of Minipolisz, because we do not take responsibility for objects left unattended and accidents caused by them!<\/p><p>Cameras are installed in the area of Minipolisz, which make recordings. The conditions of camera management are regulated by GDPR.<\/p><p>Photos and videos taken on the territory of Minipolisz are the property of MiniPolisz. The visitor accepts that he or she may not take any subsequent financial claim against the company operating the exhibition in connection with the recordings made in this way.<\/p><p>Admission to Minipolisz is always on a first-come, first-served basis! (Except groups with reservations)<\/p><p>In case of an expired ticket, write an email and attach the ticket! Gift tickets will be extended by 1 month if the request and ticket are sent to our email address before expiry. If the ticket has already expired 1 month ago, you can use it for 3 months by paying half of the current ticket price upon arrival. Tickets that have expired by more than 1 month cannot be extended.<\/p>\t\t\t\t\t\t\t\t<\/div>\n\t\t\t\t<\/div>\n\t\t\t\t\t<\/div>\n\t\t<\/div>\n\t\t\t\t\t<\/div>\n\t\t<\/section>\n\t\t\t\t<\/div>","protected":false},"excerpt":{"rendered":"<p>\u00c1SZF Legyen k\u00f6z\u00f6s c\u00e9lunk a tisztas\u00e1g \u00e9s a rend megtart\u00e1sa!A ki\u00e1ll\u00edt\u00e1s l\u00e1togat\u00e1sa csak a H\u00e1zirend betart\u00e1s\u00e1val t\u00f6rt\u00e9nhet!A ki\u00e1ll\u00edt\u00e1s szerd\u00e1t\u00f3l-vas\u00e1rnapig 10:00-t\u00f3l 19:00 \u00f3r\u00e1ig tart nyitva, mely a szezonalit\u00e1s, illetve z\u00e1rtk\u00f6r\u0171 rendezv\u00e9nyek f\u00fcggv\u00e9ny\u00e9ben v\u00e1ltozhat.A Minipolisz Kreat\u00edv Gyermekv\u00e1ros l\u00e1togat\u00f3i a bel\u00e9p\u0151 megv\u00e1s\u00e1rl\u00e1s\u00e1val, vagy a ter\u00fcleten t\u00f6rt\u00e9n\u0151 tart\u00f3zkod\u00e1s\u00e1val kijelentik, hogy jelen H\u00e1zirendet elfogadj\u00e1k. A Minipoliszt 3-12 \u00e9ves kor\u00fa gyermekek [&hellip;]<\/p>","protected":false},"author":123,"featured_media":0,"parent":0,"menu_order":0,"comment_status":"closed","ping_status":"closed","template":"","meta":{"footnotes":""},"class_list":["post-275","page","type-page","status-publish","hentry"],"yoast_head":"<!-- This site is optimized with the Yoast SEO Premium plugin v25.6 (Yoast SEO v25.9) - https:\/\/yoast.com\/wordpress\/plugins\/seo\/ -->\n<title>\u00c1SZF - minipolisz<\/title>\n<meta name=\"robots\" content=\"index, follow, max-snippet:-1, max-image-preview:large, max-video-preview:-1\" \/>\n<link rel=\"canonical\" href=\"https:\/\/minipolisz.hu\/en\/aszf\/\" \/>\n<meta property=\"og:locale\" content=\"en_US\" \/>\n<meta property=\"og:type\" content=\"article\" \/>\n<meta property=\"og:title\" content=\"\u00c1SZF\" \/>\n<meta property=\"og:description\" content=\"\u00c1SZF Legyen k\u00f6z\u00f6s c\u00e9lunk a tisztas\u00e1g \u00e9s a rend megtart\u00e1sa!A ki\u00e1ll\u00edt\u00e1s l\u00e1togat\u00e1sa csak a H\u00e1zirend betart\u00e1s\u00e1val t\u00f6rt\u00e9nhet!A ki\u00e1ll\u00edt\u00e1s szerd\u00e1t\u00f3l-vas\u00e1rnapig 10:00-t\u00f3l 19:00 \u00f3r\u00e1ig tart nyitva, mely a szezonalit\u00e1s, illetve z\u00e1rtk\u00f6r\u0171 rendezv\u00e9nyek f\u00fcggv\u00e9ny\u00e9ben v\u00e1ltozhat.A Minipolisz Kreat\u00edv Gyermekv\u00e1ros l\u00e1togat\u00f3i a bel\u00e9p\u0151 megv\u00e1s\u00e1rl\u00e1s\u00e1val, vagy a ter\u00fcleten t\u00f6rt\u00e9n\u0151 tart\u00f3zkod\u00e1s\u00e1val kijelentik, hogy jelen H\u00e1zirendet elfogadj\u00e1k. A Minipoliszt 3-12 \u00e9ves kor\u00fa gyermekek [&hellip;]\" \/>\n<meta property=\"og:url\" content=\"https:\/\/minipolisz.hu\/en\/aszf\/\" \/>\n<meta property=\"og:site_name\" content=\"minipolisz\" \/>\n<meta property=\"article:publisher\" content=\"https:\/\/www.facebook.com\/MiniPolisz\" \/>\n<meta property=\"article:modified_time\" content=\"2025-01-02T10:31:59+00:00\" \/>\n<meta name=\"twitter:card\" content=\"summary_large_image\" \/>\n<meta name=\"twitter:label1\" content=\"Est. reading time\" \/>\n\t<meta name=\"twitter:data1\" content=\"3 minutes\" \/>\n<script type=\"application\/ld+json\" class=\"yoast-schema-graph\">{\"@context\":\"https:\/\/schema.org\",\"@graph\":[{\"@type\":\"WebPage\",\"@id\":\"https:\/\/minipolisz.hu\/aszf\/\",\"url\":\"https:\/\/minipolisz.hu\/aszf\/\",\"name\":\"\u00c1SZF - minipolisz\",\"isPartOf\":{\"@id\":\"https:\/\/minipolisz.hu\/#website\"},\"datePublished\":\"2023-06-03T12:25:04+00:00\",\"dateModified\":\"2025-01-02T10:31:59+00:00\",\"breadcrumb\":{\"@id\":\"https:\/\/minipolisz.hu\/aszf\/#breadcrumb\"},\"inLanguage\":\"en-US\",\"potentialAction\":[{\"@type\":\"ReadAction\",\"target\":[\"https:\/\/minipolisz.hu\/aszf\/\"]}]},{\"@type\":\"BreadcrumbList\",\"@id\":\"https:\/\/minipolisz.hu\/aszf\/#breadcrumb\",\"itemListElement\":[{\"@type\":\"ListItem\",\"position\":1,\"name\":\"Kezd\u0151lap\",\"item\":\"https:\/\/minipolisz.hu\/\"},{\"@type\":\"ListItem\",\"position\":2,\"name\":\"\u00c1SZF\"}]},{\"@type\":\"WebSite\",\"@id\":\"https:\/\/minipolisz.hu\/#website\",\"url\":\"https:\/\/minipolisz.hu\/\",\"name\":\"minipolisz\",\"description\":\"A hely, ahol Te is feln\u0151tt lehetsz\",\"publisher\":{\"@id\":\"https:\/\/minipolisz.hu\/#organization\"},\"potentialAction\":[{\"@type\":\"SearchAction\",\"target\":{\"@type\":\"EntryPoint\",\"urlTemplate\":\"https:\/\/minipolisz.hu\/?s={search_term_string}\"},\"query-input\":{\"@type\":\"PropertyValueSpecification\",\"valueRequired\":true,\"valueName\":\"search_term_string\"}}],\"inLanguage\":\"en-US\"},{\"@type\":\"Organization\",\"@id\":\"https:\/\/minipolisz.hu\/#organization\",\"name\":\"minipolisz\",\"url\":\"https:\/\/minipolisz.hu\/\",\"logo\":{\"@type\":\"ImageObject\",\"inLanguage\":\"en-US\",\"@id\":\"https:\/\/minipolisz.hu\/#\/schema\/logo\/image\/\",\"url\":\"https:\/\/minipolisz.hu\/wp-content\/uploads\/2023\/06\/logo_minipolisz-3.png\",\"contentUrl\":\"https:\/\/minipolisz.hu\/wp-content\/uploads\/2023\/06\/logo_minipolisz-3.png\",\"width\":324,\"height\":90,\"caption\":\"minipolisz\"},\"image\":{\"@id\":\"https:\/\/minipolisz.hu\/#\/schema\/logo\/image\/\"},\"sameAs\":[\"https:\/\/www.facebook.com\/MiniPolisz\"]}]}<\/script>\n<!-- \/ Yoast SEO Premium plugin. -->","yoast_head_json":{"title":"\u00c1SZF - minipolisz","robots":{"index":"index","follow":"follow","max-snippet":"max-snippet:-1","max-image-preview":"max-image-preview:large","max-video-preview":"max-video-preview:-1"},"canonical":"https:\/\/minipolisz.hu\/en\/aszf\/","og_locale":"en_US","og_type":"article","og_title":"\u00c1SZF","og_description":"\u00c1SZF Legyen k\u00f6z\u00f6s c\u00e9lunk a tisztas\u00e1g \u00e9s a rend megtart\u00e1sa!A ki\u00e1ll\u00edt\u00e1s l\u00e1togat\u00e1sa csak a H\u00e1zirend betart\u00e1s\u00e1val t\u00f6rt\u00e9nhet!A ki\u00e1ll\u00edt\u00e1s szerd\u00e1t\u00f3l-vas\u00e1rnapig 10:00-t\u00f3l 19:00 \u00f3r\u00e1ig tart nyitva, mely a szezonalit\u00e1s, illetve z\u00e1rtk\u00f6r\u0171 rendezv\u00e9nyek f\u00fcggv\u00e9ny\u00e9ben v\u00e1ltozhat.A Minipolisz Kreat\u00edv Gyermekv\u00e1ros l\u00e1togat\u00f3i a bel\u00e9p\u0151 megv\u00e1s\u00e1rl\u00e1s\u00e1val, vagy a ter\u00fcleten t\u00f6rt\u00e9n\u0151 tart\u00f3zkod\u00e1s\u00e1val kijelentik, hogy jelen H\u00e1zirendet elfogadj\u00e1k. A Minipoliszt 3-12 \u00e9ves kor\u00fa gyermekek [&hellip;]","og_url":"https:\/\/minipolisz.hu\/en\/aszf\/","og_site_name":"minipolisz","article_publisher":"https:\/\/www.facebook.com\/MiniPolisz","article_modified_time":"2025-01-02T10:31:59+00:00","twitter_card":"summary_large_image","twitter_misc":{"Est. reading time":"3 minutes"},"schema":{"@context":"https:\/\/schema.org","@graph":[{"@type":"WebPage","@id":"https:\/\/minipolisz.hu\/aszf\/","url":"https:\/\/minipolisz.hu\/aszf\/","name":"\u00c1SZF - minipolisz","isPartOf":{"@id":"https:\/\/minipolisz.hu\/#website"},"datePublished":"2023-06-03T12:25:04+00:00","dateModified":"2025-01-02T10:31:59+00:00","breadcrumb":{"@id":"https:\/\/minipolisz.hu\/aszf\/#breadcrumb"},"inLanguage":"en-US","potentialAction":[{"@type":"ReadAction","target":["https:\/\/minipolisz.hu\/aszf\/"]}]},{"@type":"BreadcrumbList","@id":"https:\/\/minipolisz.hu\/aszf\/#breadcrumb","itemListElement":[{"@type":"ListItem","position":1,"name":"Kezd\u0151lap","item":"https:\/\/minipolisz.hu\/"},{"@type":"ListItem","position":2,"name":"\u00c1SZF"}]},{"@type":"WebSite","@id":"https:\/\/minipolisz.hu\/#website","url":"https:\/\/minipolisz.hu\/","name":"minipolisz","description":"The place where you can be a grown up","publisher":{"@id":"https:\/\/minipolisz.hu\/#organization"},"potentialAction":[{"@type":"SearchAction","target":{"@type":"EntryPoint","urlTemplate":"https:\/\/minipolisz.hu\/?s={search_term_string}"},"query-input":{"@type":"PropertyValueSpecification","valueRequired":true,"valueName":"search_term_string"}}],"inLanguage":"en-US"},{"@type":"Organization","@id":"https:\/\/minipolisz.hu\/#organization","name":"minipolisz","url":"https:\/\/minipolisz.hu\/","logo":{"@type":"ImageObject","inLanguage":"en-US","@id":"https:\/\/minipolisz.hu\/#\/schema\/logo\/image\/","url":"https:\/\/minipolisz.hu\/wp-content\/uploads\/2023\/06\/logo_minipolisz-3.png","contentUrl":"https:\/\/minipolisz.hu\/wp-content\/uploads\/2023\/06\/logo_minipolisz-3.png","width":324,"height":90,"caption":"minipolisz"},"image":{"@id":"https:\/\/minipolisz.hu\/#\/schema\/logo\/image\/"},"sameAs":["https:\/\/www.facebook.com\/MiniPolisz"]}]}},"_links":{"self":[{"href":"https:\/\/minipolisz.hu\/en\/wp-json\/wp\/v2\/pages\/275","targetHints":{"allow":["GET"]}}],"collection":[{"href":"https:\/\/minipolisz.hu\/en\/wp-json\/wp\/v2\/pages"}],"about":[{"href":"https:\/\/minipolisz.hu\/en\/wp-json\/wp\/v2\/types\/page"}],"author":[{"embeddable":true,"href":"https:\/\/minipolisz.hu\/en\/wp-json\/wp\/v2\/users\/123"}],"replies":[{"embeddable":true,"href":"https:\/\/minipolisz.hu\/en\/wp-json\/wp\/v2\/comments?post=275"}],"version-history":[{"count":0,"href":"https:\/\/minipolisz.hu\/en\/wp-json\/wp\/v2\/pages\/275\/revisions"}],"wp:attachment":[{"href":"https:\/\/minipolisz.hu\/en\/wp-json\/wp\/v2\/media?parent=275"}],"curies":[{"name":"wp","href":"https:\/\/api.w.org\/{rel}","templated":true}]}}