{"id":260,"date":"2023-06-03T14:25:03","date_gmt":"2023-06-03T12:25:03","guid":{"rendered":"https:\/\/new.minipolisz.hu\/recepcios-allas\/"},"modified":"2024-06-21T08:42:33","modified_gmt":"2024-06-21T06:42:33","slug":"recepcios-allas","status":"publish","type":"page","link":"https:\/\/minipolisz.hu\/en\/recepcios-allas\/","title":{"rendered":"Receptionist position"},"content":{"rendered":"<div data-elementor-type=\"wp-page\" data-elementor-id=\"260\" class=\"elementor elementor-260\" data-elementor-post-type=\"page\">\n\t\t\t\t\t\t<section class=\"elementor-section elementor-top-section elementor-element elementor-element-4c36d3c1 elementor-section-content-middle elementor-reverse-mobile elementor-section-boxed elementor-section-height-default elementor-section-height-default\" data-id=\"4c36d3c1\" data-element_type=\"section\" data-settings=\"{&quot;background_background&quot;:&quot;classic&quot;}\">\n\t\t\t\t\t\t<div class=\"elementor-container elementor-column-gap-default\">\n\t\t\t\t\t<div class=\"elementor-column elementor-col-50 elementor-top-column elementor-element elementor-element-3eeca37e\" data-id=\"3eeca37e\" data-element_type=\"column\">\n\t\t\t<div class=\"elementor-widget-wrap elementor-element-populated\">\n\t\t\t\t\t\t<div class=\"elementor-element elementor-element-2932e8e elementor-widget elementor-widget-heading\" data-id=\"2932e8e\" data-element_type=\"widget\" data-widget_type=\"heading.default\">\n\t\t\t\t<div class=\"elementor-widget-container\">\n\t\t\t\t\t<h2 class=\"elementor-heading-title elementor-size-default\">JELENLEG MINDEN \u00c1LL\u00c1S BET\u00d6LT\u00c9SRE KER\u00dcLT!<\/h2>\t\t\t\t<\/div>\n\t\t\t\t<\/div>\n\t\t\t\t<div class=\"elementor-element elementor-element-169bb0f1 elementor-widget elementor-widget-heading\" data-id=\"169bb0f1\" data-element_type=\"widget\" data-widget_type=\"heading.default\">\n\t\t\t\t<div class=\"elementor-widget-container\">\n\t\t\t\t\t<h2 class=\"elementor-heading-title elementor-size-default\">RECEPTION POSITION<\/h2>\t\t\t\t<\/div>\n\t\t\t\t<\/div>\n\t\t\t\t<div class=\"elementor-element elementor-element-74f22f95 elementor-widget elementor-widget-text-editor\" data-id=\"74f22f95\" data-element_type=\"widget\" data-widget_type=\"text-editor.default\">\n\t\t\t\t<div class=\"elementor-widget-container\">\n\t\t\t\t\t\t\t\t\t<p><strong>Interakt\u00edv j\u00e1tsz\u00f3h\u00e1zunkba keres\u00fcnk\u00a0 recepci\u00f3st (csak h\u00e9tv\u00e9g\u00e9kre)!<\/strong><\/p><p><strong>Job description:<\/strong><\/p><ul><li>Cash register management<\/li><li>Entrance and reception of guests<\/li><li>Carrying out wardrobe duties<\/li><li>Information, information provision<\/li><\/ul><p><br \/><strong>Expectation:<\/strong><\/p><ul><li>Reliability<\/li><li>Accurate, precise work<\/li><li>Alap angol nyelvtud\u00e1s<br \/>(El\u0151zetes tapasztalat nem sz\u00fcks\u00e9ges!)<\/li><\/ul><p><br \/><strong>What we offer:<\/strong><\/p><ul><li>Quick learning<\/li><li>Daily payment<\/li><li>1750-2000 Ft\/\u00f3ra<\/li><li>Working hours: 10:00-19:00<\/li><\/ul><p><br \/>Nagyon v\u00e1rjuk a jelentkez\u00e9sed az al\u00e1bbi adatlapot kit\u00f6ltve \ud83d\ude42<\/p>\t\t\t\t\t\t\t\t<\/div>\n\t\t\t\t<\/div>\n\t\t\t\t\t<\/div>\n\t\t<\/div>\n\t\t\t\t<div class=\"elementor-column elementor-col-50 elementor-top-column elementor-element elementor-element-641694eb\" data-id=\"641694eb\" data-element_type=\"column\">\n\t\t\t<div class=\"elementor-widget-wrap elementor-element-populated\">\n\t\t\t\t\t\t<div class=\"elementor-element elementor-element-15a80766 elementor-widget elementor-widget-text-editor\" data-id=\"15a80766\" data-element_type=\"widget\" data-widget_type=\"text-editor.default\">\n\t\t\t\t<div class=\"elementor-widget-container\">\n\t\t\t\t\t\t\t\t\t<p><div class='fluentform ff-default fluentform_wrapper_3 ffs_default_wrap'><form data-form_id=\"3\" id=\"fluentform_3\" class=\"frm-fluent-form fluent_form_3 ff-el-form-top ff_form_instance_3_1 ff-form-loading ffs_default\" data-form_instance=\"ff_form_instance_3_1\" method=\"POST\" action=\"\" ><fieldset  style=\"border: none!important;margin: 0!important;padding: 0!important;background-color: transparent!important;box-shadow: none!important;outline: none!important; min-inline-size: 100%;\">\n                    <legend class=\"ff_screen_reader_title\" style=\"display: block; margin: 0!important;padding: 0!important;height: 0!important;text-indent: -999999px;width: 0!important;overflow:hidden;\">CV<\/legend><p style=\"display: none !important;\" class=\"akismet-fields-container\" data-prefix=\"ak_\"><label>&#916;<textarea name=\"ak_hp_textarea\" cols=\"45\" rows=\"8\" maxlength=\"100\"><\/textarea><\/label><input type=\"hidden\" id=\"ak_js_1\" name=\"ak_js\" value=\"122\"\/><script>document.getElementById( \"ak_js_1\" ).setAttribute( \"value\", ( new Date() ).getTime() );<\/script><\/p>        <div\n                style=\"display: none!important; position: absolute!important; transform: translateX(1000%)!important;\"\n                class=\"ff-el-group ff-hpsf-container\"\n        >\n            <div class=\"ff-el-input--label asterisk-right\">\n                <label for=\"ff_3_item_sf\" aria-label=\"Newsletter\">\n                    Newsletter                <\/label>\n            <\/div>\n            <div class=\"ff-el-input--content\">\n                <input type=\"text\"\n                       name=\"item_3__fluent_sf\"\n                       class=\"ff-el-form-control\"\n                       id=\"ff_3_item_sf\"\n                \/>\n            <\/div>\n        <\/div>\n        <input type='hidden' name='__fluent_form_embded_post_id' value='260' \/><input type=\"hidden\" id=\"_fluentform_3_fluentformnonce\" name=\"_fluentform_3_fluentformnonce\" value=\"e5cc17e346\" \/><input type=\"hidden\" name=\"_wp_http_referer\" value=\"\/en\/wp-json\/wp\/v2\/pages\/260\" \/><div data-type=\"name-element\" data-name=\"names\" class=\"ff-field_container ff-name-field-wrapper\" ><div class='ff-t-container'><div class='ff-t-cell'><div class='ff-el-group  ff-el-form-top'><div class=\"ff-el-input--label ff-el-is-required asterisk-right\"><label for='ff_3_names_first_name_' >Name<\/label><\/div><div class='ff-el-input--content'><input type=\"text\" name=\"names[first_name]\" id=\"ff_3_names_first_name_\" class=\"ff-el-form-control\" aria-invalid=\"false\" aria-required=\"true\"><\/div><\/div><\/div><\/div><\/div><div class='ff-el-group'><div class=\"ff-el-input--label ff-el-is-required asterisk-right\"><label for='ff_3_email' aria-label=\"E-mail address\">E-mail address<\/label><\/div><div class='ff-el-input--content'><input type=\"email\" name=\"email\" id=\"ff_3_email\" class=\"ff-el-form-control\" data-name=\"email\"  aria-invalid=\"false\" aria-required=\"true\"><\/div><\/div><div class='ff-el-group'><div class=\"ff-el-input--label ff-el-is-required asterisk-right\"><label for='ff_3_file-upload_1' aria-label=\"CV\">CV<\/label><\/div><div class='ff-el-input--content'><label for='ff_3_file-upload_1' class='ff_file_upload_holder'><span class='ff_upload_btn ff-btn' tabindex='0'>Select file<\/span> <input type=\"file\" name=\"file-upload\" id=\"ff_3_file-upload_1\" class=\"ff-el-form-control  ff-screen-reader-element\" data-name=\"file-upload\" multiple=\"1\"  aria-invalid='false' aria-required=\"true\"><\/label><\/div><\/div><div class='ff-el-group'><div class=\"ff-el-input--label ff-el-is-required asterisk-right\"><label for='ff_3_message' aria-label=\"Message\">Message<\/label><\/div><div class='ff-el-input--content'><textarea aria-invalid=\"false\" aria-required=\"true\" name=\"message\" id=\"ff_3_message\" class=\"ff-el-form-control\" placeholder=\"If you have any other questions\/requests, you can write them here.\" rows=\"4\" cols=\"2\" data-name=\"message\" ><\/textarea><\/div><\/div><div class='ff-el-group' ><div class='ff-el-input--content'><div data-fluent_id='3' name='g-recaptcha-response'><div\n\t\tdata-sitekey='6LdJktArAAAAAPcsabTVQCh13EDSyBUPj25b0UzX'\n\t\tid='fluentform-recaptcha-3-1'\n\t\tclass='ff-el-recaptcha g-recaptcha'\n\t\tdata-callback='fluentFormrecaptchaSuccessCallback'><\/div><\/div><\/div><\/div><div class='ff-el-group ff-text-left ff_submit_btn_wrapper'><button type=\"submit\" class=\"ff-btn ff-btn-submit ff-btn-md ff_btn_style wpf_has_custom_css\" >Send<\/button><\/div><\/fieldset><input type=\"hidden\" name=\"trp-form-language\" value=\"en\"\/><\/form><div id='fluentform_3_errors' class='ff-errors-in-stack ff_form_instance_3_1 ff-form-loading_errors ff_form_instance_3_1_errors'><\/div><\/div>        <script type=\"text\/javascript\">\n            window.fluent_form_ff_form_instance_3_1 = {\"id\":\"3\",\"settings\":{\"layout\":{\"labelPlacement\":\"top\",\"helpMessagePlacement\":\"with_label\",\"errorMessagePlacement\":\"inline\",\"cssClassName\":\"\",\"asteriskPlacement\":\"asterisk-right\"},\"restrictions\":{\"denyEmptySubmission\":{\"enabled\":false}}},\"form_instance\":\"ff_form_instance_3_1\",\"form_id_selector\":\"fluentform_3\",\"rules\":{\"names[first_name]\":{\"required\":{\"value\":true,\"message\":\"Add meg a teljes neved\"}},\"names[middle_name]\":{\"required\":{\"value\":false,\"message\":\"This field is required\"}},\"names[last_name]\":{\"required\":{\"value\":false,\"message\":\"This field is required\"}},\"email\":{\"required\":{\"value\":true,\"message\":\"Nincs kit\\u00f6ltve\"},\"email\":{\"value\":true,\"message\":\"This field must contain a valid email\"}},\"file-upload\":{\"required\":{\"value\":true,\"message\":\"This field is required\"},\"max_file_size\":{\"value\":524288000,\"_valueFrom\":\"MB\",\"message\":\"Maximum file size limit is 1MB\"},\"max_file_count\":{\"value\":\"500\",\"message\":\"You can upload maximum 1 file\"},\"allowed_file_types\":{\"value\":[\"pdf\",\"doc|ppt|pps|xls|mdb|docx|xlsx|pptx|odt|odp|ods|odg|odc|odb|odf|rtf|txt\",\"csv\"],\"message\":\"Invalid file type\"}},\"message\":{\"required\":{\"value\":true,\"message\":\"This field is required\"}}},\"debounce_time\":300};\n                    <\/script>\n        <\/p>\t\t\t\t\t\t\t\t<\/div>\n\t\t\t\t<\/div>\n\t\t\t\t\t<\/div>\n\t\t<\/div>\n\t\t\t\t\t<\/div>\n\t\t<\/section>\n\t\t\t\t<\/div>","protected":false},"excerpt":{"rendered":"<p>JELENLEG MINDEN \u00c1LL\u00c1S BET\u00d6LT\u00c9SRE KER\u00dcLT! RECEPCI\u00d3S \u00c1LL\u00c1S Interakt\u00edv j\u00e1tsz\u00f3h\u00e1zunkba keres\u00fcnk\u00a0 recepci\u00f3st (csak h\u00e9tv\u00e9g\u00e9kre)! Munkak\u00f6ri le\u00edr\u00e1s: P\u00e9nzt\u00e1rg\u00e9p kezel\u00e9se Vend\u00e9gek bel\u00e9ptet\u00e9se, fogad\u00e1sa Ruhat\u00e1ri feladatok ell\u00e1t\u00e1sa T\u00e1j\u00e9koztat\u00e1s, inform\u00e1ci\u00f3 ny\u00fajt\u00e1s Elv\u00e1r\u00e1s: Megb\u00edzhat\u00f3s\u00e1g Pontos, prec\u00edz munkav\u00e9gz\u00e9s Alap angol nyelvtud\u00e1s(El\u0151zetes tapasztalat nem sz\u00fcks\u00e9ges!) Amit k\u00edn\u00e1lunk: Gyors betanul\u00e1s Napi kifizet\u00e9s 1750-2000 Ft\/\u00f3ra Munkaid\u0151: 10:00-19:00 Nagyon v\u00e1rjuk a jelentkez\u00e9sed az al\u00e1bbi adatlapot kit\u00f6ltve [&hellip;]<\/p>","protected":false},"author":123,"featured_media":0,"parent":0,"menu_order":0,"comment_status":"closed","ping_status":"closed","template":"","meta":{"footnotes":""},"class_list":["post-260","page","type-page","status-publish","hentry"],"yoast_head":"<!-- This site is optimized with the Yoast SEO Premium plugin v25.6 (Yoast SEO v25.9) - https:\/\/yoast.com\/wordpress\/plugins\/seo\/ -->\n<title>Recepci\u00f3s \u00e1ll\u00e1s - minipolisz<\/title>\n<meta name=\"robots\" content=\"index, follow, max-snippet:-1, max-image-preview:large, max-video-preview:-1\" \/>\n<link rel=\"canonical\" href=\"https:\/\/minipolisz.hu\/en\/recepcios-allas\/\" \/>\n<meta property=\"og:locale\" content=\"en_US\" \/>\n<meta property=\"og:type\" content=\"article\" \/>\n<meta property=\"og:title\" content=\"Recepci\u00f3s \u00e1ll\u00e1s\" \/>\n<meta property=\"og:description\" content=\"JELENLEG MINDEN \u00c1LL\u00c1S BET\u00d6LT\u00c9SRE KER\u00dcLT! RECEPCI\u00d3S \u00c1LL\u00c1S Interakt\u00edv j\u00e1tsz\u00f3h\u00e1zunkba keres\u00fcnk\u00a0 recepci\u00f3st (csak h\u00e9tv\u00e9g\u00e9kre)! Munkak\u00f6ri le\u00edr\u00e1s: P\u00e9nzt\u00e1rg\u00e9p kezel\u00e9se Vend\u00e9gek bel\u00e9ptet\u00e9se, fogad\u00e1sa Ruhat\u00e1ri feladatok ell\u00e1t\u00e1sa T\u00e1j\u00e9koztat\u00e1s, inform\u00e1ci\u00f3 ny\u00fajt\u00e1s Elv\u00e1r\u00e1s: Megb\u00edzhat\u00f3s\u00e1g Pontos, prec\u00edz munkav\u00e9gz\u00e9s Alap angol nyelvtud\u00e1s(El\u0151zetes tapasztalat nem sz\u00fcks\u00e9ges!) Amit k\u00edn\u00e1lunk: Gyors betanul\u00e1s Napi kifizet\u00e9s 1750-2000 Ft\/\u00f3ra Munkaid\u0151: 10:00-19:00 Nagyon v\u00e1rjuk a jelentkez\u00e9sed az al\u00e1bbi adatlapot kit\u00f6ltve [&hellip;]\" \/>\n<meta property=\"og:url\" content=\"https:\/\/minipolisz.hu\/en\/recepcios-allas\/\" \/>\n<meta property=\"og:site_name\" content=\"minipolisz\" \/>\n<meta property=\"article:publisher\" content=\"https:\/\/www.facebook.com\/MiniPolisz\" \/>\n<meta property=\"article:modified_time\" content=\"2024-06-21T06:42:33+00:00\" \/>\n<meta name=\"twitter:card\" content=\"summary_large_image\" \/>\n<meta name=\"twitter:label1\" content=\"Est. reading time\" \/>\n\t<meta name=\"twitter:data1\" content=\"1 minute\" \/>\n<script type=\"application\/ld+json\" class=\"yoast-schema-graph\">{\"@context\":\"https:\/\/schema.org\",\"@graph\":[{\"@type\":\"WebPage\",\"@id\":\"https:\/\/minipolisz.hu\/recepcios-allas\/\",\"url\":\"https:\/\/minipolisz.hu\/recepcios-allas\/\",\"name\":\"Recepci\u00f3s \u00e1ll\u00e1s - minipolisz\",\"isPartOf\":{\"@id\":\"https:\/\/minipolisz.hu\/#website\"},\"datePublished\":\"2023-06-03T12:25:03+00:00\",\"dateModified\":\"2024-06-21T06:42:33+00:00\",\"breadcrumb\":{\"@id\":\"https:\/\/minipolisz.hu\/recepcios-allas\/#breadcrumb\"},\"inLanguage\":\"en-US\",\"potentialAction\":[{\"@type\":\"ReadAction\",\"target\":[\"https:\/\/minipolisz.hu\/recepcios-allas\/\"]}]},{\"@type\":\"BreadcrumbList\",\"@id\":\"https:\/\/minipolisz.hu\/recepcios-allas\/#breadcrumb\",\"itemListElement\":[{\"@type\":\"ListItem\",\"position\":1,\"name\":\"Kezd\u0151lap\",\"item\":\"https:\/\/minipolisz.hu\/\"},{\"@type\":\"ListItem\",\"position\":2,\"name\":\"Recepci\u00f3s \u00e1ll\u00e1s\"}]},{\"@type\":\"WebSite\",\"@id\":\"https:\/\/minipolisz.hu\/#website\",\"url\":\"https:\/\/minipolisz.hu\/\",\"name\":\"minipolisz\",\"description\":\"A hely, ahol Te is feln\u0151tt lehetsz\",\"publisher\":{\"@id\":\"https:\/\/minipolisz.hu\/#organization\"},\"potentialAction\":[{\"@type\":\"SearchAction\",\"target\":{\"@type\":\"EntryPoint\",\"urlTemplate\":\"https:\/\/minipolisz.hu\/?s={search_term_string}\"},\"query-input\":{\"@type\":\"PropertyValueSpecification\",\"valueRequired\":true,\"valueName\":\"search_term_string\"}}],\"inLanguage\":\"en-US\"},{\"@type\":\"Organization\",\"@id\":\"https:\/\/minipolisz.hu\/#organization\",\"name\":\"minipolisz\",\"url\":\"https:\/\/minipolisz.hu\/\",\"logo\":{\"@type\":\"ImageObject\",\"inLanguage\":\"en-US\",\"@id\":\"https:\/\/minipolisz.hu\/#\/schema\/logo\/image\/\",\"url\":\"https:\/\/minipolisz.hu\/wp-content\/uploads\/2023\/06\/logo_minipolisz-3.png\",\"contentUrl\":\"https:\/\/minipolisz.hu\/wp-content\/uploads\/2023\/06\/logo_minipolisz-3.png\",\"width\":324,\"height\":90,\"caption\":\"minipolisz\"},\"image\":{\"@id\":\"https:\/\/minipolisz.hu\/#\/schema\/logo\/image\/\"},\"sameAs\":[\"https:\/\/www.facebook.com\/MiniPolisz\"]}]}<\/script>\n<!-- \/ Yoast SEO Premium plugin. -->","yoast_head_json":{"title":"Recepci\u00f3s \u00e1ll\u00e1s - minipolisz","robots":{"index":"index","follow":"follow","max-snippet":"max-snippet:-1","max-image-preview":"max-image-preview:large","max-video-preview":"max-video-preview:-1"},"canonical":"https:\/\/minipolisz.hu\/en\/recepcios-allas\/","og_locale":"en_US","og_type":"article","og_title":"Recepci\u00f3s \u00e1ll\u00e1s","og_description":"JELENLEG MINDEN \u00c1LL\u00c1S BET\u00d6LT\u00c9SRE KER\u00dcLT! RECEPCI\u00d3S \u00c1LL\u00c1S Interakt\u00edv j\u00e1tsz\u00f3h\u00e1zunkba keres\u00fcnk\u00a0 recepci\u00f3st (csak h\u00e9tv\u00e9g\u00e9kre)! Munkak\u00f6ri le\u00edr\u00e1s: P\u00e9nzt\u00e1rg\u00e9p kezel\u00e9se Vend\u00e9gek bel\u00e9ptet\u00e9se, fogad\u00e1sa Ruhat\u00e1ri feladatok ell\u00e1t\u00e1sa T\u00e1j\u00e9koztat\u00e1s, inform\u00e1ci\u00f3 ny\u00fajt\u00e1s Elv\u00e1r\u00e1s: Megb\u00edzhat\u00f3s\u00e1g Pontos, prec\u00edz munkav\u00e9gz\u00e9s Alap angol nyelvtud\u00e1s(El\u0151zetes tapasztalat nem sz\u00fcks\u00e9ges!) Amit k\u00edn\u00e1lunk: Gyors betanul\u00e1s Napi kifizet\u00e9s 1750-2000 Ft\/\u00f3ra Munkaid\u0151: 10:00-19:00 Nagyon v\u00e1rjuk a jelentkez\u00e9sed az al\u00e1bbi adatlapot kit\u00f6ltve [&hellip;]","og_url":"https:\/\/minipolisz.hu\/en\/recepcios-allas\/","og_site_name":"minipolisz","article_publisher":"https:\/\/www.facebook.com\/MiniPolisz","article_modified_time":"2024-06-21T06:42:33+00:00","twitter_card":"summary_large_image","twitter_misc":{"Est. reading time":"1 minute"},"schema":{"@context":"https:\/\/schema.org","@graph":[{"@type":"WebPage","@id":"https:\/\/minipolisz.hu\/recepcios-allas\/","url":"https:\/\/minipolisz.hu\/recepcios-allas\/","name":"Recepci\u00f3s \u00e1ll\u00e1s - minipolisz","isPartOf":{"@id":"https:\/\/minipolisz.hu\/#website"},"datePublished":"2023-06-03T12:25:03+00:00","dateModified":"2024-06-21T06:42:33+00:00","breadcrumb":{"@id":"https:\/\/minipolisz.hu\/recepcios-allas\/#breadcrumb"},"inLanguage":"en-US","potentialAction":[{"@type":"ReadAction","target":["https:\/\/minipolisz.hu\/recepcios-allas\/"]}]},{"@type":"BreadcrumbList","@id":"https:\/\/minipolisz.hu\/recepcios-allas\/#breadcrumb","itemListElement":[{"@type":"ListItem","position":1,"name":"Kezd\u0151lap","item":"https:\/\/minipolisz.hu\/"},{"@type":"ListItem","position":2,"name":"Recepci\u00f3s \u00e1ll\u00e1s"}]},{"@type":"WebSite","@id":"https:\/\/minipolisz.hu\/#website","url":"https:\/\/minipolisz.hu\/","name":"minipolisz","description":"The place where you can be a grown up","publisher":{"@id":"https:\/\/minipolisz.hu\/#organization"},"potentialAction":[{"@type":"SearchAction","target":{"@type":"EntryPoint","urlTemplate":"https:\/\/minipolisz.hu\/?s={search_term_string}"},"query-input":{"@type":"PropertyValueSpecification","valueRequired":true,"valueName":"search_term_string"}}],"inLanguage":"en-US"},{"@type":"Organization","@id":"https:\/\/minipolisz.hu\/#organization","name":"minipolisz","url":"https:\/\/minipolisz.hu\/","logo":{"@type":"ImageObject","inLanguage":"en-US","@id":"https:\/\/minipolisz.hu\/#\/schema\/logo\/image\/","url":"https:\/\/minipolisz.hu\/wp-content\/uploads\/2023\/06\/logo_minipolisz-3.png","contentUrl":"https:\/\/minipolisz.hu\/wp-content\/uploads\/2023\/06\/logo_minipolisz-3.png","width":324,"height":90,"caption":"minipolisz"},"image":{"@id":"https:\/\/minipolisz.hu\/#\/schema\/logo\/image\/"},"sameAs":["https:\/\/www.facebook.com\/MiniPolisz"]}]}},"_links":{"self":[{"href":"https:\/\/minipolisz.hu\/en\/wp-json\/wp\/v2\/pages\/260","targetHints":{"allow":["GET"]}}],"collection":[{"href":"https:\/\/minipolisz.hu\/en\/wp-json\/wp\/v2\/pages"}],"about":[{"href":"https:\/\/minipolisz.hu\/en\/wp-json\/wp\/v2\/types\/page"}],"author":[{"embeddable":true,"href":"https:\/\/minipolisz.hu\/en\/wp-json\/wp\/v2\/users\/123"}],"replies":[{"embeddable":true,"href":"https:\/\/minipolisz.hu\/en\/wp-json\/wp\/v2\/comments?post=260"}],"version-history":[{"count":0,"href":"https:\/\/minipolisz.hu\/en\/wp-json\/wp\/v2\/pages\/260\/revisions"}],"wp:attachment":[{"href":"https:\/\/minipolisz.hu\/en\/wp-json\/wp\/v2\/media?parent=260"}],"curies":[{"name":"wp","href":"https:\/\/api.w.org\/{rel}","templated":true}]}}