{"id":245,"date":"2023-06-03T14:25:03","date_gmt":"2023-06-03T12:25:03","guid":{"rendered":"https:\/\/new.minipolisz.hu\/ceges-rendezvenyek\/"},"modified":"2024-07-19T11:18:49","modified_gmt":"2024-07-19T09:18:49","slug":"ceges-rendezvenyek","status":"publish","type":"page","link":"https:\/\/minipolisz.hu\/en\/ceges-rendezvenyek\/","title":{"rendered":"Corporate events"},"content":{"rendered":"<div data-elementor-type=\"wp-page\" data-elementor-id=\"245\" class=\"elementor elementor-245\" data-elementor-post-type=\"page\">\n\t\t\t\t\t\t<section class=\"elementor-section elementor-top-section elementor-element elementor-element-46bfc79b elementor-section-content-middle elementor-section-boxed elementor-section-height-default elementor-section-height-default\" data-id=\"46bfc79b\" data-element_type=\"section\">\n\t\t\t\t\t\t<div class=\"elementor-container elementor-column-gap-default\">\n\t\t\t\t\t<div class=\"elementor-column elementor-col-50 elementor-top-column elementor-element elementor-element-28a467d7\" data-id=\"28a467d7\" data-element_type=\"column\">\n\t\t\t<div class=\"elementor-widget-wrap elementor-element-populated\">\n\t\t\t\t\t\t<div class=\"elementor-element elementor-element-4f90f5dc elementor-widget elementor-widget-text-editor\" data-id=\"4f90f5dc\" data-element_type=\"widget\" data-widget_type=\"text-editor.default\">\n\t\t\t\t<div class=\"elementor-widget-container\">\n\t\t\t\t\t\t\t\t\t<p class=\"translation-block\">MiniPolisz is the perfect venue for events, as well as <strong>private birthday parties, Santa Claus events, Christmas company parties, staff parties, CSR events, press conferences, family days<\/strong>. The venue covers an area of <strong>1150 m2<\/strong> and can accommodate <strong>300 people<\/strong>.<\/p>\n<p class=\"translation-block\">Due to its excellent downtown location, it is easily accessible on foot, by public transport (M1, M2, M3), and thanks to the <strong>Central Passage underground garage<\/strong>, those arriving by car can park directly in the building. Guests receive a 20% discount from the parking fee.<\/p>\n<p><strong>General equipment of the complex:<\/strong><\/p>\n<ul>\n<li>Free Wifi<\/li>\n<li>Air conditioner,<\/li>\n<li>Heating air technology<\/li>\n<li>Buffet, dining area<\/li>\n<li>Washrooms, changing room<\/li>\n<li>Reception, cloakroom<\/li>\n<li>Stage, sound and light technology<\/li>\n<li>Internal garden connection<\/li>\n<li>Animators<\/li>\n<li>Area decorated with festive decorations<\/li>\n<li>Medium-sized stage (12 m2)<\/li>\n<li>Technology: (160-watt active speaker, 10-track sound mixer, with 2 separate microphone inputs, provision of 2 wireless microphones)<\/li>\n<\/ul>\n<p>Egyedi ig\u00e9nyek alapj\u00e1n k\u00e9zm\u0171ves foglalkoz\u00e1sokra (kar\u00e1csonyi g\u00f6mbfest\u00e9s, adventi koszor\u00fak\u00e9sz\u00edt\u00e9s) is lehet\u0151s\u00e9g van.<br>According to the general opening hours, we also provide buffet and individual catering services based on pre-arranged requests.<\/p>\t\t\t\t\t\t\t\t<\/div>\n\t\t\t\t<\/div>\n\t\t\t\t\t<\/div>\n\t\t<\/div>\n\t\t\t\t<div class=\"elementor-column elementor-col-50 elementor-top-column elementor-element elementor-element-48d3cac5\" data-id=\"48d3cac5\" data-element_type=\"column\" data-settings=\"{&quot;background_background&quot;:&quot;classic&quot;}\">\n\t\t\t<div class=\"elementor-widget-wrap elementor-element-populated\">\n\t\t\t\t\t\t<div class=\"elementor-element elementor-element-54851ae8 elementor-widget elementor-widget-text-editor\" data-id=\"54851ae8\" data-element_type=\"widget\" data-widget_type=\"text-editor.default\">\n\t\t\t\t<div class=\"elementor-widget-container\">\n\t\t\t\t\t\t\t\t\t<p>If you would like to host a corporate event with us, please contact us using the form below!<\/p>\t\t\t\t\t\t\t\t<\/div>\n\t\t\t\t<\/div>\n\t\t\t\t<div class=\"elementor-element elementor-element-673451b7 elementor-widget elementor-widget-text-editor\" data-id=\"673451b7\" data-element_type=\"widget\" data-widget_type=\"text-editor.default\">\n\t\t\t\t<div class=\"elementor-widget-container\">\n\t\t\t\t\t\t\t\t\t<p><div class='fluentform ff-default fluentform_wrapper_5 ffs_default_wrap'><form data-form_id=\"5\" id=\"fluentform_5\" class=\"frm-fluent-form fluent_form_5 ff-el-form-top ff_form_instance_5_1 ff-form-loading ffs_default\" data-form_instance=\"ff_form_instance_5_1\" method=\"POST\" action=\"\" ><fieldset  style=\"border: none!important;margin: 0!important;padding: 0!important;background-color: transparent!important;box-shadow: none!important;outline: none!important; min-inline-size: 100%;\">\n                    <legend class=\"ff_screen_reader_title\" style=\"display: block; margin: 0!important;padding: 0!important;height: 0!important;text-indent: -999999px;width: 0!important;overflow:hidden;\">For companies<\/legend><p style=\"display: none !important;\" class=\"akismet-fields-container\" data-prefix=\"ak_\"><label>&#916;<textarea name=\"ak_hp_textarea\" cols=\"45\" rows=\"8\" maxlength=\"100\"><\/textarea><\/label><input type=\"hidden\" id=\"ak_js_1\" name=\"ak_js\" value=\"129\"\/><script>document.getElementById( \"ak_js_1\" ).setAttribute( \"value\", ( new Date() ).getTime() );<\/script><\/p>        <div\n                style=\"display: none!important; position: absolute!important; transform: translateX(1000%)!important;\"\n                class=\"ff-el-group ff-hpsf-container\"\n        >\n            <div class=\"ff-el-input--label asterisk-right\">\n                <label for=\"ff_5_item_sf\" aria-label=\"Updates\">\n                    Updates                <\/label>\n            <\/div>\n            <div class=\"ff-el-input--content\">\n                <input type=\"text\"\n                       name=\"item_5__fluent_sf\"\n                       class=\"ff-el-form-control\"\n                       id=\"ff_5_item_sf\"\n                \/>\n            <\/div>\n        <\/div>\n        <input type='hidden' name='__fluent_form_embded_post_id' value='245' \/><input type=\"hidden\" id=\"_fluentform_5_fluentformnonce\" name=\"_fluentform_5_fluentformnonce\" value=\"e5cc17e346\" \/><input type=\"hidden\" name=\"_wp_http_referer\" value=\"\/en\/wp-json\/wp\/v2\/pages\/245\" \/><div data-type=\"name-element\" data-name=\"names\" class=\"ff-field_container ff-name-field-wrapper\" ><div class='ff-t-container'><div class='ff-t-cell'><div class='ff-el-group'><div class=\"ff-el-input--label ff-el-is-required asterisk-right\"><label for='ff_5_names_first_name_' >Name<\/label><\/div><div class='ff-el-input--content'><input type=\"text\" name=\"names[first_name]\" id=\"ff_5_names_first_name_\" class=\"ff-el-form-control\" aria-invalid=\"false\" aria-required=\"true\"><\/div><\/div><\/div><\/div><\/div><div class='ff-el-group'><div class=\"ff-el-input--label ff-el-is-required asterisk-right\"><label for='ff_5_email' aria-label=\"E-mail address\">E-mail address<\/label><\/div><div class='ff-el-input--content'><input type=\"email\" name=\"email\" id=\"ff_5_email\" class=\"ff-el-form-control\" data-name=\"email\"  aria-invalid=\"false\" aria-required=\"true\"><\/div><\/div><div class='ff-el-group'><div class=\"ff-el-input--label ff-el-is-required asterisk-right\"><label for='ff_5_subject' aria-label=\"Object\">Object<\/label><\/div><div class='ff-el-input--content'><input type=\"text\" name=\"subject\" class=\"ff-el-form-control\" data-name=\"subject\" id=\"ff_5_subject\"  aria-invalid=\"false\" aria-required=\"true\"><\/div><\/div><div class='ff-el-group'><div class=\"ff-el-input--label ff-el-is-required asterisk-right\"><label for='ff_5_message' aria-label=\"Message\">Message<\/label><\/div><div class='ff-el-input--content'><textarea aria-invalid=\"false\" aria-required=\"true\" name=\"message\" id=\"ff_5_message\" class=\"ff-el-form-control\" rows=\"4\" cols=\"2\" data-name=\"message\" ><\/textarea><\/div><\/div><div class='ff-el-group    ff-el-input--content'><div class='ff-el-form-check ff-el-tc'><label aria-label='Terms and Conditions: Az Adatv\u00e9delmi t\u00e1j\u00e9koztat\u00f3t\u00a0elolvastam \u00e9s elfogadom. Contains 1 link. Use tab navigation to review.' class='ff-el-form-check-label ff_tc_label' for=\"terms-n-condition_30d4f58250dbb3237d7d9eba85c086af\"><span class='ff_tc_checkbox'><input type=\"checkbox\" name=\"terms-n-condition\" class=\"ff-el-form-check-input\" data-name=\"terms-n-condition\" id=\"terms-n-condition_30d4f58250dbb3237d7d9eba85c086af\"  value='on' aria-invalid='false' aria-required=\"false\"><\/span> <div class='ff_t_c'><p>The <a href=\"https:\/\/minipolisz.hu\/en\/adatkezelesi-szabalyzat\/\">terms &amp; conditions<\/a>\u00a0I read and accept it.<\/p><\/div><\/label><\/div><\/div><div class='ff-el-group' ><div class='ff-el-input--content'><div data-fluent_id='5' name='g-recaptcha-response'><div\n\t\tdata-sitekey='6LdJktArAAAAAPcsabTVQCh13EDSyBUPj25b0UzX'\n\t\tid='fluentform-recaptcha-5-1'\n\t\tclass='ff-el-recaptcha g-recaptcha'\n\t\tdata-callback='fluentFormrecaptchaSuccessCallback'><\/div><\/div><\/div><\/div><div class='ff-el-group ff-text-left ff_submit_btn_wrapper'><button type=\"submit\" class=\"ff-btn ff-btn-submit ff-btn-md ff_btn_style wpf_has_custom_css\" >Send<\/button><\/div><\/fieldset><input type=\"hidden\" name=\"trp-form-language\" value=\"en\"\/><\/form><div id='fluentform_5_errors' class='ff-errors-in-stack ff_form_instance_5_1 ff-form-loading_errors ff_form_instance_5_1_errors'><\/div><\/div>        <script type=\"text\/javascript\">\n            window.fluent_form_ff_form_instance_5_1 = {\"id\":\"5\",\"settings\":{\"layout\":{\"labelPlacement\":\"top\",\"helpMessagePlacement\":\"with_label\",\"errorMessagePlacement\":\"inline\",\"cssClassName\":\"\",\"asteriskPlacement\":\"asterisk-right\"},\"restrictions\":{\"denyEmptySubmission\":{\"enabled\":false}}},\"form_instance\":\"ff_form_instance_5_1\",\"form_id_selector\":\"fluentform_5\",\"rules\":{\"names[first_name]\":{\"required\":{\"value\":true,\"message\":\"This field is required\"}},\"names[middle_name]\":{\"required\":{\"value\":false,\"message\":\"This field is required\"}},\"names[last_name]\":{\"required\":{\"value\":false,\"message\":\"This field is required\"}},\"email\":{\"required\":{\"value\":true,\"message\":\"This field is required\"},\"email\":{\"value\":true,\"message\":\"This field must contain a valid email\"}},\"subject\":{\"required\":{\"value\":true,\"message\":\"This field is required\"}},\"message\":{\"required\":{\"value\":true,\"message\":\"This field is required\"}},\"terms-n-condition\":{\"required\":{\"value\":false,\"message\":\"This field is required\"}}},\"debounce_time\":300};\n                    <\/script>\n        <\/p>\t\t\t\t\t\t\t\t<\/div>\n\t\t\t\t<\/div>\n\t\t\t\t\t<\/div>\n\t\t<\/div>\n\t\t\t\t\t<\/div>\n\t\t<\/section>\n\t\t\t\t<\/div>","protected":false},"excerpt":{"rendered":"<p>A MiniPolisz t\u00f6k\u00e9letes helysz\u00edn sz\u00e1mtalan rendezv\u00e9ny lebonyol\u00edt\u00e1s\u00e1ra, ak\u00e1rcsak z\u00e1rtk\u00f6r\u0171 sz\u00fclet\u00e9snapi bulik, Mikul\u00e1s rendezv\u00e9nyek, kar\u00e1csonyi c\u00e9ges partik, staff partik, CSR rendezv\u00e9nyek, sajt\u00f3t\u00e1j\u00e9koztat\u00f3k, csal\u00e1di napok megrendez\u00e9s\u00e9re. A helysz\u00edn 1150 m2-en ter\u00fcl el \u00e9s 300 f\u0151 befogad\u00e1s\u00e1ra alkalmas. Kit\u0171n\u0151 belv\u00e1rosi elhelyezked\u00e9s\u00e9b\u0151l ad\u00f3d\u00f3an gyalogosan, t\u00f6megk\u00f6zleked\u00e9ssel (M1, M2, M3) k\u00f6nnyen el\u00e9rhet\u0151, illetve a Central Passage m\u00e9lygar\u00e1zs\u00e1nak h\u00e1la, a g\u00e9pkocsival \u00e9rkez\u0151k [&hellip;]<\/p>","protected":false},"author":123,"featured_media":0,"parent":0,"menu_order":0,"comment_status":"closed","ping_status":"closed","template":"","meta":{"footnotes":""},"class_list":["post-245","page","type-page","status-publish","hentry"],"yoast_head":"<!-- This site is optimized with the Yoast SEO Premium plugin v25.6 (Yoast SEO v25.9) - https:\/\/yoast.com\/wordpress\/plugins\/seo\/ -->\n<title>C\u00e9ges rendezv\u00e9nyek - minipolisz<\/title>\n<meta name=\"robots\" content=\"index, follow, max-snippet:-1, max-image-preview:large, max-video-preview:-1\" \/>\n<link rel=\"canonical\" href=\"https:\/\/minipolisz.hu\/en\/ceges-rendezvenyek\/\" \/>\n<meta property=\"og:locale\" content=\"en_US\" \/>\n<meta property=\"og:type\" content=\"article\" \/>\n<meta property=\"og:title\" content=\"C\u00e9ges rendezv\u00e9nyek\" \/>\n<meta property=\"og:description\" content=\"A MiniPolisz t\u00f6k\u00e9letes helysz\u00edn sz\u00e1mtalan rendezv\u00e9ny lebonyol\u00edt\u00e1s\u00e1ra, ak\u00e1rcsak z\u00e1rtk\u00f6r\u0171 sz\u00fclet\u00e9snapi bulik, Mikul\u00e1s rendezv\u00e9nyek, kar\u00e1csonyi c\u00e9ges partik, staff partik, CSR rendezv\u00e9nyek, sajt\u00f3t\u00e1j\u00e9koztat\u00f3k, csal\u00e1di napok megrendez\u00e9s\u00e9re. A helysz\u00edn 1150 m2-en ter\u00fcl el \u00e9s 300 f\u0151 befogad\u00e1s\u00e1ra alkalmas. Kit\u0171n\u0151 belv\u00e1rosi elhelyezked\u00e9s\u00e9b\u0151l ad\u00f3d\u00f3an gyalogosan, t\u00f6megk\u00f6zleked\u00e9ssel (M1, M2, M3) k\u00f6nnyen el\u00e9rhet\u0151, illetve a Central Passage m\u00e9lygar\u00e1zs\u00e1nak h\u00e1la, a g\u00e9pkocsival \u00e9rkez\u0151k [&hellip;]\" \/>\n<meta property=\"og:url\" content=\"https:\/\/minipolisz.hu\/en\/ceges-rendezvenyek\/\" \/>\n<meta property=\"og:site_name\" content=\"minipolisz\" \/>\n<meta property=\"article:publisher\" content=\"https:\/\/www.facebook.com\/MiniPolisz\" \/>\n<meta property=\"article:modified_time\" content=\"2024-07-19T09:18:49+00:00\" \/>\n<meta name=\"twitter:card\" content=\"summary_large_image\" \/>\n<meta name=\"twitter:label1\" content=\"Est. reading time\" \/>\n\t<meta name=\"twitter:data1\" content=\"2 minutes\" \/>\n<script type=\"application\/ld+json\" class=\"yoast-schema-graph\">{\"@context\":\"https:\/\/schema.org\",\"@graph\":[{\"@type\":\"WebPage\",\"@id\":\"https:\/\/minipolisz.hu\/ceges-rendezvenyek\/\",\"url\":\"https:\/\/minipolisz.hu\/ceges-rendezvenyek\/\",\"name\":\"C\u00e9ges rendezv\u00e9nyek - minipolisz\",\"isPartOf\":{\"@id\":\"https:\/\/minipolisz.hu\/#website\"},\"datePublished\":\"2023-06-03T12:25:03+00:00\",\"dateModified\":\"2024-07-19T09:18:49+00:00\",\"breadcrumb\":{\"@id\":\"https:\/\/minipolisz.hu\/ceges-rendezvenyek\/#breadcrumb\"},\"inLanguage\":\"en-US\",\"potentialAction\":[{\"@type\":\"ReadAction\",\"target\":[\"https:\/\/minipolisz.hu\/ceges-rendezvenyek\/\"]}]},{\"@type\":\"BreadcrumbList\",\"@id\":\"https:\/\/minipolisz.hu\/ceges-rendezvenyek\/#breadcrumb\",\"itemListElement\":[{\"@type\":\"ListItem\",\"position\":1,\"name\":\"Kezd\u0151lap\",\"item\":\"https:\/\/minipolisz.hu\/\"},{\"@type\":\"ListItem\",\"position\":2,\"name\":\"C\u00e9ges rendezv\u00e9nyek\"}]},{\"@type\":\"WebSite\",\"@id\":\"https:\/\/minipolisz.hu\/#website\",\"url\":\"https:\/\/minipolisz.hu\/\",\"name\":\"minipolisz\",\"description\":\"A hely, ahol Te is feln\u0151tt lehetsz\",\"publisher\":{\"@id\":\"https:\/\/minipolisz.hu\/#organization\"},\"potentialAction\":[{\"@type\":\"SearchAction\",\"target\":{\"@type\":\"EntryPoint\",\"urlTemplate\":\"https:\/\/minipolisz.hu\/?s={search_term_string}\"},\"query-input\":{\"@type\":\"PropertyValueSpecification\",\"valueRequired\":true,\"valueName\":\"search_term_string\"}}],\"inLanguage\":\"en-US\"},{\"@type\":\"Organization\",\"@id\":\"https:\/\/minipolisz.hu\/#organization\",\"name\":\"minipolisz\",\"url\":\"https:\/\/minipolisz.hu\/\",\"logo\":{\"@type\":\"ImageObject\",\"inLanguage\":\"en-US\",\"@id\":\"https:\/\/minipolisz.hu\/#\/schema\/logo\/image\/\",\"url\":\"https:\/\/minipolisz.hu\/wp-content\/uploads\/2023\/06\/logo_minipolisz-3.png\",\"contentUrl\":\"https:\/\/minipolisz.hu\/wp-content\/uploads\/2023\/06\/logo_minipolisz-3.png\",\"width\":324,\"height\":90,\"caption\":\"minipolisz\"},\"image\":{\"@id\":\"https:\/\/minipolisz.hu\/#\/schema\/logo\/image\/\"},\"sameAs\":[\"https:\/\/www.facebook.com\/MiniPolisz\"]}]}<\/script>\n<!-- \/ Yoast SEO Premium plugin. -->","yoast_head_json":{"title":"C\u00e9ges rendezv\u00e9nyek - minipolisz","robots":{"index":"index","follow":"follow","max-snippet":"max-snippet:-1","max-image-preview":"max-image-preview:large","max-video-preview":"max-video-preview:-1"},"canonical":"https:\/\/minipolisz.hu\/en\/ceges-rendezvenyek\/","og_locale":"en_US","og_type":"article","og_title":"C\u00e9ges rendezv\u00e9nyek","og_description":"A MiniPolisz t\u00f6k\u00e9letes helysz\u00edn sz\u00e1mtalan rendezv\u00e9ny lebonyol\u00edt\u00e1s\u00e1ra, ak\u00e1rcsak z\u00e1rtk\u00f6r\u0171 sz\u00fclet\u00e9snapi bulik, Mikul\u00e1s rendezv\u00e9nyek, kar\u00e1csonyi c\u00e9ges partik, staff partik, CSR rendezv\u00e9nyek, sajt\u00f3t\u00e1j\u00e9koztat\u00f3k, csal\u00e1di napok megrendez\u00e9s\u00e9re. A helysz\u00edn 1150 m2-en ter\u00fcl el \u00e9s 300 f\u0151 befogad\u00e1s\u00e1ra alkalmas. Kit\u0171n\u0151 belv\u00e1rosi elhelyezked\u00e9s\u00e9b\u0151l ad\u00f3d\u00f3an gyalogosan, t\u00f6megk\u00f6zleked\u00e9ssel (M1, M2, M3) k\u00f6nnyen el\u00e9rhet\u0151, illetve a Central Passage m\u00e9lygar\u00e1zs\u00e1nak h\u00e1la, a g\u00e9pkocsival \u00e9rkez\u0151k [&hellip;]","og_url":"https:\/\/minipolisz.hu\/en\/ceges-rendezvenyek\/","og_site_name":"minipolisz","article_publisher":"https:\/\/www.facebook.com\/MiniPolisz","article_modified_time":"2024-07-19T09:18:49+00:00","twitter_card":"summary_large_image","twitter_misc":{"Est. reading time":"2 minutes"},"schema":{"@context":"https:\/\/schema.org","@graph":[{"@type":"WebPage","@id":"https:\/\/minipolisz.hu\/ceges-rendezvenyek\/","url":"https:\/\/minipolisz.hu\/ceges-rendezvenyek\/","name":"C\u00e9ges rendezv\u00e9nyek - minipolisz","isPartOf":{"@id":"https:\/\/minipolisz.hu\/#website"},"datePublished":"2023-06-03T12:25:03+00:00","dateModified":"2024-07-19T09:18:49+00:00","breadcrumb":{"@id":"https:\/\/minipolisz.hu\/ceges-rendezvenyek\/#breadcrumb"},"inLanguage":"en-US","potentialAction":[{"@type":"ReadAction","target":["https:\/\/minipolisz.hu\/ceges-rendezvenyek\/"]}]},{"@type":"BreadcrumbList","@id":"https:\/\/minipolisz.hu\/ceges-rendezvenyek\/#breadcrumb","itemListElement":[{"@type":"ListItem","position":1,"name":"Kezd\u0151lap","item":"https:\/\/minipolisz.hu\/"},{"@type":"ListItem","position":2,"name":"C\u00e9ges rendezv\u00e9nyek"}]},{"@type":"WebSite","@id":"https:\/\/minipolisz.hu\/#website","url":"https:\/\/minipolisz.hu\/","name":"minipolisz","description":"The place where you can be a grown up","publisher":{"@id":"https:\/\/minipolisz.hu\/#organization"},"potentialAction":[{"@type":"SearchAction","target":{"@type":"EntryPoint","urlTemplate":"https:\/\/minipolisz.hu\/?s={search_term_string}"},"query-input":{"@type":"PropertyValueSpecification","valueRequired":true,"valueName":"search_term_string"}}],"inLanguage":"en-US"},{"@type":"Organization","@id":"https:\/\/minipolisz.hu\/#organization","name":"minipolisz","url":"https:\/\/minipolisz.hu\/","logo":{"@type":"ImageObject","inLanguage":"en-US","@id":"https:\/\/minipolisz.hu\/#\/schema\/logo\/image\/","url":"https:\/\/minipolisz.hu\/wp-content\/uploads\/2023\/06\/logo_minipolisz-3.png","contentUrl":"https:\/\/minipolisz.hu\/wp-content\/uploads\/2023\/06\/logo_minipolisz-3.png","width":324,"height":90,"caption":"minipolisz"},"image":{"@id":"https:\/\/minipolisz.hu\/#\/schema\/logo\/image\/"},"sameAs":["https:\/\/www.facebook.com\/MiniPolisz"]}]}},"_links":{"self":[{"href":"https:\/\/minipolisz.hu\/en\/wp-json\/wp\/v2\/pages\/245","targetHints":{"allow":["GET"]}}],"collection":[{"href":"https:\/\/minipolisz.hu\/en\/wp-json\/wp\/v2\/pages"}],"about":[{"href":"https:\/\/minipolisz.hu\/en\/wp-json\/wp\/v2\/types\/page"}],"author":[{"embeddable":true,"href":"https:\/\/minipolisz.hu\/en\/wp-json\/wp\/v2\/users\/123"}],"replies":[{"embeddable":true,"href":"https:\/\/minipolisz.hu\/en\/wp-json\/wp\/v2\/comments?post=245"}],"version-history":[{"count":0,"href":"https:\/\/minipolisz.hu\/en\/wp-json\/wp\/v2\/pages\/245\/revisions"}],"wp:attachment":[{"href":"https:\/\/minipolisz.hu\/en\/wp-json\/wp\/v2\/media?parent=245"}],"curies":[{"name":"wp","href":"https:\/\/api.w.org\/{rel}","templated":true}]}}