{"id":242,"date":"2023-06-03T14:25:03","date_gmt":"2023-06-03T12:25:03","guid":{"rendered":"https:\/\/new.minipolisz.hu\/minipolisz-eves-berlet\/"},"modified":"2024-10-07T16:50:46","modified_gmt":"2024-10-07T14:50:46","slug":"minipolisz-eves-berlet","status":"publish","type":"page","link":"https:\/\/minipolisz.hu\/en\/minipolisz-eves-berlet\/","title":{"rendered":"Minipolisz annual pass"},"content":{"rendered":"<div data-elementor-type=\"wp-page\" data-elementor-id=\"242\" class=\"elementor elementor-242\" data-elementor-post-type=\"page\">\n\t\t\t\t\t\t<section class=\"elementor-section elementor-top-section elementor-element elementor-element-3ddd11c9 elementor-section-content-middle elementor-section-boxed elementor-section-height-default elementor-section-height-default\" data-id=\"3ddd11c9\" data-element_type=\"section\">\n\t\t\t\t\t\t<div class=\"elementor-container elementor-column-gap-default\">\n\t\t\t\t\t<div class=\"elementor-column elementor-col-50 elementor-top-column elementor-element elementor-element-4782e5b0\" data-id=\"4782e5b0\" data-element_type=\"column\">\n\t\t\t<div class=\"elementor-widget-wrap elementor-element-populated\">\n\t\t\t\t\t\t<div class=\"elementor-element elementor-element-1501fec3 elementor-widget elementor-widget-heading\" data-id=\"1501fec3\" data-element_type=\"widget\" data-widget_type=\"heading.default\">\n\t\t\t\t<div class=\"elementor-widget-container\">\n\t\t\t\t\t<h2 class=\"elementor-heading-title elementor-size-default\">MiniPolisz pass for a year<\/h2>\t\t\t\t<\/div>\n\t\t\t\t<\/div>\n\t\t\t\t<div class=\"elementor-element elementor-element-4a74b05 elementor-widget elementor-widget-text-editor\" data-id=\"4a74b05\" data-element_type=\"widget\" data-widget_type=\"text-editor.default\">\n\t\t\t\t<div class=\"elementor-widget-container\">\n\t\t\t\t\t\t\t\t\t<p>The MiniPolis annual pass is not only a popular form of benefit for the families of our partner companies. If you are a decision-maker, please contact us so that we can inform you about the opportunity. If you are an employee with a family, recommend this benefit option to your employer! We also offer a solution for individuals interested in annual passes.<\/p>\t\t\t\t\t\t\t\t<\/div>\n\t\t\t\t<\/div>\n\t\t\t\t\t<\/div>\n\t\t<\/div>\n\t\t\t\t<div class=\"elementor-column elementor-col-50 elementor-top-column elementor-element elementor-element-4a975130\" data-id=\"4a975130\" data-element_type=\"column\">\n\t\t\t<div class=\"elementor-widget-wrap elementor-element-populated\">\n\t\t\t\t\t\t<div class=\"elementor-element elementor-element-724edbe2 elementor-widget elementor-widget-image\" data-id=\"724edbe2\" data-element_type=\"widget\" data-widget_type=\"image.default\">\n\t\t\t\t<div class=\"elementor-widget-container\">\n\t\t\t\t\t\t\t\t\t\t\t\t\t\t\t<img fetchpriority=\"high\" decoding=\"async\" width=\"940\" height=\"788\" src=\"https:\/\/minipolisz.hu\/wp-content\/uploads\/2023\/06\/minipolisz-evesberlet-4.png\" class=\"attachment-full size-full wp-image-60\" alt=\"\" srcset=\"https:\/\/minipolisz.hu\/wp-content\/uploads\/2023\/06\/minipolisz-evesberlet-4.png 940w, https:\/\/minipolisz.hu\/wp-content\/uploads\/2023\/06\/minipolisz-evesberlet-4-700x587.png 700w, https:\/\/minipolisz.hu\/wp-content\/uploads\/2023\/06\/minipolisz-evesberlet-4-768x644.png 768w, https:\/\/minipolisz.hu\/wp-content\/uploads\/2023\/06\/minipolisz-evesberlet-4-14x12.png 14w\" sizes=\"(max-width: 940px) 100vw, 940px\" \/>\t\t\t\t\t\t\t\t\t\t\t\t\t\t\t<\/div>\n\t\t\t\t<\/div>\n\t\t\t\t\t<\/div>\n\t\t<\/div>\n\t\t\t\t\t<\/div>\n\t\t<\/section>\n\t\t\t\t<section class=\"elementor-section elementor-top-section elementor-element elementor-element-10a52aa1 elementor-section-boxed elementor-section-height-default elementor-section-height-default\" data-id=\"10a52aa1\" data-element_type=\"section\">\n\t\t\t\t\t\t<div class=\"elementor-container elementor-column-gap-default\">\n\t\t\t\t\t<div class=\"elementor-column elementor-col-100 elementor-top-column elementor-element elementor-element-570c69b1\" data-id=\"570c69b1\" data-element_type=\"column\">\n\t\t\t<div class=\"elementor-widget-wrap elementor-element-populated\">\n\t\t\t\t\t\t<div class=\"elementor-element elementor-element-28d88034 elementor-widget elementor-widget-text-editor\" data-id=\"28d88034\" data-element_type=\"widget\" data-widget_type=\"text-editor.default\">\n\t\t\t\t<div class=\"elementor-widget-container\">\n\t\t\t\t\t\t\t\t\t<p><strong>Contact and information:<\/strong> <a href=\"mailto:marketing@minipolisz.hu\">marketing@minipolisz.hu<\/a><\/p>\t\t\t\t\t\t\t\t<\/div>\n\t\t\t\t<\/div>\n\t\t\t\t<div class=\"elementor-element elementor-element-766eed6c elementor-widget elementor-widget-video\" data-id=\"766eed6c\" data-element_type=\"widget\" data-settings=\"{&quot;video_type&quot;:&quot;hosted&quot;,&quot;start&quot;:0,&quot;autoplay&quot;:&quot;yes&quot;,&quot;loop&quot;:&quot;yes&quot;,&quot;controls&quot;:&quot;yes&quot;}\" data-widget_type=\"video.default\">\n\t\t\t\t<div class=\"elementor-widget-container\">\n\t\t\t\t\t\t\t<div class=\"e-hosted-video elementor-wrapper elementor-open-inline\">\n\t\t\t\t\t<video class=\"elementor-video\" src=\"https:\/\/minipolisz.hu\/wp-content\/uploads\/2023\/06\/MiniPolisz-eves-berlet-1080p-200831-3.mp4\" autoplay=\"\" loop=\"\" controls=\"\" controlslist=\"nodownload\" poster=\"https:\/\/new.minipolisz.hu\/wp-content\/uploads\/2023\/06\/Kepernyofoto-2023-06-22-1.12.25.png\"><\/video>\n\t\t\t\t<\/div>\n\t\t\t\t\t\t<\/div>\n\t\t\t\t<\/div>\n\t\t\t\t<div class=\"elementor-element elementor-element-1380817f elementor-widget elementor-widget-heading\" data-id=\"1380817f\" data-element_type=\"widget\" data-widget_type=\"heading.default\">\n\t\t\t\t<div class=\"elementor-widget-container\">\n\t\t\t\t\t<h3 class=\"elementor-heading-title elementor-size-default\">HOW CAN THE MINIPOLIS ANNUAL PASS BE USED?\n<\/h3>\t\t\t\t<\/div>\n\t\t\t\t<\/div>\n\t\t\t\t<div class=\"elementor-element elementor-element-36fddf1d elementor-widget elementor-widget-text-editor\" data-id=\"36fddf1d\" data-element_type=\"widget\" data-widget_type=\"text-editor.default\">\n\t\t\t\t<div class=\"elementor-widget-container\">\n\t\t\t\t\t\t\t\t\t<p>Read our short information and get closer to a great opportunity!<\/p>\t\t\t\t\t\t\t\t<\/div>\n\t\t\t\t<\/div>\n\t\t\t\t<div class=\"elementor-element elementor-element-3c5725a2 elementor-widget elementor-widget-heading\" data-id=\"3c5725a2\" data-element_type=\"widget\" data-widget_type=\"heading.default\">\n\t\t\t\t<div class=\"elementor-widget-container\">\n\t\t\t\t\t<h3 class=\"elementor-heading-title elementor-size-default\">TERMS OF USE<\/h3>\t\t\t\t<\/div>\n\t\t\t\t<\/div>\n\t\t\t\t<div class=\"elementor-element elementor-element-6504a95a elementor-widget elementor-widget-text-editor\" data-id=\"6504a95a\" data-element_type=\"widget\" data-widget_type=\"text-editor.default\">\n\t\t\t\t<div class=\"elementor-widget-container\">\n\t\t\t\t\t\t\t\t\t<ul><li>The MiniPolisz pass can be used for the duration of the partnership agreement. Ask your employer about the exact date!<\/li><li>The pass replaces the family ticket, which entitles 2 children and 2 adults to enter. If the number of arriving guests exceeds this, an additional entry ticket corresponding to the current conditions must be exchanged (from the current ticket prices <a href=\"https:\/\/minipolisz.hu\/en\/jegyarak\/\">you can find information here)<\/a>.<\/li><li>The pass entitles you to a single entry and a 3-hour stay<\/li><li>In order to clearly identify the employee, the pass is valid upon presentation of the following documents together:<br \/>pass + company card with name and photo<br \/>or<br \/>pass + company card with name (if not with photo) + other photo ID<br \/>or<\/li><li>pass + sent by the employer<\/li><li>list + photo ID<br \/>or<\/li><li>pass + certificate issued by the employer + photo ID<\/li><li>Visitors using the pass a <a href=\"https:\/\/minipolisz.hu\/en\/hazirend\/\">MiniPolisz policy<\/a> is accepted as valid.<\/li><li>Before visiting, check our current <a href=\"https:\/\/minipolisz.hu\/en\/nyitvatartas\/\">opening hours<\/a> !<\/li><li>The pass cannot be used at private events.<\/li><li>Please visit our website for all other information before the visit!<\/li><\/ul><p><strong>Looking forward to seeing you:<\/strong><br \/><strong>the MiniPolisz team<\/strong><\/p><p><strong>Contact and information:<\/strong> <a href=\"mailto:marketing@minipolisz.hu\">marketing@minipolisz.hu<\/a><\/p>\t\t\t\t\t\t\t\t<\/div>\n\t\t\t\t<\/div>\n\t\t\t\t\t<\/div>\n\t\t<\/div>\n\t\t\t\t\t<\/div>\n\t\t<\/section>\n\t\t\t\t<\/div>","protected":false},"excerpt":{"rendered":"<p>MiniPolisz \u00e9ves b\u00e9rlet A MiniPolisz \u00e9ves b\u00e9rlet nem csak a partnerc\u00e9geink csal\u00e1dosainak kedvelt juttat\u00e1si form\u00e1ja. Amennyiben d\u00f6nt\u00e9shoz\u00f3, vegye fel vel\u00fcnk a kapcsolatot, hogy r\u00e9szletesen t\u00e1j\u00e9koztathassuk a lehet\u0151s\u00e9gr\u0151l! Amennyiben csal\u00e1dos dolgoz\u00f3, \u00fagy aj\u00e1nlja munkaad\u00f3ja figyelm\u00e9be ezt a juttat\u00e1si lehet\u0151s\u00e9get! \u00c9ves b\u00e9rlet ir\u00e1nt \u00e9rdekl\u0151d\u0151 mag\u00e1nszem\u00e9lyeknek is k\u00edn\u00e1lunk megold\u00e1st. Kapcsolatfelv\u00e9tel \u00e9s inform\u00e1ci\u00f3: marketing@minipolisz.hu https:\/\/minipolisz.hu\/wp-content\/uploads\/2023\/06\/MiniPolisz-eves-berlet-1080p-200831-3.mp4 HOGYAN HASZN\u00c1LHAT\u00d3 A MINIPOLISZ [&hellip;]<\/p>","protected":false},"author":123,"featured_media":0,"parent":0,"menu_order":0,"comment_status":"closed","ping_status":"closed","template":"","meta":{"footnotes":""},"class_list":["post-242","page","type-page","status-publish","hentry"],"yoast_head":"<!-- This site is optimized with the Yoast SEO Premium plugin v25.6 (Yoast SEO v25.9) - https:\/\/yoast.com\/wordpress\/plugins\/seo\/ -->\n<title>Minipolisz \u00e9ves b\u00e9rlet - minipolisz<\/title>\n<meta name=\"robots\" content=\"index, follow, max-snippet:-1, max-image-preview:large, max-video-preview:-1\" \/>\n<link rel=\"canonical\" href=\"https:\/\/minipolisz.hu\/en\/minipolisz-eves-berlet\/\" \/>\n<meta property=\"og:locale\" content=\"en_US\" \/>\n<meta property=\"og:type\" content=\"article\" \/>\n<meta property=\"og:title\" content=\"Minipolisz \u00e9ves b\u00e9rlet\" \/>\n<meta property=\"og:description\" content=\"MiniPolisz \u00e9ves b\u00e9rlet A MiniPolisz \u00e9ves b\u00e9rlet nem csak a partnerc\u00e9geink csal\u00e1dosainak kedvelt juttat\u00e1si form\u00e1ja. Amennyiben d\u00f6nt\u00e9shoz\u00f3, vegye fel vel\u00fcnk a kapcsolatot, hogy r\u00e9szletesen t\u00e1j\u00e9koztathassuk a lehet\u0151s\u00e9gr\u0151l! Amennyiben csal\u00e1dos dolgoz\u00f3, \u00fagy aj\u00e1nlja munkaad\u00f3ja figyelm\u00e9be ezt a juttat\u00e1si lehet\u0151s\u00e9get! \u00c9ves b\u00e9rlet ir\u00e1nt \u00e9rdekl\u0151d\u0151 mag\u00e1nszem\u00e9lyeknek is k\u00edn\u00e1lunk megold\u00e1st. Kapcsolatfelv\u00e9tel \u00e9s inform\u00e1ci\u00f3: marketing@minipolisz.hu https:\/\/minipolisz.hu\/wp-content\/uploads\/2023\/06\/MiniPolisz-eves-berlet-1080p-200831-3.mp4 HOGYAN HASZN\u00c1LHAT\u00d3 A MINIPOLISZ [&hellip;]\" \/>\n<meta property=\"og:url\" content=\"https:\/\/minipolisz.hu\/en\/minipolisz-eves-berlet\/\" \/>\n<meta property=\"og:site_name\" content=\"minipolisz\" \/>\n<meta property=\"article:publisher\" content=\"https:\/\/www.facebook.com\/MiniPolisz\" \/>\n<meta property=\"article:modified_time\" content=\"2024-10-07T14:50:46+00:00\" \/>\n<meta property=\"og:image\" content=\"https:\/\/minipolisz.hu\/wp-content\/uploads\/2023\/06\/minipolisz-evesberlet-4.png\" \/>\n<meta name=\"twitter:card\" content=\"summary_large_image\" \/>\n<meta name=\"twitter:label1\" content=\"Est. reading time\" \/>\n\t<meta name=\"twitter:data1\" content=\"2 minutes\" \/>\n<script type=\"application\/ld+json\" class=\"yoast-schema-graph\">{\"@context\":\"https:\/\/schema.org\",\"@graph\":[{\"@type\":\"WebPage\",\"@id\":\"https:\/\/minipolisz.hu\/minipolisz-eves-berlet\/\",\"url\":\"https:\/\/minipolisz.hu\/minipolisz-eves-berlet\/\",\"name\":\"Minipolisz \u00e9ves b\u00e9rlet - minipolisz\",\"isPartOf\":{\"@id\":\"https:\/\/minipolisz.hu\/#website\"},\"primaryImageOfPage\":{\"@id\":\"https:\/\/minipolisz.hu\/minipolisz-eves-berlet\/#primaryimage\"},\"image\":{\"@id\":\"https:\/\/minipolisz.hu\/minipolisz-eves-berlet\/#primaryimage\"},\"thumbnailUrl\":\"https:\/\/minipolisz.hu\/wp-content\/uploads\/2023\/06\/minipolisz-evesberlet-4.png\",\"datePublished\":\"2023-06-03T12:25:03+00:00\",\"dateModified\":\"2024-10-07T14:50:46+00:00\",\"breadcrumb\":{\"@id\":\"https:\/\/minipolisz.hu\/minipolisz-eves-berlet\/#breadcrumb\"},\"inLanguage\":\"en-US\",\"potentialAction\":[{\"@type\":\"ReadAction\",\"target\":[\"https:\/\/minipolisz.hu\/minipolisz-eves-berlet\/\"]}]},{\"@type\":\"ImageObject\",\"inLanguage\":\"en-US\",\"@id\":\"https:\/\/minipolisz.hu\/minipolisz-eves-berlet\/#primaryimage\",\"url\":\"https:\/\/minipolisz.hu\/wp-content\/uploads\/2023\/06\/minipolisz-evesberlet-4.png\",\"contentUrl\":\"https:\/\/minipolisz.hu\/wp-content\/uploads\/2023\/06\/minipolisz-evesberlet-4.png\"},{\"@type\":\"BreadcrumbList\",\"@id\":\"https:\/\/minipolisz.hu\/minipolisz-eves-berlet\/#breadcrumb\",\"itemListElement\":[{\"@type\":\"ListItem\",\"position\":1,\"name\":\"Kezd\u0151lap\",\"item\":\"https:\/\/minipolisz.hu\/\"},{\"@type\":\"ListItem\",\"position\":2,\"name\":\"Minipolisz \u00e9ves b\u00e9rlet\"}]},{\"@type\":\"WebSite\",\"@id\":\"https:\/\/minipolisz.hu\/#website\",\"url\":\"https:\/\/minipolisz.hu\/\",\"name\":\"minipolisz\",\"description\":\"A hely, ahol Te is feln\u0151tt lehetsz\",\"publisher\":{\"@id\":\"https:\/\/minipolisz.hu\/#organization\"},\"potentialAction\":[{\"@type\":\"SearchAction\",\"target\":{\"@type\":\"EntryPoint\",\"urlTemplate\":\"https:\/\/minipolisz.hu\/?s={search_term_string}\"},\"query-input\":{\"@type\":\"PropertyValueSpecification\",\"valueRequired\":true,\"valueName\":\"search_term_string\"}}],\"inLanguage\":\"en-US\"},{\"@type\":\"Organization\",\"@id\":\"https:\/\/minipolisz.hu\/#organization\",\"name\":\"minipolisz\",\"url\":\"https:\/\/minipolisz.hu\/\",\"logo\":{\"@type\":\"ImageObject\",\"inLanguage\":\"en-US\",\"@id\":\"https:\/\/minipolisz.hu\/#\/schema\/logo\/image\/\",\"url\":\"https:\/\/minipolisz.hu\/wp-content\/uploads\/2023\/06\/logo_minipolisz-3.png\",\"contentUrl\":\"https:\/\/minipolisz.hu\/wp-content\/uploads\/2023\/06\/logo_minipolisz-3.png\",\"width\":324,\"height\":90,\"caption\":\"minipolisz\"},\"image\":{\"@id\":\"https:\/\/minipolisz.hu\/#\/schema\/logo\/image\/\"},\"sameAs\":[\"https:\/\/www.facebook.com\/MiniPolisz\"]}]}<\/script>\n<!-- \/ Yoast SEO Premium plugin. -->","yoast_head_json":{"title":"Minipolisz \u00e9ves b\u00e9rlet - minipolisz","robots":{"index":"index","follow":"follow","max-snippet":"max-snippet:-1","max-image-preview":"max-image-preview:large","max-video-preview":"max-video-preview:-1"},"canonical":"https:\/\/minipolisz.hu\/en\/minipolisz-eves-berlet\/","og_locale":"en_US","og_type":"article","og_title":"Minipolisz \u00e9ves b\u00e9rlet","og_description":"MiniPolisz \u00e9ves b\u00e9rlet A MiniPolisz \u00e9ves b\u00e9rlet nem csak a partnerc\u00e9geink csal\u00e1dosainak kedvelt juttat\u00e1si form\u00e1ja. Amennyiben d\u00f6nt\u00e9shoz\u00f3, vegye fel vel\u00fcnk a kapcsolatot, hogy r\u00e9szletesen t\u00e1j\u00e9koztathassuk a lehet\u0151s\u00e9gr\u0151l! Amennyiben csal\u00e1dos dolgoz\u00f3, \u00fagy aj\u00e1nlja munkaad\u00f3ja figyelm\u00e9be ezt a juttat\u00e1si lehet\u0151s\u00e9get! \u00c9ves b\u00e9rlet ir\u00e1nt \u00e9rdekl\u0151d\u0151 mag\u00e1nszem\u00e9lyeknek is k\u00edn\u00e1lunk megold\u00e1st. Kapcsolatfelv\u00e9tel \u00e9s inform\u00e1ci\u00f3: marketing@minipolisz.hu https:\/\/minipolisz.hu\/wp-content\/uploads\/2023\/06\/MiniPolisz-eves-berlet-1080p-200831-3.mp4 HOGYAN HASZN\u00c1LHAT\u00d3 A MINIPOLISZ [&hellip;]","og_url":"https:\/\/minipolisz.hu\/en\/minipolisz-eves-berlet\/","og_site_name":"minipolisz","article_publisher":"https:\/\/www.facebook.com\/MiniPolisz","article_modified_time":"2024-10-07T14:50:46+00:00","og_image":[{"url":"https:\/\/minipolisz.hu\/wp-content\/uploads\/2023\/06\/minipolisz-evesberlet-4.png","type":"","width":"","height":""}],"twitter_card":"summary_large_image","twitter_misc":{"Est. reading time":"2 minutes"},"schema":{"@context":"https:\/\/schema.org","@graph":[{"@type":"WebPage","@id":"https:\/\/minipolisz.hu\/minipolisz-eves-berlet\/","url":"https:\/\/minipolisz.hu\/minipolisz-eves-berlet\/","name":"Minipolisz \u00e9ves b\u00e9rlet - minipolisz","isPartOf":{"@id":"https:\/\/minipolisz.hu\/#website"},"primaryImageOfPage":{"@id":"https:\/\/minipolisz.hu\/minipolisz-eves-berlet\/#primaryimage"},"image":{"@id":"https:\/\/minipolisz.hu\/minipolisz-eves-berlet\/#primaryimage"},"thumbnailUrl":"https:\/\/minipolisz.hu\/wp-content\/uploads\/2023\/06\/minipolisz-evesberlet-4.png","datePublished":"2023-06-03T12:25:03+00:00","dateModified":"2024-10-07T14:50:46+00:00","breadcrumb":{"@id":"https:\/\/minipolisz.hu\/minipolisz-eves-berlet\/#breadcrumb"},"inLanguage":"en-US","potentialAction":[{"@type":"ReadAction","target":["https:\/\/minipolisz.hu\/minipolisz-eves-berlet\/"]}]},{"@type":"ImageObject","inLanguage":"en-US","@id":"https:\/\/minipolisz.hu\/minipolisz-eves-berlet\/#primaryimage","url":"https:\/\/minipolisz.hu\/wp-content\/uploads\/2023\/06\/minipolisz-evesberlet-4.png","contentUrl":"https:\/\/minipolisz.hu\/wp-content\/uploads\/2023\/06\/minipolisz-evesberlet-4.png"},{"@type":"BreadcrumbList","@id":"https:\/\/minipolisz.hu\/minipolisz-eves-berlet\/#breadcrumb","itemListElement":[{"@type":"ListItem","position":1,"name":"Kezd\u0151lap","item":"https:\/\/minipolisz.hu\/"},{"@type":"ListItem","position":2,"name":"Minipolisz \u00e9ves b\u00e9rlet"}]},{"@type":"WebSite","@id":"https:\/\/minipolisz.hu\/#website","url":"https:\/\/minipolisz.hu\/","name":"minipolisz","description":"The place where you can be a grown up","publisher":{"@id":"https:\/\/minipolisz.hu\/#organization"},"potentialAction":[{"@type":"SearchAction","target":{"@type":"EntryPoint","urlTemplate":"https:\/\/minipolisz.hu\/?s={search_term_string}"},"query-input":{"@type":"PropertyValueSpecification","valueRequired":true,"valueName":"search_term_string"}}],"inLanguage":"en-US"},{"@type":"Organization","@id":"https:\/\/minipolisz.hu\/#organization","name":"minipolisz","url":"https:\/\/minipolisz.hu\/","logo":{"@type":"ImageObject","inLanguage":"en-US","@id":"https:\/\/minipolisz.hu\/#\/schema\/logo\/image\/","url":"https:\/\/minipolisz.hu\/wp-content\/uploads\/2023\/06\/logo_minipolisz-3.png","contentUrl":"https:\/\/minipolisz.hu\/wp-content\/uploads\/2023\/06\/logo_minipolisz-3.png","width":324,"height":90,"caption":"minipolisz"},"image":{"@id":"https:\/\/minipolisz.hu\/#\/schema\/logo\/image\/"},"sameAs":["https:\/\/www.facebook.com\/MiniPolisz"]}]}},"_links":{"self":[{"href":"https:\/\/minipolisz.hu\/en\/wp-json\/wp\/v2\/pages\/242","targetHints":{"allow":["GET"]}}],"collection":[{"href":"https:\/\/minipolisz.hu\/en\/wp-json\/wp\/v2\/pages"}],"about":[{"href":"https:\/\/minipolisz.hu\/en\/wp-json\/wp\/v2\/types\/page"}],"author":[{"embeddable":true,"href":"https:\/\/minipolisz.hu\/en\/wp-json\/wp\/v2\/users\/123"}],"replies":[{"embeddable":true,"href":"https:\/\/minipolisz.hu\/en\/wp-json\/wp\/v2\/comments?post=242"}],"version-history":[{"count":0,"href":"https:\/\/minipolisz.hu\/en\/wp-json\/wp\/v2\/pages\/242\/revisions"}],"wp:attachment":[{"href":"https:\/\/minipolisz.hu\/en\/wp-json\/wp\/v2\/media?parent=242"}],"curies":[{"name":"wp","href":"https:\/\/api.w.org\/{rel}","templated":true}]}}